{"id":175,"date":"2022-09-05T14:30:30","date_gmt":"2022-09-05T13:30:30","guid":{"rendered":"http:\/\/winterfylleth.co.uk\/skutecne-seznamky-osobni\/"},"modified":"2022-09-05T14:30:30","modified_gmt":"2022-09-05T13:30:30","slug":"skutecne-seznamky-osobni","status":"publish","type":"page","link":"https:\/\/winterfylleth.co.uk\/cs\/","title":{"rendered":"Skute\u010dn\u00e9 Seznamky Osobn\u00ed"},"content":{"rendered":"<p>Bezplatn\u00e9 seznamovac\u00ed weby a aplikace jsou tu, aby z\u016fstaly. Staly se mnohem bezpe\u010dn\u011bj\u0161\u00edmi a snadn\u011bji pou\u017eiteln\u00fdmi ne\u017e tradi\u010dn\u00ed seznamovac\u00ed str\u00e1nky, jako jsou Match.com a OkCupid. A zat\u00edmco \u010dek\u00e1me na konec pandemie, mnoho lid\u00ed pokra\u010duje v datov\u00e1n\u00ed prost\u0159ednictv\u00edm online platforem.<\/p>\n<p>Zat\u00edmco COVID zpomalil fyzick\u00e9 setk\u00e1n\u00ed, online datov\u00e1n\u00ed a p\u00e1rov\u00e1n\u00ed pokra\u010duje plnou rychlost\u00ed. Je to proto, \u017ee bezplatn\u00e9 rand\u011bn\u00ed pom\u00e1h\u00e1 naj\u00edt milence, dlouhodob\u00e9 vztahy, p\u0159\u00e1telstv\u00ed, spojen\u00ed a dokonce i prchav\u00e9 flirty &#8211; to v\u0161e bez placen\u00ed desetn\u00edku.<\/p>\n<p>Pokud jste na sc\u00e9n\u011b bezplatn\u00e9ho seznamov\u00e1n\u00ed nov\u00ed a nev\u00edte, kde za\u010d\u00edt, tento pr\u016fvodce je pro v\u00e1s. Zde jsou 4 nejlep\u0161\u00ed bezplatn\u00e9 seznamovac\u00ed webov\u00e9 str\u00e1nky a aplikace pr\u00e1v\u011b te\u010f. Dozv\u00edte se, pro\u010d jsou popul\u00e1rn\u00ed, co je \u010din\u00ed jedine\u010dn\u00fdmi a jak z ka\u017ed\u00e9ho z nich vyt\u011b\u017eit maximum.<\/p>\n<h2>Seznam osob pro sex<\/h2>\n<p>Sestavili jsme seznam nejlep\u0161\u00edch seznamovac\u00edch aplikac\u00ed pro lidi, kte\u0159\u00ed hledaj\u00ed l\u00e1sku, romantiku, p\u0159\u00edle\u017eitostn\u00fd sex, spojen\u00ed, p\u0159\u00e1telstv\u00ed nebo jen n\u011bjakou z\u00e1bavu. Jedn\u00e1 se o nejobl\u00edben\u011bj\u0161\u00ed seznamovac\u00ed aplikace a budou se i nad\u00e1le vyv\u00edjet v p\u0159\u00ed\u0161t\u00edm desetilet\u00ed.<\/p>\n<p>Pokud chcete n\u011bkoho naj\u00edt, za\u010dn\u011bte se z\u00e1klady \u2013 a pou\u017eijte aplikaci, kter\u00e1 odpov\u00edd\u00e1 tomu, co hled\u00e1te. Existuje mnoho kategori\u00ed seznamovac\u00edch aplikac\u00ed, v\u010detn\u011b t\u011bch, kter\u00e9 jsou navr\u017eeny speci\u00e1ln\u011b pro queer singles, ty, kter\u00e9 se zam\u011b\u0159uj\u00ed na vztahy na d\u00e1lku, a dokonce i aplikace pro lidi, kte\u0159\u00ed se identifikuj\u00ed jako polyamori\u010dt\u00ed.<\/p>\n<h2>Jak funguje seznamov\u00e1n\u00ed na osobn\u00edch str\u00e1nk\u00e1ch?<\/h2>\n<p>Existuje mnoho aplikac\u00ed, kter\u00e9 nab\u00edzej\u00ed mo\u017enost p\u0159\u00edle\u017eitostn\u011b randit nebo pos\u00edlat sexy texty, ani\u017e byste se museli starat o cokoli jin\u00e9ho. Existuj\u00ed dokonce i n\u011bkter\u00e9 aplikace, kter\u00e9 v\u00e1m umo\u017e\u0148uj\u00ed d\u011blat oboj\u00ed &#8211; pos\u00edlat zlobiv\u00e9 zpr\u00e1vy a z\u00e1rove\u0148 po\u0159izovat fotografie a videa sebe sama. Zde jsou na\u0161e obl\u00edben\u00e9 aplikace pro datov\u00e1n\u00ed a p\u0159ipojen\u00ed!<\/p>\n<p>Nejlep\u0161\u00ed aplikace nab\u00edzej\u00ed diskr\u00e9tnost, soukrom\u00ed a komunitu podobn\u011b sm\u00fd\u0161lej\u00edc\u00edch lid\u00ed. Snadno se pou\u017e\u00edvaj\u00ed a umo\u017e\u0148uj\u00ed v\u00e1m vyj\u00e1d\u0159it se beze strachu, \u017ee budete souzeni. Zjist\u00edte, co v\u00e1m nejl\u00e9pe vyhovuje.<\/p>\n<h3>OkCupid<\/h3>\n<p>OKCupid je jednou z t\u011bch aplikac\u00ed, kter\u00e9 usnad\u0148uj\u00ed nalezen\u00ed l\u00e1sky online. Pokud hled\u00e1te vztah, OKCupid je skv\u011bl\u00e9 m\u00edsto pro za\u010d\u00e1tek. Nemus\u00edte ani platit nic za pou\u017e\u00edv\u00e1n\u00ed webu; Existuj\u00ed v\u0161ak n\u011bkter\u00e9 pr\u00e9miov\u00e9 funkce, kter\u00e9 si m\u016f\u017eete zakoupit, abyste si v\u011bci usnadnili.<\/p>\n<p>Aplikace funguje podobn\u011b jako Tinder, kde p\u0159ejedete prstem doleva nebo doprava v z\u00e1vislosti na tom, zda chcete s n\u011bk\u00fdm j\u00edt ven nebo ne. Na rozd\u00edl od Tinderu v\u00e1m v\u0161ak OKCupid umo\u017e\u0148uje p\u0159izp\u016fsobit si profil a vyplnit spoustu ot\u00e1zek o sob\u011b. T\u00edmto zp\u016fsobem m\u016f\u017eete \u0159\u00edct sv\u011btu n\u011bco o sob\u011b, ani\u017e byste se museli starat o to, co si ostatn\u00ed lid\u00e9 mysl\u00ed.<\/p>\n<p>Po vypln\u011bn\u00ed profilu budete dost\u00e1vat zpr\u00e1vy od lid\u00ed, kte\u0159\u00ed maj\u00ed podobn\u00e9 z\u00e1jmy a odpov\u011bdi jako vy. Kdy\u017e se v\u00e1m l\u00edb\u00ed profil osoby, bude to v\u011bd\u011bt a naopak.<\/p>\n<p>M\u016f\u017eete tak\u00e9 pos\u00edlat virtu\u00e1ln\u00ed d\u00e1rky lidem, kte\u0159\u00ed se v\u00e1m l\u00edb\u00ed. Tyto dary stoj\u00ed pen\u00edze, ale d\u00e1vaj\u00ed v\u00e1m \u0161anci p\u0159edv\u00e9st svou osobnost. M\u016f\u017eete si koupit d\u00e1rkov\u00e9 karty pro Amazon, Starbucks, Sephora, iTunes atd. A ka\u017ed\u00e1 karta stoj\u00ed kdekoli od $ 5 &#8211; $ 25.<\/p>\n<p>Pokud se rozhodnete upgradovat na OKCupid Plus, z\u00edsk\u00e1te p\u0159\u00edstup k mnoha dal\u0161\u00edm funkc\u00edm. M\u016f\u017eete nap\u0159\u00edklad zobrazit profily v\u0161ech, kte\u0159\u00ed se v\u00e1m l\u00edbili, a kohokoli jin\u00e9ho, kdo v\u00e1s ozna\u010dil jako To se mi l\u00edb\u00ed. K dispozici je tak\u00e9 funkce nazvan\u00e1 &#8222;To se mi l\u00edb\u00ed&#8220;, kter\u00e1 v\u00e1m umo\u017en\u00ed zjistit, kolikr\u00e1t se v\u00e1m lid\u00e9 l\u00edbili. To v\u00e1m pom\u016f\u017ee zjistit, zda byste je m\u011bli znovu oslovit.<\/p>\n<p>Nakonec m\u016f\u017eete filtrovat sv\u00e9 shody na z\u00e1klad\u011b um\u00edst\u011bn\u00ed, v\u011bku, vzd\u00e1lenosti, n\u00e1bo\u017eenstv\u00ed, etnick\u00e9ho p\u016fvodu, sexu\u00e1ln\u00ed orientace, v\u00fd\u0161ky, hmotnosti, \u00farovn\u011b vzd\u011bl\u00e1n\u00ed, povol\u00e1n\u00ed, p\u0159\u00edjmu, kou\u0159en\u00ed, n\u00e1vyk\u016f na pit\u00ed, politick\u00fdch sklon\u016f, rodinn\u00e9ho stavu, po\u010dtu d\u011bt\u00ed a dal\u0161\u00edch.<\/p>\n<h3>Z\u00e1v\u011bs<\/h3>\n<p>Seznamovac\u00ed aplikace Hinge byla spu\u0161t\u011bna v roce 2013 a nab\u00edz\u00ed jednoduch\u00fd zp\u016fsob, jak se setkat s lidmi zalo\u017een\u00fdmi na spole\u010dn\u00fdch p\u0159\u00e1tel\u00edch. Dnes je Hinge jednou z nejv\u011bt\u0161\u00edch soci\u00e1ln\u00edch s\u00edt\u00ed pro hled\u00e1n\u00ed dat. Ve skute\u010dnosti se stala tak popul\u00e1rn\u00ed destinac\u00ed pro nezadan\u00e9, kte\u0159\u00ed hledaj\u00ed l\u00e1sku, \u017ee m\u00e1 nyn\u00ed vlastn\u00ed samostatnou aplikaci nazvanou Hinge.<\/p>\n<p>Na rozd\u00edl od mnoha jin\u00fdch seznamovac\u00edch aplikac\u00ed Hinge nevy\u017eaduje, aby u\u017eivatel\u00e9 vypl\u0148ovali dlouh\u00e9 dotazn\u00edky o sob\u011b &#8211; jen se pt\u00e1 na n\u011bkolik ot\u00e1zek o tom, jak jste se setkali se sv\u00fdm nejlep\u0161\u00edm p\u0159\u00edtelem a jak\u00e9 typy v\u011bc\u00ed m\u00e1te z\u00e1jem d\u011blat spole\u010dn\u011b. Abychom v\u00e1m pomohli z\u00fa\u017eit va\u0161e mo\u017enosti, web pou\u017e\u00edv\u00e1 algoritmy k navrhov\u00e1n\u00ed shod na z\u00e1klad\u011b va\u0161ich z\u00e1jm\u016f.<\/p>\n<p>Ale zat\u00edmco Hinge\u016fv algoritmus m\u016f\u017ee m\u00edt smysl pro ty, kte\u0159\u00ed se sna\u017e\u00ed naj\u00edt n\u011bkoho, s k\u00fdm by mohli j\u00edt na p\u011b\u0161\u00ed turistiku nebo n\u011bkoho, s k\u00fdm by mohli sledovat Hru o tr\u016fny, nefunguje to v\u017edy dob\u0159e pro v\u0161echny ostatn\u00ed. A proto\u017ee neexistuj\u00ed \u017e\u00e1dn\u00e9 filtry mimo pohlav\u00ed, v\u011bkov\u00e9 rozmez\u00ed, um\u00edst\u011bn\u00ed a zda byste rad\u011bji \u017eili sami nebo se spolubydl\u00edc\u00edmi, aplikace se m\u016f\u017ee c\u00edtit docela neosobn\u00ed.<\/p>\n<p>To je d\u016fvod, pro\u010d je nejnov\u011bj\u0161\u00ed funkce Hinge, nazvan\u00e1 Matching, tak skv\u011bl\u00e1. S Matchingem se m\u016f\u017eete zobrazit v sekci Hinge va\u0161eho m\u011bsta, kde uvid\u00edte seznam lid\u00ed v okol\u00ed, kte\u0159\u00ed tak\u00e9 hledaj\u00ed partnera. Kdy\u017e klepnete na profil kohokoli, uvid\u00edte jeho obr\u00e1zek spolu s jeho jm\u00e9nem, e-mailovou adresou, telefonn\u00edm \u010d\u00edslem a mal\u00fdm popisem toho, \u010d\u00edm se \u017eiv\u00ed.<\/p>\n<p>Pokud s n\u011bk\u00fdm chcete chatovat, m\u016f\u017eete mu poslat textovou zpr\u00e1vu nebo mu zavolat p\u0159\u00edmo. Pokud se rozhodnete za\u010d\u00edt chatovat, m\u016f\u017eete v konverzaci pokra\u010dovat prost\u0159ednictv\u00edm textov\u00e9ho nebo videochatu. Ale i bez zas\u00edl\u00e1n\u00ed zpr\u00e1v m\u016f\u017eete st\u00e1le vid\u011bt profily ostatn\u00edch a mluvit o \u010demkoli, co chcete.<\/p>\n<p>Hinge m\u016f\u017eete pou\u017e\u00edt zdarma, ale pokud chcete odemknout v\u0161echny funkce, v\u010detn\u011b neomezen\u00fdch lajk\u016f, budete muset zaplatit $ 19.99 za m\u011bs\u00edc nebo $ 119.88 ro\u010dn\u011b.<\/p>\n<h3>Zmaten\u00e9 chov\u00e1n\u00ed<\/h3>\n<p>Aplikace se naz\u00fdv\u00e1 Bumble a je navr\u017eena speci\u00e1ln\u011b pro lidi, kte\u0159\u00ed hledaj\u00ed l\u00e1sku. Ale to, co d\u011bl\u00e1 Bumble jedine\u010dn\u00fdm, je to, jak funguje. Sp\u00ed\u0161e ne\u017e aby mu\u017ei iniciovali kontakt se \u017eenami, \u017eeny tak mus\u00ed u\u010dinit. Pokud se \u017een\u011b n\u011bkdo l\u00edb\u00ed, po\u0161le &#8222;\u017e\u00e1dost o shodu&#8220;. Mu\u017ei obdr\u017e\u00ed \u017e\u00e1dosti a maj\u00ed 24 hodin na odpov\u011b\u010f. Pokud nedojde k \u017e\u00e1dn\u00e9 odezv\u011b, z\u00e1pas skon\u010d\u00ed.<\/p>\n<p>Zat\u00edm je to norm\u00e1ln\u00ed. Ale je tu jeden velk\u00fd rozd\u00edl: Kdy\u017e \u017eena odpov\u00ed na \u017e\u00e1dost o z\u00e1pas, m\u016f\u017ee si vybrat, zda bude pokra\u010dovat v rozhovoru s osobou. \u017d\u00e1dost o shodu m\u016f\u017ee bu\u010f p\u0159ijmout, nebo odm\u00edtnout. Pokud p\u0159ijme, konverzace pokra\u010duje. Pokud odm\u00edtne, konverzace skon\u010d\u00ed.<\/p>\n<p>T\u00edmto zp\u016fsobem jsou \u017eeny v\u017edy zodpov\u011bdn\u00e9 za zah\u00e1jen\u00ed konverzace. Maj\u00ed naprostou kontrolu nad tempem vztahu. To d\u00e1v\u00e1 \u017een\u00e1m velkou moc, ale tak\u00e9 to znamen\u00e1, \u017ee mu\u017ei se nedostanou k \u017een\u00e1m, pokud nejsou sp\u00e1rov\u00e1ni. Ve skute\u010dnosti, pokud se mu\u017e pokus\u00ed poslat zpr\u00e1vu \u017een\u011b, ani\u017e by byl po\u017e\u00e1d\u00e1n, bude okam\u017eit\u011b odm\u00edtnut.<\/p>\n<p>Pokud chce \u017eena mluvit s chlapem, mus\u00ed mu jednodu\u0161e poslat \u017e\u00e1dost o z\u00e1pas. Obdr\u017e\u00ed \u017e\u00e1dost a m\u016f\u017ee se rozhodnout, zda odpov\u00ed nebo ne. Pokud p\u0159ijme, rozhovor za\u010dne. Pokud odm\u00edtne, konverzace skon\u010d\u00ed. Neexistuj\u00ed \u017e\u00e1dn\u00e1 pravidla o tom, jak dlouho by m\u011bla konverzace trvat, a \u017eeny mohou konverzaci kdykoli ukon\u010dit.<\/p>\n<p>Samoz\u0159ejm\u011b, \u017ee to nen\u00ed jen \u017eensk\u00e1 v\u011bc. Ka\u017ed\u00fd m\u016f\u017ee pou\u017e\u00edt Bumble. M\u016f\u017eete si zaregistrovat bezplatn\u00fd \u00fa\u010det a zas\u00edl\u00e1n\u00ed zpr\u00e1v je zcela odem\u010deno. Pr\u00e9miov\u00e9 \u00fa\u010dty v\u0161ak nab\u00edzej\u00ed dal\u0161\u00ed v\u00fdhody, v\u010detn\u011b neomezen\u00fdch zpr\u00e1v a p\u0159\u00edstupu k exkluzivn\u00edm funkc\u00edm.<\/p>\n<p>Krom\u011b z\u00e1kladn\u00edch funkc\u00ed nab\u00edz\u00ed Bumble n\u011bkolik r\u016fzn\u00fdch \u00farovn\u00ed \u010dlenstv\u00ed. Pat\u0159\u00ed mezi n\u011b t\u0159i placen\u00e9 pl\u00e1ny v rozmez\u00ed od 4 $ m\u011bs\u00ed\u010dn\u011b do 10 $ za m\u011bs\u00edc. Ka\u017ed\u00fd pl\u00e1n odemkne ur\u010dit\u00e9 funkce v z\u00e1vislosti na tom, jakou \u00farove\u0148 vyberete. Jak byste o\u010dek\u00e1vali, dra\u017e\u0161\u00ed mo\u017enosti odemknou v\u00edce funkc\u00ed.<\/p>\n<p>Nap\u0159\u00edklad mo\u017enost $ 5 \/ m\u011bs\u00edc zahrnuje neomezen\u00e9 zpr\u00e1vy, zat\u00edmco pl\u00e1n $ 8 \/ m\u011bs\u00edc odemkne neomezen\u00e9 lajky a koment\u00e1\u0159e. Ob\u011b verze aplikace umo\u017e\u0148uj\u00ed u\u017eivatel\u016fm proch\u00e1zet profily anonymn\u011b, ale verze $ 10 \/ m\u011bs\u00edc umo\u017e\u0148uje lidem zobrazit si navz\u00e1jem \u00fapln\u00e9 informace o profilu.<\/p>\n<p>V\u00edce o rozd\u00edlech mezi r\u016fzn\u00fdmi \u00farovn\u011bmi \u010dlenstv\u00ed si m\u016f\u017eete p\u0159e\u010d\u00edst zde.<\/p>\n","protected":false},"excerpt":{"rendered":"<p>Bezplatn\u00e9 seznamovac\u00ed weby a aplikace jsou tu, aby z\u016fstaly. Staly se mnohem bezpe\u010dn\u011bj\u0161\u00edmi a snadn\u011bji pou\u017eiteln\u00fdmi ne\u017e tradi\u010dn\u00ed seznamovac\u00ed str\u00e1nky, jako jsou Match.com a OkCupid. A zat\u00edmco \u010dek\u00e1me na konec pandemie, mnoho lid\u00ed pokra\u010duje v datov\u00e1n\u00ed prost\u0159ednictv\u00edm online platforem. Zat\u00edmco&hellip; <a href=\"https:\/\/winterfylleth.co.uk\/cs\/\" class=\"more-link\">Continue Reading <span class=\"meta-nav\">&rarr;<\/span><\/a><\/p>\n","protected":false},"author":1,"featured_media":58,"parent":0,"menu_order":0,"comment_status":"closed","ping_status":"closed","template":"","meta":[],"yoast_head":"<!-- This site is optimized with the Yoast SEO plugin v17.7.1 - https:\/\/yoast.com\/wordpress\/plugins\/seo\/ -->\n<title>Skute\u010dn\u00e9 Seznamky Osobn\u00ed - Online Personals<\/title>\n<meta name=\"robots\" content=\"index, follow, max-snippet:-1, max-image-preview:large, max-video-preview:-1\" \/>\n<link rel=\"canonical\" href=\"https:\/\/winterfylleth.co.uk\/cs\/\" \/>\n<meta property=\"og:locale\" content=\"cs_CZ\" \/>\n<meta property=\"og:type\" content=\"article\" \/>\n<meta property=\"og:title\" content=\"Skute\u010dn\u00e9 Seznamky Osobn\u00ed - Online Personals\" \/>\n<meta property=\"og:description\" content=\"Bezplatn\u00e9 seznamovac\u00ed weby a aplikace jsou tu, aby z\u016fstaly. Staly se mnohem bezpe\u010dn\u011bj\u0161\u00edmi a snadn\u011bji pou\u017eiteln\u00fdmi ne\u017e tradi\u010dn\u00ed seznamovac\u00ed str\u00e1nky, jako jsou Match.com a OkCupid. A zat\u00edmco \u010dek\u00e1me na konec pandemie, mnoho lid\u00ed pokra\u010duje v datov\u00e1n\u00ed prost\u0159ednictv\u00edm online platforem. Zat\u00edmco&hellip; Continue Reading &rarr;\" \/>\n<meta property=\"og:url\" content=\"https:\/\/winterfylleth.co.uk\/cs\/\" \/>\n<meta property=\"og:site_name\" content=\"Online Personals\" \/>\n<meta property=\"og:image\" content=\"https:\/\/winterfylleth.co.uk\/wp-content\/uploads\/2022\/09\/real-online-hookup-platforms-dating.jpeg\" \/>\n\t<meta property=\"og:image:width\" content=\"1123\" \/>\n\t<meta property=\"og:image:height\" content=\"750\" \/>\n<meta name=\"twitter:card\" content=\"summary_large_image\" \/>\n<meta name=\"twitter:label1\" content=\"Odhadovan\u00e1 doba \u010dten\u00ed\" \/>\n\t<meta name=\"twitter:data1\" content=\"8 minut\" \/>\n<script type=\"application\/ld+json\" class=\"yoast-schema-graph\">{\"@context\":\"https:\/\/schema.org\",\"@graph\":[{\"@type\":\"WebSite\",\"@id\":\"https:\/\/winterfylleth.co.uk\/#website\",\"url\":\"https:\/\/winterfylleth.co.uk\/\",\"name\":\"Online Personals\",\"description\":\"Hookups With Singles\",\"potentialAction\":[{\"@type\":\"SearchAction\",\"target\":{\"@type\":\"EntryPoint\",\"urlTemplate\":\"https:\/\/winterfylleth.co.uk\/?s={search_term_string}\"},\"query-input\":\"required name=search_term_string\"}],\"inLanguage\":\"cs\"},{\"@type\":\"ImageObject\",\"@id\":\"https:\/\/winterfylleth.co.uk\/cs\/#primaryimage\",\"inLanguage\":\"cs\",\"url\":\"https:\/\/winterfylleth.co.uk\/wp-content\/uploads\/2022\/09\/real-online-hookup-platforms-dating.jpeg\",\"contentUrl\":\"https:\/\/winterfylleth.co.uk\/wp-content\/uploads\/2022\/09\/real-online-hookup-platforms-dating.jpeg\",\"width\":1123,\"height\":750},{\"@type\":\"WebPage\",\"@id\":\"https:\/\/winterfylleth.co.uk\/cs\/#webpage\",\"url\":\"https:\/\/winterfylleth.co.uk\/cs\/\",\"name\":\"Skute\\u010dn\\u00e9 Seznamky Osobn\\u00ed - Online Personals\",\"isPartOf\":{\"@id\":\"https:\/\/winterfylleth.co.uk\/#website\"},\"primaryImageOfPage\":{\"@id\":\"https:\/\/winterfylleth.co.uk\/cs\/#primaryimage\"},\"datePublished\":\"2022-09-05T13:30:30+00:00\",\"dateModified\":\"2022-09-05T13:30:30+00:00\",\"breadcrumb\":{\"@id\":\"https:\/\/winterfylleth.co.uk\/cs\/#breadcrumb\"},\"inLanguage\":\"cs\",\"potentialAction\":[{\"@type\":\"ReadAction\",\"target\":[\"https:\/\/winterfylleth.co.uk\/cs\/\"]}]},{\"@type\":\"BreadcrumbList\",\"@id\":\"https:\/\/winterfylleth.co.uk\/cs\/#breadcrumb\",\"itemListElement\":[{\"@type\":\"ListItem\",\"position\":1,\"name\":\"Home\",\"item\":\"https:\/\/winterfylleth.co.uk\/cs\/\"},{\"@type\":\"ListItem\",\"position\":2,\"name\":\"Skute\\u010dn\\u00e9 Seznamky Osobn\\u00ed\"}]}]}<\/script>\n<!-- \/ Yoast SEO plugin. -->","yoast_head_json":{"title":"Skute\u010dn\u00e9 Seznamky Osobn\u00ed - Online Personals","robots":{"index":"index","follow":"follow","max-snippet":"max-snippet:-1","max-image-preview":"max-image-preview:large","max-video-preview":"max-video-preview:-1"},"canonical":"https:\/\/winterfylleth.co.uk\/cs\/","og_locale":"cs_CZ","og_type":"article","og_title":"Skute\u010dn\u00e9 Seznamky Osobn\u00ed - Online Personals","og_description":"Bezplatn\u00e9 seznamovac\u00ed weby a aplikace jsou tu, aby z\u016fstaly. Staly se mnohem bezpe\u010dn\u011bj\u0161\u00edmi a snadn\u011bji pou\u017eiteln\u00fdmi ne\u017e tradi\u010dn\u00ed seznamovac\u00ed str\u00e1nky, jako jsou Match.com a OkCupid. A zat\u00edmco \u010dek\u00e1me na konec pandemie, mnoho lid\u00ed pokra\u010duje v datov\u00e1n\u00ed prost\u0159ednictv\u00edm online platforem. Zat\u00edmco&hellip; Continue Reading &rarr;","og_url":"https:\/\/winterfylleth.co.uk\/cs\/","og_site_name":"Online Personals","og_image":[{"width":1123,"height":750,"url":"https:\/\/winterfylleth.co.uk\/wp-content\/uploads\/2022\/09\/real-online-hookup-platforms-dating.jpeg","type":"image\/jpeg"}],"twitter_card":"summary_large_image","twitter_misc":{"Odhadovan\u00e1 doba \u010dten\u00ed":"8 minut"},"schema":{"@context":"https:\/\/schema.org","@graph":[{"@type":"WebSite","@id":"https:\/\/winterfylleth.co.uk\/#website","url":"https:\/\/winterfylleth.co.uk\/","name":"Online Personals","description":"Hookups With Singles","potentialAction":[{"@type":"SearchAction","target":{"@type":"EntryPoint","urlTemplate":"https:\/\/winterfylleth.co.uk\/?s={search_term_string}"},"query-input":"required name=search_term_string"}],"inLanguage":"cs"},{"@type":"ImageObject","@id":"https:\/\/winterfylleth.co.uk\/cs\/#primaryimage","inLanguage":"cs","url":"https:\/\/winterfylleth.co.uk\/wp-content\/uploads\/2022\/09\/real-online-hookup-platforms-dating.jpeg","contentUrl":"https:\/\/winterfylleth.co.uk\/wp-content\/uploads\/2022\/09\/real-online-hookup-platforms-dating.jpeg","width":1123,"height":750},{"@type":"WebPage","@id":"https:\/\/winterfylleth.co.uk\/cs\/#webpage","url":"https:\/\/winterfylleth.co.uk\/cs\/","name":"Skute\u010dn\u00e9 Seznamky Osobn\u00ed - Online Personals","isPartOf":{"@id":"https:\/\/winterfylleth.co.uk\/#website"},"primaryImageOfPage":{"@id":"https:\/\/winterfylleth.co.uk\/cs\/#primaryimage"},"datePublished":"2022-09-05T13:30:30+00:00","dateModified":"2022-09-05T13:30:30+00:00","breadcrumb":{"@id":"https:\/\/winterfylleth.co.uk\/cs\/#breadcrumb"},"inLanguage":"cs","potentialAction":[{"@type":"ReadAction","target":["https:\/\/winterfylleth.co.uk\/cs\/"]}]},{"@type":"BreadcrumbList","@id":"https:\/\/winterfylleth.co.uk\/cs\/#breadcrumb","itemListElement":[{"@type":"ListItem","position":1,"name":"Home","item":"https:\/\/winterfylleth.co.uk\/cs\/"},{"@type":"ListItem","position":2,"name":"Skute\u010dn\u00e9 Seznamky Osobn\u00ed"}]}]}},"_links":{"self":[{"href":"https:\/\/winterfylleth.co.uk\/cs\/wp-json\/wp\/v2\/pages\/175"}],"collection":[{"href":"https:\/\/winterfylleth.co.uk\/cs\/wp-json\/wp\/v2\/pages"}],"about":[{"href":"https:\/\/winterfylleth.co.uk\/cs\/wp-json\/wp\/v2\/types\/page"}],"author":[{"embeddable":true,"href":"https:\/\/winterfylleth.co.uk\/cs\/wp-json\/wp\/v2\/users\/1"}],"replies":[{"embeddable":true,"href":"https:\/\/winterfylleth.co.uk\/cs\/wp-json\/wp\/v2\/comments?post=175"}],"version-history":[{"count":0,"href":"https:\/\/winterfylleth.co.uk\/cs\/wp-json\/wp\/v2\/pages\/175\/revisions"}],"wp:featuredmedia":[{"embeddable":true,"href":"https:\/\/winterfylleth.co.uk\/cs\/wp-json\/wp\/v2\/media\/58"}],"wp:attachment":[{"href":"https:\/\/winterfylleth.co.uk\/cs\/wp-json\/wp\/v2\/media?parent=175"}],"curies":[{"name":"wp","href":"https:\/\/api.w.org\/{rel}","templated":true}]}}