{"id":176,"date":"2022-09-05T14:30:30","date_gmt":"2022-09-05T13:30:30","guid":{"rendered":"http:\/\/winterfylleth.co.uk\/rigtige-dating-kontaktannoncer\/"},"modified":"2022-09-05T14:30:30","modified_gmt":"2022-09-05T13:30:30","slug":"rigtige-dating-kontaktannoncer","status":"publish","type":"page","link":"https:\/\/winterfylleth.co.uk\/da\/","title":{"rendered":"Rigtige dating kontaktannoncer"},"content":{"rendered":"<p>Gratis datingsider og apps er kommet for at blive. De er blevet meget sikrere og nemmere at bruge end traditionelle datingsider som Match.com og OkCupid. Og mens vi venter p\u00e5, at pandemien slutter, forts\u00e6tter mange mennesker med at date via online platforme.<\/p>\n<p>Mens COVID bremsede fysisk m\u00f8de op, forts\u00e6tter online dating og matchning med fuld fart. Det skyldes, at gratis dating hj\u00e6lper med at finde elskere, langvarige forhold, venskaber, forbindelser og endda flygtige flings &#8211; alt sammen uden at betale en krone.<\/p>\n<p>Hvis du er ny p\u00e5 den gratis datingscene og ikke ved, hvor du skal begynde, er denne guide noget for dig. Her er de 4 bedste gratis datingwebsteder og apps lige nu. Du l\u00e6rer, hvorfor de er popul\u00e6re, hvad der g\u00f8r dem unikke, og hvordan du f\u00e5r mest muligt ud af hver enkelt.<\/p>\n<h2>Liste over kontaktannoncer til sex<\/h2>\n<p>Vi har samlet en liste over de bedste datingapps til folk, der s\u00f8ger k\u00e6rlighed, romantik, afslappet sex, tilslutninger, venskab eller bare noget sjovt. Disse er de mest popul\u00e6re dating apps derude nu, og de vil forts\u00e6tte med at udvikle sig i l\u00f8bet af det n\u00e6ste \u00e5rti.<\/p>\n<p>Hvis du vil finde en person til dato, skal du starte med det grundl\u00e6ggende \u2013 og bruge den app, der matcher det, du leder efter. Der er mange kategorier af datingapps, herunder dem, der er designet specielt til queer singler, dem, der fokuserer p\u00e5 langdistanceforhold og endda apps til folk, der identificerer sig som polyamor\u00f8se.<\/p>\n<h2>Hvordan fungerer dating p\u00e5 kontaktannoncer?<\/h2>\n<p>Der er mange apps derude, der giver mulighed for at date tilf\u00e6ldigt eller sende sexede tekster uden at skulle bekymre sig om noget andet. Der er endda nogle apps, der giver dig mulighed for at g\u00f8re begge dele &#8211; sende fr\u00e6kke beskeder, mens du ogs\u00e5 tager billeder og videoer af dig selv. Her er vores yndlingsapps til dating og tilslutning!<\/p>\n<p>De bedste apps tilbyder diskretion, privatliv og et f\u00e6llesskab af ligesindede. De er nemme at bruge og lader dig udtrykke dig uden frygt for at blive d\u00f8mt. Du finder ud af, hvad der fungerer bedst for dig.<\/p>\n<h3>OkCupid<\/h3>\n<p>OKCupid er en af de apps, der g\u00f8r det nemt at finde k\u00e6rligheden online. Hvis du leder efter et forhold, er OKCupid et godt sted at starte. Du beh\u00f8ver ikke engang betale noget for at bruge webstedet; der er dog nogle premium-funktioner, du kan k\u00f8be for at g\u00f8re tingene lettere.<\/p>\n<p>Appen fungerer meget som Tinder, hvor du swiper til venstre eller h\u00f8jre afh\u00e6ngigt af om du vil g\u00e5 ud med nogen eller ej. Men i mods\u00e6tning til Tinder giver OKCupid dig mulighed for at tilpasse din profil og udfylde mange sp\u00f8rgsm\u00e5l om dig selv. P\u00e5 denne m\u00e5de kan du fort\u00e6lle verden noget om dig selv uden at skulle bekymre dig om, hvad andre mennesker t\u00e6nker.<\/p>\n<p>N\u00e5r du har udfyldt din profil, modtager du beskeder fra personer, der har lignende interesser og svarer p\u00e5 dine. N\u00e5r du kan lide en persons profil, ved de det og omvendt.<\/p>\n<p>Du kan ogs\u00e5 sende virtuelle gaver til personer, du kan lide. Disse gaver koster penge, men de giver dig chancen for at vise din personlighed. Du kan k\u00f8be gavekort til Amazon, Starbucks, Sephora, iTunes osv., Og hvert kort koster alt fra $ 5 &#8211; $ 25.<\/p>\n<p>Hvis du beslutter dig for at opgradere til OKCupid Plus, f\u00e5r du adgang til masser af ekstra funktioner. For eksempel kan du se profiler af alle, du har \u00f8nsket, plus alle andre, der har kunnet lide dig. Der er ogs\u00e5 en funktion kaldet &#8220;Likes&#8221;, som giver dig mulighed for at se, hvor mange gange folk har \u00f8nsket dig. Dette hj\u00e6lper dig med at finde ud af, om du skal n\u00e5 ud til dem igen.<\/p>\n<p>Endelig kan du filtrere dine kampe baseret p\u00e5 placering, alder, afstand, religion, etnicitet, seksuel orientering, h\u00f8jde, v\u00e6gt, uddannelsesniveau, erhverv, indkomst, rygestatus, drikkevaner, politiske tilb\u00f8jeligheder, civilstand, antal b\u00f8rn og mere.<\/p>\n<h3>H\u00e6ngsel<\/h3>\n<p>Datingappen Hinge blev lanceret i 2013 og tilbyder en enkel m\u00e5de at m\u00f8de mennesker baseret p\u00e5 f\u00e6lles venner. I dag er Hinge et af de st\u00f8rste sociale netv\u00e6rk til at finde datoer. Faktisk er det blevet en s\u00e5 popul\u00e6r destination for singler, der leder efter k\u00e6rlighed, at den nu har sin egen selvst\u00e6ndige app, kaldet Hinge.<\/p>\n<p>I mods\u00e6tning til mange andre datingapps kr\u00e6ver Hinge ikke, at brugerne udfylder lange sp\u00f8rgeskemaer om sig selv &#8211; det stiller bare et par sp\u00f8rgsm\u00e5l om, hvordan du m\u00f8dte din bedste ven, og hvilke typer ting du er interesseret i at g\u00f8re sammen. For at hj\u00e6lpe dig med at indsn\u00e6vre dine muligheder bruger webstedet algoritmer til at foresl\u00e5 kampe baseret p\u00e5 dine interesser.<\/p>\n<p>Men selvom Hinges algoritme kan give mening for dem, der pr\u00f8ver at finde nogen at g\u00e5 p\u00e5 vandreture med eller nogen at se Game of Thrones med, fungerer den ikke altid godt for alle andre. Og fordi der ikke er nogen filtre ud over k\u00f8n, aldersgruppe, placering, og om du foretr\u00e6kker at bo alene eller sammen med v\u00e6relseskammerater, kan appen f\u00f8les ret upersonlig.<\/p>\n<p>Derfor er Hinges nyeste funktion, kaldet Matching, s\u00e5 fantastisk. Med Matching kan du v\u00e6lge at dukke op i din bys Hinge-sektion, hvor du kan se en liste over personer i n\u00e6rheden, der ogs\u00e5 s\u00f8ger efter en partner. N\u00e5r du trykker p\u00e5 nogens profil, vil du se et billede af dem sammen med deres navn, e-mail-adresse, telefonnummer og en lille beskrivelse af, hvad de g\u00f8r for at leve.<\/p>\n<p>Hvis du vil chatte med nogen, kan du sende dem en sms eller ringe direkte til dem. Hvis du beslutter dig for at begynde at chatte, kan du enten forts\u00e6tte samtalen via tekst eller videochat. Men selv uden beskeder kan I stadig se hinandens profiler og tale om alt, hvad I vil.<\/p>\n<p>Du kan bruge Hinge gratis, men hvis du vil l\u00e5se op for alle funktionerne, inklusive ubegr\u00e6nsede likes, skal du betale $ 19.99 om m\u00e5neden eller $ 119.88 \u00e5rligt.<\/p>\n<h3>Bumble<\/h3>\n<p>Appen hedder Bumble, og den er designet specielt til folk, der leder efter k\u00e6rlighed. Men det, der g\u00f8r Bumble unik, er, hvordan den fungerer. I stedet for at f\u00e5 m\u00e6nd til at indlede kontakt med kvinder, skal kvinder g\u00f8re det. Hvis en kvinde kan lide nogen, sender hun en &#8220;matchanmodning&#8221;. M\u00e6nd modtager anmodningerne og har 24 timer til at svare. Hvis der ikke sker noget svar, slutter kampen.<\/p>\n<p>S\u00e5 langt, s\u00e5 normalt. Men der er en stor forskel: N\u00e5r en kvinde reagerer p\u00e5 en matchanmodning, kan hun v\u00e6lge, om hun vil forts\u00e6tte med at tale med personen eller ej. Hun kan enten acceptere eller afvise matchanmodningen. Hvis hun accepterer, forts\u00e6tter samtalen. Hvis hun afviser, slutter samtalen.<\/p>\n<p>P\u00e5 denne m\u00e5de er kvinder altid ansvarlige for at indlede samtaler. De har fuld kontrol over tempoet i forholdet. Dette giver kvinder en masse magt, men det betyder ogs\u00e5, at m\u00e6nd ikke f\u00e5r besked til kvinder, medmindre de er blevet matchet. Faktisk, hvis en mand fors\u00f8ger at sende en besked til en kvinde uden at blive spurgt, bliver han afvist med det samme.<\/p>\n<p>Hvis en kvinde \u00f8nsker at tale med en fyr, skal hun blot sende ham en matchanmodning. Han modtager anmodningen og kan beslutte, om han vil svare eller ej. Hvis han accepterer, begynder samtalen. Hvis han afviser, slutter samtalen. Der er ingen regler for, hvor lang en samtale skal vare, og kvinder kan afslutte en samtale, n\u00e5r som helst de vil.<\/p>\n<p>Selvf\u00f8lgelig er dette ikke kun en kvinde-ting. Alle kan bruge Bumble. Du kan tilmelde dig en gratis konto, og beskeder er helt l\u00e5st op. Premium-konti tilbyder dog yderligere fordele, herunder ubegr\u00e6nsede meddelelser og adgang til eksklusive funktioner.<\/p>\n<p>Ud over de grundl\u00e6ggende funktioner tilbyder Bumble flere forskellige niveauer af medlemskab. Disse inkluderer tre betalte planer, der sp\u00e6nder fra $ 4 pr. M\u00e5ned til $ 10 pr. M\u00e5ned. Hver plan l\u00e5ser op for bestemte funktioner afh\u00e6ngigt af hvilket niveau du v\u00e6lger. Som du ville forvente, l\u00e5ser de dyrere muligheder op for mere funktionalitet.<\/p>\n<p>For eksempel inkluderer indstillingen $ 5 \/ m\u00e5ned ubegr\u00e6nsede beskeder, mens planen p\u00e5 $ 8 \/ m\u00e5ned l\u00e5ser op for ubegr\u00e6nsede likes og kommentarer. Begge versioner af appen giver brugerne mulighed for at gennemse profiler anonymt, men versionen p\u00e5 $ 10 \/ m\u00e5ned lader folk se hinandens fulde profiloplysninger.<\/p>\n<p>Du kan l\u00e6se mere om forskellene mellem de forskellige medlemsniveauer her.<\/p>\n","protected":false},"excerpt":{"rendered":"<p>Gratis datingsider og apps er kommet for at blive. De er blevet meget sikrere og nemmere at bruge end traditionelle datingsider som Match.com og OkCupid. Og mens vi venter p\u00e5, at pandemien slutter, forts\u00e6tter mange mennesker med at date via&hellip; <a href=\"https:\/\/winterfylleth.co.uk\/da\/\" class=\"more-link\">Continue Reading <span class=\"meta-nav\">&rarr;<\/span><\/a><\/p>\n","protected":false},"author":1,"featured_media":59,"parent":0,"menu_order":0,"comment_status":"closed","ping_status":"closed","template":"","meta":[],"yoast_head":"<!-- This site is optimized with the Yoast SEO plugin v17.7.1 - https:\/\/yoast.com\/wordpress\/plugins\/seo\/ -->\n<title>Rigtige dating kontaktannoncer - Online Personals<\/title>\n<meta name=\"robots\" content=\"index, follow, max-snippet:-1, max-image-preview:large, max-video-preview:-1\" \/>\n<link rel=\"canonical\" href=\"https:\/\/winterfylleth.co.uk\/da\/\" \/>\n<meta property=\"og:locale\" content=\"da_DK\" \/>\n<meta property=\"og:type\" content=\"article\" \/>\n<meta property=\"og:title\" content=\"Rigtige dating kontaktannoncer - Online Personals\" \/>\n<meta property=\"og:description\" content=\"Gratis datingsider og apps er kommet for at blive. De er blevet meget sikrere og nemmere at bruge end traditionelle datingsider som Match.com og OkCupid. Og mens vi venter p\u00e5, at pandemien slutter, forts\u00e6tter mange mennesker med at date via&hellip; Continue Reading &rarr;\" \/>\n<meta property=\"og:url\" content=\"https:\/\/winterfylleth.co.uk\/da\/\" \/>\n<meta property=\"og:site_name\" content=\"Online Personals\" \/>\n<meta property=\"og:image\" content=\"https:\/\/winterfylleth.co.uk\/wp-content\/uploads\/2022\/09\/real-online-hookup-platforms-dating.jpeg\" \/>\n\t<meta property=\"og:image:width\" content=\"1123\" \/>\n\t<meta property=\"og:image:height\" content=\"750\" \/>\n<meta name=\"twitter:card\" content=\"summary_large_image\" \/>\n<meta name=\"twitter:label1\" content=\"Estimeret l\u00e6setid\" \/>\n\t<meta name=\"twitter:data1\" content=\"7 minutter\" \/>\n<script type=\"application\/ld+json\" class=\"yoast-schema-graph\">{\"@context\":\"https:\/\/schema.org\",\"@graph\":[{\"@type\":\"WebSite\",\"@id\":\"https:\/\/winterfylleth.co.uk\/#website\",\"url\":\"https:\/\/winterfylleth.co.uk\/\",\"name\":\"Online Personals\",\"description\":\"Hookups With Singles\",\"potentialAction\":[{\"@type\":\"SearchAction\",\"target\":{\"@type\":\"EntryPoint\",\"urlTemplate\":\"https:\/\/winterfylleth.co.uk\/?s={search_term_string}\"},\"query-input\":\"required name=search_term_string\"}],\"inLanguage\":\"da-DK\"},{\"@type\":\"ImageObject\",\"@id\":\"https:\/\/winterfylleth.co.uk\/da\/#primaryimage\",\"inLanguage\":\"da-DK\",\"url\":\"https:\/\/winterfylleth.co.uk\/wp-content\/uploads\/2022\/09\/real-online-hookup-platforms-dating.jpeg\",\"contentUrl\":\"https:\/\/winterfylleth.co.uk\/wp-content\/uploads\/2022\/09\/real-online-hookup-platforms-dating.jpeg\",\"width\":1123,\"height\":750},{\"@type\":\"WebPage\",\"@id\":\"https:\/\/winterfylleth.co.uk\/da\/#webpage\",\"url\":\"https:\/\/winterfylleth.co.uk\/da\/\",\"name\":\"Rigtige dating kontaktannoncer - Online Personals\",\"isPartOf\":{\"@id\":\"https:\/\/winterfylleth.co.uk\/#website\"},\"primaryImageOfPage\":{\"@id\":\"https:\/\/winterfylleth.co.uk\/da\/#primaryimage\"},\"datePublished\":\"2022-09-05T13:30:30+00:00\",\"dateModified\":\"2022-09-05T13:30:30+00:00\",\"breadcrumb\":{\"@id\":\"https:\/\/winterfylleth.co.uk\/da\/#breadcrumb\"},\"inLanguage\":\"da-DK\",\"potentialAction\":[{\"@type\":\"ReadAction\",\"target\":[\"https:\/\/winterfylleth.co.uk\/da\/\"]}]},{\"@type\":\"BreadcrumbList\",\"@id\":\"https:\/\/winterfylleth.co.uk\/da\/#breadcrumb\",\"itemListElement\":[{\"@type\":\"ListItem\",\"position\":1,\"name\":\"Home\",\"item\":\"https:\/\/winterfylleth.co.uk\/da\/\"},{\"@type\":\"ListItem\",\"position\":2,\"name\":\"Rigtige dating kontaktannoncer\"}]}]}<\/script>\n<!-- \/ Yoast SEO plugin. -->","yoast_head_json":{"title":"Rigtige dating kontaktannoncer - Online Personals","robots":{"index":"index","follow":"follow","max-snippet":"max-snippet:-1","max-image-preview":"max-image-preview:large","max-video-preview":"max-video-preview:-1"},"canonical":"https:\/\/winterfylleth.co.uk\/da\/","og_locale":"da_DK","og_type":"article","og_title":"Rigtige dating kontaktannoncer - Online Personals","og_description":"Gratis datingsider og apps er kommet for at blive. De er blevet meget sikrere og nemmere at bruge end traditionelle datingsider som Match.com og OkCupid. Og mens vi venter p\u00e5, at pandemien slutter, forts\u00e6tter mange mennesker med at date via&hellip; Continue Reading &rarr;","og_url":"https:\/\/winterfylleth.co.uk\/da\/","og_site_name":"Online Personals","og_image":[{"width":1123,"height":750,"url":"https:\/\/winterfylleth.co.uk\/wp-content\/uploads\/2022\/09\/real-online-hookup-platforms-dating.jpeg","type":"image\/jpeg"}],"twitter_card":"summary_large_image","twitter_misc":{"Estimeret l\u00e6setid":"7 minutter"},"schema":{"@context":"https:\/\/schema.org","@graph":[{"@type":"WebSite","@id":"https:\/\/winterfylleth.co.uk\/#website","url":"https:\/\/winterfylleth.co.uk\/","name":"Online Personals","description":"Hookups With Singles","potentialAction":[{"@type":"SearchAction","target":{"@type":"EntryPoint","urlTemplate":"https:\/\/winterfylleth.co.uk\/?s={search_term_string}"},"query-input":"required name=search_term_string"}],"inLanguage":"da-DK"},{"@type":"ImageObject","@id":"https:\/\/winterfylleth.co.uk\/da\/#primaryimage","inLanguage":"da-DK","url":"https:\/\/winterfylleth.co.uk\/wp-content\/uploads\/2022\/09\/real-online-hookup-platforms-dating.jpeg","contentUrl":"https:\/\/winterfylleth.co.uk\/wp-content\/uploads\/2022\/09\/real-online-hookup-platforms-dating.jpeg","width":1123,"height":750},{"@type":"WebPage","@id":"https:\/\/winterfylleth.co.uk\/da\/#webpage","url":"https:\/\/winterfylleth.co.uk\/da\/","name":"Rigtige dating kontaktannoncer - Online Personals","isPartOf":{"@id":"https:\/\/winterfylleth.co.uk\/#website"},"primaryImageOfPage":{"@id":"https:\/\/winterfylleth.co.uk\/da\/#primaryimage"},"datePublished":"2022-09-05T13:30:30+00:00","dateModified":"2022-09-05T13:30:30+00:00","breadcrumb":{"@id":"https:\/\/winterfylleth.co.uk\/da\/#breadcrumb"},"inLanguage":"da-DK","potentialAction":[{"@type":"ReadAction","target":["https:\/\/winterfylleth.co.uk\/da\/"]}]},{"@type":"BreadcrumbList","@id":"https:\/\/winterfylleth.co.uk\/da\/#breadcrumb","itemListElement":[{"@type":"ListItem","position":1,"name":"Home","item":"https:\/\/winterfylleth.co.uk\/da\/"},{"@type":"ListItem","position":2,"name":"Rigtige dating kontaktannoncer"}]}]}},"_links":{"self":[{"href":"https:\/\/winterfylleth.co.uk\/da\/wp-json\/wp\/v2\/pages\/176"}],"collection":[{"href":"https:\/\/winterfylleth.co.uk\/da\/wp-json\/wp\/v2\/pages"}],"about":[{"href":"https:\/\/winterfylleth.co.uk\/da\/wp-json\/wp\/v2\/types\/page"}],"author":[{"embeddable":true,"href":"https:\/\/winterfylleth.co.uk\/da\/wp-json\/wp\/v2\/users\/1"}],"replies":[{"embeddable":true,"href":"https:\/\/winterfylleth.co.uk\/da\/wp-json\/wp\/v2\/comments?post=176"}],"version-history":[{"count":0,"href":"https:\/\/winterfylleth.co.uk\/da\/wp-json\/wp\/v2\/pages\/176\/revisions"}],"wp:featuredmedia":[{"embeddable":true,"href":"https:\/\/winterfylleth.co.uk\/da\/wp-json\/wp\/v2\/media\/59"}],"wp:attachment":[{"href":"https:\/\/winterfylleth.co.uk\/da\/wp-json\/wp\/v2\/media?parent=176"}],"curies":[{"name":"wp","href":"https:\/\/api.w.org\/{rel}","templated":true}]}}