{"id":113,"date":"2022-09-05T14:30:30","date_gmt":"2022-09-05T13:30:30","guid":{"rendered":"http:\/\/winterfylleth.co.uk\/echte-dating-kontaktanzeigen\/"},"modified":"2022-09-05T14:30:30","modified_gmt":"2022-09-05T13:30:30","slug":"echte-dating-kontaktanzeigen","status":"publish","type":"page","link":"https:\/\/winterfylleth.co.uk\/de\/","title":{"rendered":"Echte Dating-Kontaktanzeigen"},"content":{"rendered":"<p>Kostenlose Dating-Sites und Apps sind hier, um zu bleiben. Sie sind viel sicherer und einfacher zu bedienen geworden als traditionelle Dating-Sites wie Match.com und OkCupid. Und w\u00e4hrend wir auf das Ende der Pandemie warten, verabreden sich viele Menschen weiterhin \u00fcber Online-Plattformen.<\/p>\n<p>W\u00e4hrend COVID das physische Treffen verlangsamte, laufen Online-Dating und Matching auf Hochtouren. Das liegt daran, dass kostenloses Dating hilft, Liebhaber, langfristige Beziehungen, Freundschaften, Verbindungen und sogar fl\u00fcchtige Seitenspr\u00fcnge zu finden &#8211; alles ohne einen Cent zu bezahlen.<\/p>\n<p>Wenn Sie neu in der kostenlosen Dating-Szene sind und nicht wissen, wo Sie anfangen sollen, ist dieser Leitfaden genau das Richtige f\u00fcr Sie. Hier sind die 4 besten kostenlosen Dating-Websites und -Apps im Moment. Sie erfahren, warum sie beliebt sind, was sie einzigartig macht und wie Sie das Beste aus jedem einzelnen herausholen k\u00f6nnen.<\/p>\n<h2>Liste der Kontaktanzeigen f\u00fcr Sex<\/h2>\n<p>Wir haben eine Liste der besten Dating-Apps f\u00fcr Menschen zusammengestellt, die Liebe, Romantik, Gelegenheitssex, Hookups, Freundschaft oder einfach nur Spa\u00df suchen. Dies sind die beliebtesten Dating-Apps, die es derzeit gibt, und sie werden sich in den n\u00e4chsten zehn Jahren weiterentwickeln.<\/p>\n<p>Wenn Sie jemanden finden m\u00f6chten, mit dem Sie sich verabreden m\u00f6chten, beginnen Sie mit den Grundlagen und verwenden Sie die App, die zu dem passt, wonach Sie suchen. Es gibt viele Kategorien von Dating-Apps, darunter solche, die speziell f\u00fcr queere Singles entwickelt wurden, solche, die sich auf Fernbeziehungen konzentrieren, und sogar Apps f\u00fcr Menschen, die sich als polyamor\u00f6s identifizieren.<\/p>\n<h2>Wie funktioniert Dating auf Kontaktanzeigen-Websites?<\/h2>\n<p>Es gibt viele Apps, die die M\u00f6glichkeit bieten, sich zwanglos zu verabreden oder sexy Texte zu senden, ohne sich um etwas anderes k\u00fcmmern zu m\u00fcssen. Es gibt sogar einige Apps, mit denen Sie beides tun k\u00f6nnen &#8211; ungezogene Nachrichten senden und gleichzeitig Fotos und Videos von sich selbst machen. Hier sind unsere Lieblings-Apps f\u00fcr Dating &amp; Hooking!<\/p>\n<p>Die besten Apps bieten Diskretion, Privatsph\u00e4re und eine Gemeinschaft von Gleichgesinnten. Sie sind einfach zu bedienen und erm\u00f6glichen es Ihnen, sich auszudr\u00fccken, ohne bef\u00fcrchten zu m\u00fcssen, verurteilt zu werden. Sie werden herausfinden, was f\u00fcr Sie am besten funktioniert.<\/p>\n<h3>OkCupid<\/h3>\n<p>OKCupid ist eine dieser Apps, die es einfach macht, Liebe online zu finden. Wenn Sie nach einer Beziehung suchen, ist OKCupid ein gro\u00dfartiger Ausgangspunkt. Sie m\u00fcssen nicht einmal etwas bezahlen, um die Website zu nutzen. Es gibt jedoch einige Premium-Funktionen, die Sie erwerben k\u00f6nnen, um die Dinge einfacher zu machen.<\/p>\n<p>Die App funktioniert \u00e4hnlich wie Tinder, wo Sie nach links oder rechts wischen, je nachdem, ob Sie mit jemandem ausgehen m\u00f6chten oder nicht. Im Gegensatz zu Tinder k\u00f6nnen Sie mit OKCupid jedoch Ihr Profil anpassen und viele Fragen zu sich selbst ausf\u00fcllen. Auf diese Weise k\u00f6nnen Sie der Welt etwas \u00fcber sich selbst erz\u00e4hlen, ohne sich Gedanken dar\u00fcber machen zu m\u00fcssen, was andere Leute denken.<\/p>\n<p>Sobald Sie Ihr Profil ausgef\u00fcllt haben, erhalten Sie Nachrichten von Personen, die \u00e4hnliche Interessen und Antworten wie Sie haben. Wenn Sie das Profil einer Person m\u00f6gen, wird sie es wissen und umgekehrt.<\/p>\n<p>Sie k\u00f6nnen auch virtuelle Geschenke an Personen senden, die Sie m\u00f6gen. Diese Geschenke kosten Geld, aber sie geben Ihnen die M\u00f6glichkeit, Ihre Pers\u00f6nlichkeit zu zeigen. Sie k\u00f6nnen Geschenkkarten f\u00fcr Amazon, Starbucks, Sephora, iTunes usw. kaufen, und jede Karte kostet zwischen 5 und 25 US-Dollar.<\/p>\n<p>Wenn Sie sich f\u00fcr ein Upgrade auf OKCupid Plus entscheiden, erhalten Sie Zugriff auf unz\u00e4hlige zus\u00e4tzliche Funktionen. Sie k\u00f6nnen beispielsweise Profile von Personen anzeigen, die Ihnen gefallen haben, sowie von Personen, die Sie gemocht haben. Es gibt auch eine Funktion namens &#8222;Likes&#8220;, mit der Sie sehen k\u00f6nnen, wie oft die Leute Sie gemocht haben. Dies hilft Ihnen herauszufinden, ob Sie sich erneut an sie wenden sollten oder nicht.<\/p>\n<p>Schlie\u00dflich k\u00f6nnen Sie Ihre \u00dcbereinstimmungen nach Standort, Alter, Entfernung, Religion, ethnischer Zugeh\u00f6rigkeit, sexueller Orientierung, Gr\u00f6\u00dfe, Gewicht, Bildungsniveau, Beruf, Einkommen, Raucherstatus, Trinkgewohnheiten, politischen Neigungen, Familienstand, Anzahl der Kinder und mehr filtern.<\/p>\n<h3>Scharnier<\/h3>\n<p>Die Dating-App Hinge wurde 2013 ins Leben gerufen und bietet eine einfache M\u00f6glichkeit, Menschen zu treffen, die auf gemeinsamen Freunden basieren. Heute ist Hinge eines der gr\u00f6\u00dften sozialen Netzwerke, um Termine zu finden. In der Tat ist es zu einem so beliebten Ziel f\u00fcr Singles geworden, die nach Liebe suchen, dass es jetzt eine eigene eigenst\u00e4ndige App namens Hinge hat.<\/p>\n<p>Im Gegensatz zu vielen anderen Dating-Apps verlangt Hinge nicht, dass Benutzer lange Frageb\u00f6gen \u00fcber sich selbst ausf\u00fcllen &#8211; es stellt nur ein paar Fragen dar\u00fcber, wie Sie Ihren besten Freund getroffen haben und welche Art von Dingen Sie zusammen tun m\u00f6chten. Um Ihnen zu helfen, Ihre Optionen einzugrenzen, verwendet die Website Algorithmen, um \u00dcbereinstimmungen basierend auf Ihren Interessen vorzuschlagen.<\/p>\n<p>Aber w\u00e4hrend Hinges Algorithmus f\u00fcr diejenigen sinnvoll sein k\u00f6nnte, die versuchen, jemanden zu finden, mit dem sie wandern gehen k\u00f6nnen, oder jemanden, mit dem sie Game of Thrones sehen k\u00f6nnen, funktioniert er nicht immer gut f\u00fcr alle anderen. Und da es keine Filter \u00fcber Geschlecht, Altersgruppe, Standort und ob Sie lieber alleine oder mit Mitbewohnern leben m\u00f6chten, gibt, kann sich die App ziemlich unpers\u00f6nlich anf\u00fchlen.<\/p>\n<p>Deshalb ist das neueste Feature von Hinge, genannt Matching, so gro\u00dfartig. Mit Matching k\u00f6nnen Sie im Scharnierbereich Ihrer Stadt erscheinen, wo Sie eine Liste von Personen in der N\u00e4he sehen, die auch nach einem Partner suchen. Wenn Sie auf das Profil einer Person tippen, sehen Sie ein Bild von ihnen zusammen mit ihrem Namen, ihrer E-Mail-Adresse, ihrer Telefonnummer und einer kleinen Beschreibung dessen, was sie f\u00fcr ihren Lebensunterhalt tun.<\/p>\n<p>Wenn Sie mit jemandem chatten m\u00f6chten, k\u00f6nnen Sie ihm eine SMS senden oder ihn direkt anrufen. Wenn Sie sich entscheiden, mit dem Chatten zu beginnen, k\u00f6nnen Sie die Konversation entweder per Text- oder Video-Chat fortsetzen. Aber auch ohne Messaging k\u00f6nnen Sie immer noch die Profile des anderen sehen und \u00fcber alles sprechen, was Sie wollen.<\/p>\n<p>Sie k\u00f6nnen Hinge kostenlos verwenden, aber wenn Sie alle Funktionen, einschlie\u00dflich unbegrenzter Likes, freischalten m\u00f6chten, m\u00fcssen Sie $ 19.99 pro Monat oder $ 119.88 pro Jahr bezahlen.<\/p>\n<h3>Wichtigtuer<\/h3>\n<p>Die App hei\u00dft Bumble und wurde speziell f\u00fcr Menschen entwickelt, die nach Liebe suchen. Aber was Bumble einzigartig macht, ist, wie es funktioniert. Anstatt dass M\u00e4nner Kontakt mit Frauen aufnehmen, m\u00fcssen Frauen dies tun. Wenn eine Frau jemanden mag, sendet sie eine &#8222;Match-Anfrage&#8220;. M\u00e4nner erhalten die Anfragen und haben 24 Stunden Zeit, um zu antworten. Wenn keine Antwort erfolgt, endet das Spiel.<\/p>\n<p>So weit, so normal. Aber es gibt einen gro\u00dfen Unterschied: Wenn eine Frau auf eine Match-Anfrage antwortet, kann sie w\u00e4hlen, ob sie weiter mit der Person sprechen m\u00f6chte oder nicht. Sie kann die \u00dcbereinstimmungsanfrage entweder annehmen oder ablehnen. Wenn sie zustimmt, geht das Gespr\u00e4ch weiter. Wenn sie ablehnt, endet das Gespr\u00e4ch.<\/p>\n<p>Auf diese Weise sind Frauen immer daf\u00fcr verantwortlich, Gespr\u00e4che zu initiieren. Sie haben die vollst\u00e4ndige Kontrolle \u00fcber das Tempo der Beziehung. Dies gibt Frauen viel Macht, aber es bedeutet auch, dass M\u00e4nner Frauen keine Nachrichten senden k\u00f6nnen, es sei denn, sie wurden zusammengebracht. In der Tat, wenn ein Mann versucht, einer Frau zu schreiben, ohne gefragt zu werden, wird er sofort abgelehnt.<\/p>\n<p>Wenn eine Frau mit einem Mann sprechen m\u00f6chte, muss sie ihm nur eine Match-Anfrage senden. Er erh\u00e4lt die Anfrage und kann entscheiden, ob er antworten m\u00f6chte oder nicht. Wenn er zustimmt, beginnt das Gespr\u00e4ch. Wenn er ablehnt, endet das Gespr\u00e4ch. Es gibt keine Regeln dar\u00fcber, wie lange ein Gespr\u00e4ch dauern sollte, und Frauen k\u00f6nnen ein Gespr\u00e4ch jederzeit beenden.<\/p>\n<p>Nat\u00fcrlich ist dies nicht nur eine reine Frauensache. Jeder kann Bumble benutzen. Sie k\u00f6nnen sich f\u00fcr ein kostenloses Konto anmelden, und das Messaging ist vollst\u00e4ndig freigeschaltet. Premium-Konten bieten jedoch zus\u00e4tzliche Vorteile, darunter unbegrenzte Nachrichten und Zugriff auf exklusive Funktionen.<\/p>\n<p>Zus\u00e4tzlich zu den grundlegenden Funktionen bietet Bumble mehrere verschiedene Mitgliedschaftsstufen an. Dazu geh\u00f6ren drei bezahlte Pl\u00e4ne, die von $ 4 pro Monat bis $ 10 pro Monat reichen. Jeder Plan schaltet bestimmte Funktionen frei, je nachdem, welche Stufe Sie ausw\u00e4hlen. Wie zu erwarten, schalten die teureren Optionen mehr Funktionalit\u00e4t frei.<\/p>\n<p>Zum Beispiel beinhaltet die $ 5 \/ Monat-Option unbegrenzte Nachrichten, w\u00e4hrend der $ 8 \/ Monat-Plan unbegrenzte Likes und Kommentare freischaltet. Beide Versionen der App erm\u00f6glichen es Benutzern, Profile anonym zu durchsuchen, aber mit der $ 10 \/ Monat-Version k\u00f6nnen Benutzer die vollst\u00e4ndigen Profilinformationen der anderen anzeigen.<\/p>\n<p>Sie k\u00f6nnen hier mehr \u00fcber die Unterschiede zwischen den verschiedenen Mitgliedschaftsstufen lesen.<\/p>\n","protected":false},"excerpt":{"rendered":"<p>Kostenlose Dating-Sites und Apps sind hier, um zu bleiben. Sie sind viel sicherer und einfacher zu bedienen geworden als traditionelle Dating-Sites wie Match.com und OkCupid. Und w\u00e4hrend wir auf das Ende der Pandemie warten, verabreden sich viele Menschen weiterhin \u00fcber&hellip; <a href=\"https:\/\/winterfylleth.co.uk\/de\/\" class=\"more-link\">Continue Reading <span class=\"meta-nav\">&rarr;<\/span><\/a><\/p>\n","protected":false},"author":1,"featured_media":62,"parent":0,"menu_order":0,"comment_status":"closed","ping_status":"closed","template":"","meta":[],"yoast_head":"<!-- This site is optimized with the Yoast SEO plugin v17.7.1 - https:\/\/yoast.com\/wordpress\/plugins\/seo\/ -->\n<title>Echte Dating-Kontaktanzeigen - Online Personals<\/title>\n<meta name=\"robots\" content=\"index, follow, max-snippet:-1, max-image-preview:large, max-video-preview:-1\" \/>\n<link rel=\"canonical\" href=\"https:\/\/winterfylleth.co.uk\/de\/\" \/>\n<meta property=\"og:locale\" content=\"de_DE\" \/>\n<meta property=\"og:type\" content=\"article\" \/>\n<meta property=\"og:title\" content=\"Echte Dating-Kontaktanzeigen - Online Personals\" \/>\n<meta property=\"og:description\" content=\"Kostenlose Dating-Sites und Apps sind hier, um zu bleiben. Sie sind viel sicherer und einfacher zu bedienen geworden als traditionelle Dating-Sites wie Match.com und OkCupid. Und w\u00e4hrend wir auf das Ende der Pandemie warten, verabreden sich viele Menschen weiterhin \u00fcber&hellip; Continue Reading &rarr;\" \/>\n<meta property=\"og:url\" content=\"https:\/\/winterfylleth.co.uk\/de\/\" \/>\n<meta property=\"og:site_name\" content=\"Online Personals\" \/>\n<meta property=\"og:image\" content=\"https:\/\/winterfylleth.co.uk\/wp-content\/uploads\/2022\/09\/real-online-hookup-platforms-dating.jpeg\" \/>\n\t<meta property=\"og:image:width\" content=\"1123\" \/>\n\t<meta property=\"og:image:height\" content=\"750\" \/>\n<meta name=\"twitter:card\" content=\"summary_large_image\" \/>\n<meta name=\"twitter:label1\" content=\"Gesch\u00e4tzte Lesezeit\" \/>\n\t<meta name=\"twitter:data1\" content=\"7\u00a0Minuten\" \/>\n<script type=\"application\/ld+json\" class=\"yoast-schema-graph\">{\"@context\":\"https:\/\/schema.org\",\"@graph\":[{\"@type\":\"WebSite\",\"@id\":\"https:\/\/winterfylleth.co.uk\/#website\",\"url\":\"https:\/\/winterfylleth.co.uk\/\",\"name\":\"Online Personals\",\"description\":\"Hookups With Singles\",\"potentialAction\":[{\"@type\":\"SearchAction\",\"target\":{\"@type\":\"EntryPoint\",\"urlTemplate\":\"https:\/\/winterfylleth.co.uk\/?s={search_term_string}\"},\"query-input\":\"required name=search_term_string\"}],\"inLanguage\":\"de\"},{\"@type\":\"ImageObject\",\"@id\":\"https:\/\/winterfylleth.co.uk\/de\/#primaryimage\",\"inLanguage\":\"de\",\"url\":\"https:\/\/winterfylleth.co.uk\/wp-content\/uploads\/2022\/09\/real-online-hookup-platforms-dating.jpeg\",\"contentUrl\":\"https:\/\/winterfylleth.co.uk\/wp-content\/uploads\/2022\/09\/real-online-hookup-platforms-dating.jpeg\",\"width\":1123,\"height\":750},{\"@type\":\"WebPage\",\"@id\":\"https:\/\/winterfylleth.co.uk\/de\/#webpage\",\"url\":\"https:\/\/winterfylleth.co.uk\/de\/\",\"name\":\"Echte Dating-Kontaktanzeigen - Online Personals\",\"isPartOf\":{\"@id\":\"https:\/\/winterfylleth.co.uk\/#website\"},\"primaryImageOfPage\":{\"@id\":\"https:\/\/winterfylleth.co.uk\/de\/#primaryimage\"},\"datePublished\":\"2022-09-05T13:30:30+00:00\",\"dateModified\":\"2022-09-05T13:30:30+00:00\",\"breadcrumb\":{\"@id\":\"https:\/\/winterfylleth.co.uk\/de\/#breadcrumb\"},\"inLanguage\":\"de\",\"potentialAction\":[{\"@type\":\"ReadAction\",\"target\":[\"https:\/\/winterfylleth.co.uk\/de\/\"]}]},{\"@type\":\"BreadcrumbList\",\"@id\":\"https:\/\/winterfylleth.co.uk\/de\/#breadcrumb\",\"itemListElement\":[{\"@type\":\"ListItem\",\"position\":1,\"name\":\"Home\",\"item\":\"https:\/\/winterfylleth.co.uk\/de\/\"},{\"@type\":\"ListItem\",\"position\":2,\"name\":\"Echte Dating-Kontaktanzeigen\"}]}]}<\/script>\n<!-- \/ Yoast SEO plugin. -->","yoast_head_json":{"title":"Echte Dating-Kontaktanzeigen - Online Personals","robots":{"index":"index","follow":"follow","max-snippet":"max-snippet:-1","max-image-preview":"max-image-preview:large","max-video-preview":"max-video-preview:-1"},"canonical":"https:\/\/winterfylleth.co.uk\/de\/","og_locale":"de_DE","og_type":"article","og_title":"Echte Dating-Kontaktanzeigen - Online Personals","og_description":"Kostenlose Dating-Sites und Apps sind hier, um zu bleiben. Sie sind viel sicherer und einfacher zu bedienen geworden als traditionelle Dating-Sites wie Match.com und OkCupid. Und w\u00e4hrend wir auf das Ende der Pandemie warten, verabreden sich viele Menschen weiterhin \u00fcber&hellip; Continue Reading &rarr;","og_url":"https:\/\/winterfylleth.co.uk\/de\/","og_site_name":"Online Personals","og_image":[{"width":1123,"height":750,"url":"https:\/\/winterfylleth.co.uk\/wp-content\/uploads\/2022\/09\/real-online-hookup-platforms-dating.jpeg","type":"image\/jpeg"}],"twitter_card":"summary_large_image","twitter_misc":{"Gesch\u00e4tzte Lesezeit":"7\u00a0Minuten"},"schema":{"@context":"https:\/\/schema.org","@graph":[{"@type":"WebSite","@id":"https:\/\/winterfylleth.co.uk\/#website","url":"https:\/\/winterfylleth.co.uk\/","name":"Online Personals","description":"Hookups With Singles","potentialAction":[{"@type":"SearchAction","target":{"@type":"EntryPoint","urlTemplate":"https:\/\/winterfylleth.co.uk\/?s={search_term_string}"},"query-input":"required name=search_term_string"}],"inLanguage":"de"},{"@type":"ImageObject","@id":"https:\/\/winterfylleth.co.uk\/de\/#primaryimage","inLanguage":"de","url":"https:\/\/winterfylleth.co.uk\/wp-content\/uploads\/2022\/09\/real-online-hookup-platforms-dating.jpeg","contentUrl":"https:\/\/winterfylleth.co.uk\/wp-content\/uploads\/2022\/09\/real-online-hookup-platforms-dating.jpeg","width":1123,"height":750},{"@type":"WebPage","@id":"https:\/\/winterfylleth.co.uk\/de\/#webpage","url":"https:\/\/winterfylleth.co.uk\/de\/","name":"Echte Dating-Kontaktanzeigen - Online Personals","isPartOf":{"@id":"https:\/\/winterfylleth.co.uk\/#website"},"primaryImageOfPage":{"@id":"https:\/\/winterfylleth.co.uk\/de\/#primaryimage"},"datePublished":"2022-09-05T13:30:30+00:00","dateModified":"2022-09-05T13:30:30+00:00","breadcrumb":{"@id":"https:\/\/winterfylleth.co.uk\/de\/#breadcrumb"},"inLanguage":"de","potentialAction":[{"@type":"ReadAction","target":["https:\/\/winterfylleth.co.uk\/de\/"]}]},{"@type":"BreadcrumbList","@id":"https:\/\/winterfylleth.co.uk\/de\/#breadcrumb","itemListElement":[{"@type":"ListItem","position":1,"name":"Home","item":"https:\/\/winterfylleth.co.uk\/de\/"},{"@type":"ListItem","position":2,"name":"Echte Dating-Kontaktanzeigen"}]}]}},"_links":{"self":[{"href":"https:\/\/winterfylleth.co.uk\/de\/wp-json\/wp\/v2\/pages\/113"}],"collection":[{"href":"https:\/\/winterfylleth.co.uk\/de\/wp-json\/wp\/v2\/pages"}],"about":[{"href":"https:\/\/winterfylleth.co.uk\/de\/wp-json\/wp\/v2\/types\/page"}],"author":[{"embeddable":true,"href":"https:\/\/winterfylleth.co.uk\/de\/wp-json\/wp\/v2\/users\/1"}],"replies":[{"embeddable":true,"href":"https:\/\/winterfylleth.co.uk\/de\/wp-json\/wp\/v2\/comments?post=113"}],"version-history":[{"count":0,"href":"https:\/\/winterfylleth.co.uk\/de\/wp-json\/wp\/v2\/pages\/113\/revisions"}],"wp:featuredmedia":[{"embeddable":true,"href":"https:\/\/winterfylleth.co.uk\/de\/wp-json\/wp\/v2\/media\/62"}],"wp:attachment":[{"href":"https:\/\/winterfylleth.co.uk\/de\/wp-json\/wp\/v2\/media?parent=113"}],"curies":[{"name":"wp","href":"https:\/\/api.w.org\/{rel}","templated":true}]}}