{"id":105,"date":"2022-09-05T14:30:30","date_gmt":"2022-09-05T13:30:30","guid":{"rendered":"http:\/\/winterfylleth.co.uk\/personales-de-citas-reales\/"},"modified":"2022-09-05T14:30:30","modified_gmt":"2022-09-05T13:30:30","slug":"personales-de-citas-reales","status":"publish","type":"page","link":"https:\/\/winterfylleth.co.uk\/es\/","title":{"rendered":"Personales de citas reales"},"content":{"rendered":"<p>Los sitios y aplicaciones de citas gratuitos est\u00e1n aqu\u00ed para quedarse. Se han vuelto mucho m\u00e1s seguros y f\u00e1ciles de usar que los sitios de citas tradicionales como Match.com y OkCupid. Y mientras esperamos a que termine la pandemia, muchas personas contin\u00faan saliendo a trav\u00e9s de plataformas en l\u00ednea.<\/p>\n<p>Si bien COVID ralentiz\u00f3 las reuniones f\u00edsicas, las citas y coincidencias en l\u00ednea contin\u00faan a toda velocidad. Esto se debe a que las citas gratuitas ayudan a encontrar amantes, relaciones duraderas, amistades, conexiones e incluso aventuras fugaces, todo sin pagar un centavo.<\/p>\n<p>Si eres nuevo en la escena de las citas gratuitas y no sabes por d\u00f3nde empezar, esta gu\u00eda es para ti. Aqu\u00ed est\u00e1n los 4 mejores sitios web y aplicaciones de citas gratuitas en este momento. Aprender\u00e1 por qu\u00e9 son populares, qu\u00e9 los hace \u00fanicos y c\u00f3mo aprovechar al m\u00e1ximo cada uno.<\/p>\n<h2>Lista de personales para el sexo<\/h2>\n<p>Hemos compilado una lista de las mejores aplicaciones de citas para personas que buscan amor, romance, sexo casual, conexiones, amistad o simplemente algo de diversi\u00f3n. Estas son las aplicaciones de citas m\u00e1s populares que existen ahora, y continuar\u00e1n evolucionando durante la pr\u00f3xima d\u00e9cada.<\/p>\n<p>Si quieres encontrar a alguien con quien salir, comienza con lo b\u00e1sico y usa la aplicaci\u00f3n que coincida con lo que est\u00e1s buscando. Hay muchas categor\u00edas de aplicaciones de citas, incluidas las dise\u00f1adas espec\u00edficamente para solteros queer, las centradas en relaciones a larga distancia e incluso las aplicaciones para personas que se identifican como poliamorosas.<\/p>\n<h2>\u00bfC\u00f3mo funcionan las citas en los sitios personales?<\/h2>\n<p>Hay muchas aplicaciones que ofrecen la posibilidad de salir casualmente o enviar mensajes de texto sexys sin tener que preocuparse por nada m\u00e1s. Incluso hay algunas aplicaciones que le permiten hacer ambas cosas: enviar mensajes traviesos mientras toma fotos y videos de usted mismo. \u00a1Aqu\u00ed est\u00e1n nuestras aplicaciones favoritas para citas y conexiones!<\/p>\n<p>Las mejores aplicaciones ofrecen discreci\u00f3n, privacidad y una comunidad de personas de ideas afines. Son f\u00e1ciles de usar y te permiten expresarte sin temor a ser juzgado. Descubrir\u00e1s qu\u00e9 funciona mejor para ti.<\/p>\n<h3>OkCupid<\/h3>\n<p>OKCupid es una de esas aplicaciones que hace que sea f\u00e1cil encontrar el amor en l\u00ednea. Si est\u00e1s buscando una relaci\u00f3n, OKCupid es un gran lugar para comenzar. Ni siquiera tiene que pagar nada para usar el sitio; sin embargo, hay algunas caracter\u00edsticas premium que puede comprar para facilitar las cosas.<\/p>\n<p>La aplicaci\u00f3n funciona de manera muy similar a Tinder, donde deslizas el dedo hacia la izquierda o hacia la derecha dependiendo de si quieres salir con alguien o no. Sin embargo, a diferencia de Tinder, OKCupid le permite personalizar su perfil y completar muchas preguntas sobre usted. De esta manera, puedes decirle al mundo algo sobre ti mismo sin tener que preocuparte por lo que piensen los dem\u00e1s.<\/p>\n<p>Una vez que haya completado su perfil, recibir\u00e1 mensajes de personas que tienen intereses y respuestas similares a los suyos. Cuando te gusta el perfil de una persona, ellos lo sabr\u00e1n y viceversa.<\/p>\n<p>Tambi\u00e9n puedes enviar regalos virtuales a las personas que te gustan. Estos regalos cuestan dinero, pero te dan la oportunidad de mostrar tu personalidad. Puede comprar tarjetas de regalo para Amazon, Starbucks, Sephora, iTunes, etc., y cada tarjeta cuesta entre $ 5 y $ 25.<\/p>\n<p>Si decide actualizar a OKCupid Plus, obtendr\u00e1 acceso a toneladas de funciones adicionales. Por ejemplo, puede ver los perfiles de todas las personas que le han gustado, adem\u00e1s de cualquier otra persona a la que le haya gustado. Tambi\u00e9n hay una funci\u00f3n llamada \u00abMe gusta\u00bb, que te permite ver cu\u00e1ntas veces le has gustado a la gente. Esto le ayuda a determinar si debe o no comunicarse con ellos nuevamente.<\/p>\n<p>Finalmente, puede filtrar sus coincidencias seg\u00fan la ubicaci\u00f3n, la edad, la distancia, la religi\u00f3n, el origen \u00e9tnico, la orientaci\u00f3n sexual, la altura, el peso, el nivel de educaci\u00f3n, la ocupaci\u00f3n, los ingresos, el estado de tabaquismo, los h\u00e1bitos de consumo de alcohol, las inclinaciones pol\u00edticas, el estado civil, el n\u00famero de hijos y m\u00e1s.<\/p>\n<h3>Bisagra<\/h3>\n<p>La aplicaci\u00f3n de citas Hinge se lanz\u00f3 en 2013, ofreciendo una forma sencilla de conocer gente basada en amigos en com\u00fan. Hoy en d\u00eda, Hinge es una de las redes sociales m\u00e1s grandes para encontrar citas. De hecho, se ha convertido en un destino tan popular para los solteros que buscan amor que ahora tiene su propia aplicaci\u00f3n independiente, llamada Hinge.<\/p>\n<p>A diferencia de muchas otras aplicaciones de citas, Hinge no requiere que los usuarios completen largos cuestionarios sobre s\u00ed mismos, solo hace algunas preguntas sobre c\u00f3mo conociste a tu mejor amigo y qu\u00e9 tipo de cosas te interesa hacer juntos. Para ayudarlo a reducir sus opciones, el sitio utiliza algoritmos para sugerir coincidencias basadas en sus intereses.<\/p>\n<p>Pero si bien el algoritmo de Hinge puede tener sentido para aquellos que intentan encontrar a alguien con quien ir de excursi\u00f3n o alguien con quien ver Game of Thrones, no siempre funciona bien para todos los dem\u00e1s. Y debido a que no hay filtros m\u00e1s all\u00e1 del g\u00e9nero, el rango de edad, la ubicaci\u00f3n y si prefiere vivir solo o con compa\u00f1eros de cuarto, la aplicaci\u00f3n puede sentirse bastante impersonal.<\/p>\n<p>Es por eso que la caracter\u00edstica m\u00e1s nueva de Hinge, llamada Matching, es tan genial. Con Matching, puedes elegir aparecer en la secci\u00f3n Hinge de tu ciudad, donde ver\u00e1s una lista de personas cercanas que tambi\u00e9n est\u00e1n buscando pareja. Cuando toque el perfil de cualquier persona, ver\u00e1 una foto de ellos junto con su nombre, direcci\u00f3n de correo electr\u00f3nico, n\u00famero de tel\u00e9fono y una peque\u00f1a descripci\u00f3n de lo que hacen para ganarse la vida.<\/p>\n<p>Si desea chatear con alguien, puede enviarle un mensaje de texto o llamarlo directamente. Si decide comenzar a chatear, puede continuar la conversaci\u00f3n a trav\u00e9s de un chat de texto o video. Pero incluso sin mensajes, a\u00fan pueden ver los perfiles de los dem\u00e1s y hablar sobre lo que quieran.<\/p>\n<p>Puede usar Hinge de forma gratuita, pero si desea desbloquear todas las funciones, incluidos los me gusta ilimitados, deber\u00e1 pagar $ 19.99 por mes o $ 119.88 anualmente.<\/p>\n<h3>Bumble<\/h3>\n<p>La aplicaci\u00f3n se llama Bumble, y est\u00e1 dise\u00f1ada espec\u00edficamente para personas que buscan amor. Pero lo que hace que Bumble sea \u00fanico es c\u00f3mo funciona. En lugar de que los hombres inicien el contacto con las mujeres, las mujeres deben hacerlo. Si a una mujer le gusta alguien, env\u00eda una \u00absolicitud de coincidencia\u00bb. Los hombres reciben las solicitudes y tienen 24 horas para responder. Si no se produce respuesta, el partido termina.<\/p>\n<p>Hasta aqu\u00ed, todo normal. Pero hay una gran diferencia: cuando una mujer responde a una solicitud de coincidencia, puede elegir si continuar o no hablando con la persona. Ella puede aceptar o rechazar la solicitud de partido. Si ella acepta, la conversaci\u00f3n contin\u00faa. Si ella rechaza, la conversaci\u00f3n termina.<\/p>\n<p>De esta manera, las mujeres siempre son las encargadas de iniciar conversaciones. Tienen el control total sobre el ritmo de la relaci\u00f3n. Esto le da a las mujeres mucho poder, pero tambi\u00e9n significa que los hombres no pueden enviar mensajes a las mujeres a menos que hayan sido emparejadas. De hecho, si un hombre intenta enviar un mensaje a una mujer sin que se lo pidan, ser\u00e1 rechazado de inmediato.<\/p>\n<p>Si una mujer quiere hablar con un hombre, simplemente necesita enviarle una solicitud de coincidencia. \u00c9l recibe la solicitud y puede decidir si responde o no. Si acepta, comienza la conversaci\u00f3n. Si se niega, la conversaci\u00f3n termina. No hay reglas sobre cu\u00e1nto tiempo debe durar una conversaci\u00f3n, y las mujeres pueden terminar una conversaci\u00f3n en cualquier momento que lo deseen.<\/p>\n<p>Por supuesto, esto no es solo una cosa solo para mujeres. Cualquiera puede usar Bumble. Puede registrarse para obtener una cuenta gratuita y la mensajer\u00eda est\u00e1 completamente desbloqueada. Sin embargo, las cuentas premium ofrecen beneficios adicionales, incluidos mensajes ilimitados y acceso a funciones exclusivas.<\/p>\n<p>Adem\u00e1s de las caracter\u00edsticas b\u00e1sicas, Bumble ofrece varios niveles diferentes de membres\u00eda. Estos incluyen tres planes pagados, que van desde $ 4 por mes a $ 10 por mes. Cada plan desbloquea ciertas caracter\u00edsticas dependiendo del nivel que seleccione. Como era de esperar, las opciones m\u00e1s caras desbloquean m\u00e1s funcionalidad.<\/p>\n<p>Por ejemplo, la opci\u00f3n de $ 5 \/ mes incluye mensajes ilimitados, mientras que el plan de $ 8 \/ mes desbloquea me gusta y comentarios ilimitados. Ambas versiones de la aplicaci\u00f3n permiten a los usuarios navegar por los perfiles de forma an\u00f3nima, pero la versi\u00f3n de $ 10 \/ mes permite a las personas ver la informaci\u00f3n completa del perfil de los dem\u00e1s.<\/p>\n<p>Puede leer m\u00e1s sobre las diferencias entre los diferentes niveles de membres\u00eda aqu\u00ed.<\/p>\n","protected":false},"excerpt":{"rendered":"<p>Los sitios y aplicaciones de citas gratuitos est\u00e1n aqu\u00ed para quedarse. Se han vuelto mucho m\u00e1s seguros y f\u00e1ciles de usar que los sitios de citas tradicionales como Match.com y OkCupid. Y mientras esperamos a que termine la pandemia, muchas&hellip; <a href=\"https:\/\/winterfylleth.co.uk\/es\/\" class=\"more-link\">Continuar leyendo <span class=\"meta-nav\">&rarr;<\/span><\/a><\/p>\n","protected":false},"author":1,"featured_media":68,"parent":0,"menu_order":0,"comment_status":"closed","ping_status":"closed","template":"","meta":[],"yoast_head":"<!-- This site is optimized with the Yoast SEO plugin v17.7.1 - https:\/\/yoast.com\/wordpress\/plugins\/seo\/ -->\n<title>Personales de citas reales - Online Personals<\/title>\n<meta name=\"robots\" content=\"index, follow, max-snippet:-1, max-image-preview:large, max-video-preview:-1\" \/>\n<link rel=\"canonical\" href=\"https:\/\/winterfylleth.co.uk\/es\/\" \/>\n<meta property=\"og:locale\" content=\"es_ES\" \/>\n<meta property=\"og:type\" content=\"article\" \/>\n<meta property=\"og:title\" content=\"Personales de citas reales - Online Personals\" \/>\n<meta property=\"og:description\" content=\"Los sitios y aplicaciones de citas gratuitos est\u00e1n aqu\u00ed para quedarse. Se han vuelto mucho m\u00e1s seguros y f\u00e1ciles de usar que los sitios de citas tradicionales como Match.com y OkCupid. Y mientras esperamos a que termine la pandemia, muchas&hellip; Continuar leyendo &rarr;\" \/>\n<meta property=\"og:url\" content=\"https:\/\/winterfylleth.co.uk\/es\/\" \/>\n<meta property=\"og:site_name\" content=\"Online Personals\" \/>\n<meta property=\"og:image\" content=\"https:\/\/winterfylleth.co.uk\/wp-content\/uploads\/2022\/09\/real-online-hookup-platforms-dating.jpeg\" \/>\n\t<meta property=\"og:image:width\" content=\"1123\" \/>\n\t<meta property=\"og:image:height\" content=\"750\" \/>\n<meta name=\"twitter:card\" content=\"summary_large_image\" \/>\n<meta name=\"twitter:label1\" content=\"Tiempo de lectura\" \/>\n\t<meta name=\"twitter:data1\" content=\"8 minutos\" \/>\n<script type=\"application\/ld+json\" class=\"yoast-schema-graph\">{\"@context\":\"https:\/\/schema.org\",\"@graph\":[{\"@type\":\"WebSite\",\"@id\":\"https:\/\/winterfylleth.co.uk\/#website\",\"url\":\"https:\/\/winterfylleth.co.uk\/\",\"name\":\"Online Personals\",\"description\":\"Hookups With Singles\",\"potentialAction\":[{\"@type\":\"SearchAction\",\"target\":{\"@type\":\"EntryPoint\",\"urlTemplate\":\"https:\/\/winterfylleth.co.uk\/?s={search_term_string}\"},\"query-input\":\"required name=search_term_string\"}],\"inLanguage\":\"es\"},{\"@type\":\"ImageObject\",\"@id\":\"https:\/\/winterfylleth.co.uk\/es\/#primaryimage\",\"inLanguage\":\"es\",\"url\":\"https:\/\/winterfylleth.co.uk\/wp-content\/uploads\/2022\/09\/real-online-hookup-platforms-dating.jpeg\",\"contentUrl\":\"https:\/\/winterfylleth.co.uk\/wp-content\/uploads\/2022\/09\/real-online-hookup-platforms-dating.jpeg\",\"width\":1123,\"height\":750},{\"@type\":\"WebPage\",\"@id\":\"https:\/\/winterfylleth.co.uk\/es\/#webpage\",\"url\":\"https:\/\/winterfylleth.co.uk\/es\/\",\"name\":\"Personales de citas reales - Online Personals\",\"isPartOf\":{\"@id\":\"https:\/\/winterfylleth.co.uk\/#website\"},\"primaryImageOfPage\":{\"@id\":\"https:\/\/winterfylleth.co.uk\/es\/#primaryimage\"},\"datePublished\":\"2022-09-05T13:30:30+00:00\",\"dateModified\":\"2022-09-05T13:30:30+00:00\",\"breadcrumb\":{\"@id\":\"https:\/\/winterfylleth.co.uk\/es\/#breadcrumb\"},\"inLanguage\":\"es\",\"potentialAction\":[{\"@type\":\"ReadAction\",\"target\":[\"https:\/\/winterfylleth.co.uk\/es\/\"]}]},{\"@type\":\"BreadcrumbList\",\"@id\":\"https:\/\/winterfylleth.co.uk\/es\/#breadcrumb\",\"itemListElement\":[{\"@type\":\"ListItem\",\"position\":1,\"name\":\"Home\",\"item\":\"https:\/\/winterfylleth.co.uk\/es\/\"},{\"@type\":\"ListItem\",\"position\":2,\"name\":\"Personales de citas reales\"}]}]}<\/script>\n<!-- \/ Yoast SEO plugin. -->","yoast_head_json":{"title":"Personales de citas reales - Online Personals","robots":{"index":"index","follow":"follow","max-snippet":"max-snippet:-1","max-image-preview":"max-image-preview:large","max-video-preview":"max-video-preview:-1"},"canonical":"https:\/\/winterfylleth.co.uk\/es\/","og_locale":"es_ES","og_type":"article","og_title":"Personales de citas reales - Online Personals","og_description":"Los sitios y aplicaciones de citas gratuitos est\u00e1n aqu\u00ed para quedarse. Se han vuelto mucho m\u00e1s seguros y f\u00e1ciles de usar que los sitios de citas tradicionales como Match.com y OkCupid. Y mientras esperamos a que termine la pandemia, muchas&hellip; Continuar leyendo &rarr;","og_url":"https:\/\/winterfylleth.co.uk\/es\/","og_site_name":"Online Personals","og_image":[{"width":1123,"height":750,"url":"https:\/\/winterfylleth.co.uk\/wp-content\/uploads\/2022\/09\/real-online-hookup-platforms-dating.jpeg","type":"image\/jpeg"}],"twitter_card":"summary_large_image","twitter_misc":{"Tiempo de lectura":"8 minutos"},"schema":{"@context":"https:\/\/schema.org","@graph":[{"@type":"WebSite","@id":"https:\/\/winterfylleth.co.uk\/#website","url":"https:\/\/winterfylleth.co.uk\/","name":"Online Personals","description":"Hookups With Singles","potentialAction":[{"@type":"SearchAction","target":{"@type":"EntryPoint","urlTemplate":"https:\/\/winterfylleth.co.uk\/?s={search_term_string}"},"query-input":"required name=search_term_string"}],"inLanguage":"es"},{"@type":"ImageObject","@id":"https:\/\/winterfylleth.co.uk\/es\/#primaryimage","inLanguage":"es","url":"https:\/\/winterfylleth.co.uk\/wp-content\/uploads\/2022\/09\/real-online-hookup-platforms-dating.jpeg","contentUrl":"https:\/\/winterfylleth.co.uk\/wp-content\/uploads\/2022\/09\/real-online-hookup-platforms-dating.jpeg","width":1123,"height":750},{"@type":"WebPage","@id":"https:\/\/winterfylleth.co.uk\/es\/#webpage","url":"https:\/\/winterfylleth.co.uk\/es\/","name":"Personales de citas reales - Online Personals","isPartOf":{"@id":"https:\/\/winterfylleth.co.uk\/#website"},"primaryImageOfPage":{"@id":"https:\/\/winterfylleth.co.uk\/es\/#primaryimage"},"datePublished":"2022-09-05T13:30:30+00:00","dateModified":"2022-09-05T13:30:30+00:00","breadcrumb":{"@id":"https:\/\/winterfylleth.co.uk\/es\/#breadcrumb"},"inLanguage":"es","potentialAction":[{"@type":"ReadAction","target":["https:\/\/winterfylleth.co.uk\/es\/"]}]},{"@type":"BreadcrumbList","@id":"https:\/\/winterfylleth.co.uk\/es\/#breadcrumb","itemListElement":[{"@type":"ListItem","position":1,"name":"Home","item":"https:\/\/winterfylleth.co.uk\/es\/"},{"@type":"ListItem","position":2,"name":"Personales de citas reales"}]}]}},"_links":{"self":[{"href":"https:\/\/winterfylleth.co.uk\/es\/wp-json\/wp\/v2\/pages\/105"}],"collection":[{"href":"https:\/\/winterfylleth.co.uk\/es\/wp-json\/wp\/v2\/pages"}],"about":[{"href":"https:\/\/winterfylleth.co.uk\/es\/wp-json\/wp\/v2\/types\/page"}],"author":[{"embeddable":true,"href":"https:\/\/winterfylleth.co.uk\/es\/wp-json\/wp\/v2\/users\/1"}],"replies":[{"embeddable":true,"href":"https:\/\/winterfylleth.co.uk\/es\/wp-json\/wp\/v2\/comments?post=105"}],"version-history":[{"count":0,"href":"https:\/\/winterfylleth.co.uk\/es\/wp-json\/wp\/v2\/pages\/105\/revisions"}],"wp:featuredmedia":[{"embeddable":true,"href":"https:\/\/winterfylleth.co.uk\/es\/wp-json\/wp\/v2\/media\/68"}],"wp:attachment":[{"href":"https:\/\/winterfylleth.co.uk\/es\/wp-json\/wp\/v2\/media?parent=105"}],"curies":[{"name":"wp","href":"https:\/\/api.w.org\/{rel}","templated":true}]}}