{"id":171,"date":"2022-09-05T14:30:30","date_gmt":"2022-09-05T13:30:30","guid":{"rendered":"http:\/\/winterfylleth.co.uk\/vrais-personnels-de-rencontres\/"},"modified":"2022-09-05T14:30:30","modified_gmt":"2022-09-05T13:30:30","slug":"vrais-personnels-de-rencontres","status":"publish","type":"page","link":"https:\/\/winterfylleth.co.uk\/fr\/","title":{"rendered":"Vrais personnels de rencontres"},"content":{"rendered":"<p>Les sites et applications de rencontres gratuits sont l\u00e0 pour rester. Ils sont devenus beaucoup plus s\u00fbrs et plus faciles \u00e0 utiliser que les sites de rencontres traditionnels comme Match.com et OkCupid. Et pendant que nous attendons la fin de la pand\u00e9mie, de nombreuses personnes continuent de sortir avec des plateformes en ligne.<\/p>\n<p>Alors que la COVID a ralenti les rencontres physiques, les rencontres et les jumelages en ligne se poursuivent \u00e0 toute vitesse. C\u2019est parce que les rencontres gratuites aident \u00e0 trouver des amants, des relations durables, des amiti\u00e9s, des connexions et m\u00eame des aventures fugaces &#8211; le tout sans payer un centime.<\/p>\n<p>Si vous \u00eates nouveau sur la sc\u00e8ne des rencontres gratuites et que vous ne savez pas par o\u00f9 commencer, ce guide est pour vous. Voici les 4 meilleurs sites et applications de rencontres gratuits en ce moment. Vous apprendrez pourquoi ils sont populaires, ce qui les rend uniques et comment tirer le meilleur parti de chacun.<\/p>\n<h2>Liste des personnalit\u00e9s pour le sexe<\/h2>\n<p>Nous avons compil\u00e9 une liste des meilleures applications de rencontres pour les personnes \u00e0 la recherche d\u2019amour, de romance, de sexe occasionnel, de rencontres, d\u2019amiti\u00e9 ou simplement de plaisir. Ce sont les applications de rencontres les plus populaires sur le march\u00e9 maintenant, et elles continueront d\u2019\u00e9voluer au cours de la prochaine d\u00e9cennie.<\/p>\n<p>Si vous voulez trouver quelqu\u2019un \u00e0 ce jour, commencez par les bases et utilisez l\u2019application qui correspond \u00e0 ce que vous recherchez. Il existe de nombreuses cat\u00e9gories d\u2019applications de rencontres, y compris celles con\u00e7ues sp\u00e9cifiquement pour les c\u00e9libataires queer, celles ax\u00e9es sur les relations \u00e0 distance et m\u00eame les applications pour les personnes qui s\u2019identifient comme polyamoureuses.<\/p>\n<h2>Comment fonctionnent les rencontres sur les sites personnels?<\/h2>\n<p>Il existe de nombreuses applications qui offrent la possibilit\u00e9 de sortir avec d\u00e9sinvolture ou d\u2019envoyer des textes sexy sans avoir \u00e0 se soucier de quoi que ce soit d\u2019autre. Il existe m\u00eame des applications qui vous permettent de faire les deux: envoyer des messages coquins tout en prenant des photos et des vid\u00e9os de vous-m\u00eame. Voici nos applications pr\u00e9f\u00e9r\u00e9es pour les rencontres et les rencontres!<\/p>\n<p>Les meilleures applications offrent discr\u00e9tion, confidentialit\u00e9 et une communaut\u00e9 de personnes partageant les m\u00eames id\u00e9es. Ils sont faciles \u00e0 utiliser et vous permettent de vous exprimer sans craindre d\u2019\u00eatre jug\u00e9. Vous d\u00e9couvrirez ce qui fonctionne le mieux pour vous.<\/p>\n<h3>OkCupid<\/h3>\n<p>OKCupid est l\u2019une de ces applications qui facilite la recherche de l\u2019amour en ligne. Si vous \u00eates \u00e0 la recherche d\u2019une relation, OKCupid est un excellent point de d\u00e9part. Vous n\u2019avez m\u00eame pas \u00e0 payer quoi que ce soit pour utiliser le site; Cependant, il existe certaines fonctionnalit\u00e9s premium que vous pouvez acheter pour faciliter les choses.<\/p>\n<p>L\u2019application fonctionne un peu comme Tinder, o\u00f9 vous balayez vers la gauche ou la droite selon que vous voulez sortir avec quelqu\u2019un ou non. Cependant, contrairement \u00e0 Tinder, OKCupid vous permet de personnaliser votre profil et de r\u00e9pondre \u00e0 de nombreuses questions sur vous-m\u00eame. De cette fa\u00e7on, vous pouvez dire au monde quelque chose sur vous-m\u00eame sans avoir \u00e0 vous soucier de ce que les autres pensent.<\/p>\n<p>Une fois que vous avez rempli votre profil, vous recevrez des messages de personnes ayant des int\u00e9r\u00eats similaires et des r\u00e9ponses aux v\u00f4tres. Lorsque vous aimez le profil d\u2019une personne, elle le saura et vice versa.<\/p>\n<p>Vous pouvez \u00e9galement envoyer des cadeaux virtuels aux personnes que vous aimez. Ces cadeaux co\u00fbtent de l\u2019argent, mais ils vous donnent la chance de montrer votre personnalit\u00e9. Vous pouvez acheter des cartes-cadeaux pour Amazon, Starbucks, Sephora, iTunes, etc., et chaque carte co\u00fbte entre 5 $ et 25 $.<\/p>\n<p>Si vous d\u00e9cidez de passer \u00e0 OKCupid Plus, vous aurez acc\u00e8s \u00e0 des tonnes de fonctionnalit\u00e9s suppl\u00e9mentaires. Par exemple, vous pouvez afficher les profils de toutes les personnes que vous avez aim\u00e9es, ainsi que de toute autre personne qui vous a aim\u00e9. Il existe \u00e9galement une fonctionnalit\u00e9 appel\u00e9e \u00ab&nbsp;J\u2019aime&nbsp;\u00bb, qui vous permet de voir combien de fois les gens vous ont aim\u00e9. Cela vous aide \u00e0 d\u00e9terminer si vous devez ou non les contacter \u00e0 nouveau.<\/p>\n<p>Enfin, vous pouvez filtrer vos correspondances en fonction de l\u2019emplacement, de l\u2019\u00e2ge, de la distance, de la religion, de l\u2019origine ethnique, de l\u2019orientation sexuelle, de la taille, du poids, du niveau d\u2019\u00e9ducation, de la profession, du revenu, du statut tabagique, des habitudes de consommation, des tendances politiques, de l\u2019\u00e9tat matrimonial, du nombre d\u2019enfants, etc.<\/p>\n<h3>Gond<\/h3>\n<p>L\u2019application de rencontres Hinge a \u00e9t\u00e9 lanc\u00e9e en 2013, offrant un moyen simple de rencontrer des personnes bas\u00e9es sur des amis communs. Aujourd\u2019hui, Hinge est l\u2019un des plus grands r\u00e9seaux sociaux pour trouver des dates. En fait, c\u2019est devenu une destination si populaire pour les c\u00e9libataires \u00e0 la recherche d\u2019amour qu\u2019il a maintenant sa propre application autonome, appel\u00e9e Hinge.<\/p>\n<p>Contrairement \u00e0 de nombreuses autres applications de rencontres, Hinge n\u2019exige pas que les utilisateurs remplissent de longs questionnaires sur eux-m\u00eames, il pose simplement quelques questions sur la fa\u00e7on dont vous avez rencontr\u00e9 votre meilleur ami et sur le type de choses que vous souhaitez faire ensemble. Pour vous aider \u00e0 affiner vos options, le site utilise des algorithmes pour sugg\u00e9rer des correspondances en fonction de vos int\u00e9r\u00eats.<\/p>\n<p>Mais bien que l\u2019algorithme de Hinge puisse avoir du sens pour ceux qui essaient de trouver quelqu\u2019un avec qui faire de la randonn\u00e9e ou quelqu\u2019un avec qui regarder Game of Thrones, il ne fonctionne pas toujours bien pour tout le monde. Et parce qu\u2019il n\u2019y a pas de filtres au-del\u00e0 du sexe, de la tranche d\u2019\u00e2ge, de l\u2019emplacement et si vous pr\u00e9f\u00e9rez vivre seul ou avec des colocataires, l\u2019application peut sembler assez impersonnelle.<\/p>\n<p>C\u2019est pourquoi la nouvelle fonctionnalit\u00e9 de Hinge, appel\u00e9e Matching, est si g\u00e9niale. Avec Matching, vous pouvez choisir d\u2019appara\u00eetre dans la section Charni\u00e8re de votre ville, o\u00f9 vous verrez une liste de personnes \u00e0 proximit\u00e9 qui recherchent \u00e9galement un partenaire. Lorsque vous appuyez sur le profil de n\u2019importe qui, vous verrez une photo d\u2019eux avec leur nom, adresse e-mail, num\u00e9ro de t\u00e9l\u00e9phone et une petite description de ce qu\u2019ils font pour gagner leur vie.<\/p>\n<p>Si vous souhaitez discuter avec quelqu\u2019un, vous pouvez lui envoyer un SMS ou l\u2019appeler directement. Si vous d\u00e9cidez de commencer \u00e0 discuter, vous pouvez poursuivre la conversation par SMS ou par chat vid\u00e9o. Mais m\u00eame sans messagerie, vous pouvez toujours voir les profils des autres et parler de tout ce que vous voulez.<\/p>\n<p>Vous pouvez utiliser Hinge gratuitement, mais si vous souhaitez d\u00e9verrouiller toutes les fonctionnalit\u00e9s, y compris les likes illimit\u00e9s, vous devrez payer 19,99 $ par mois ou 119,88 $ par an.<\/p>\n<h3>Bumble<\/h3>\n<p>L\u2019application s\u2019appelle Bumble, et elle est con\u00e7ue sp\u00e9cifiquement pour les personnes \u00e0 la recherche de l\u2019amour. Mais ce qui rend Bumble unique, c\u2019est son fonctionnement. Plut\u00f4t que d\u2019avoir des hommes qui entrent en contact avec les femmes, les femmes doivent le faire. Si une femme aime quelqu\u2019un, elle envoie une \u00ab demande de correspondance \u00bb. Les hommes re\u00e7oivent les demandes et ont 24 heures pour r\u00e9pondre. Si aucune r\u00e9ponse ne se produit, le match se termine.<\/p>\n<p>Jusqu\u2019\u00e0 pr\u00e9sent, tout \u00e0 fait normal. Mais il y a une grande diff\u00e9rence : lorsqu\u2019une femme r\u00e9pond \u00e0 une demande de correspondance, elle peut choisir de continuer ou non \u00e0 parler \u00e0 la personne. Elle peut accepter ou rejeter la demande de match. Si elle accepte, la conversation continue. Si elle rejette, la conversation se termine.<\/p>\n<p>De cette fa\u00e7on, les femmes sont toujours charg\u00e9es d\u2019initier des conversations. Ils ont le contr\u00f4le total du rythme de la relation. Cela donne beaucoup de pouvoir aux femmes, mais cela signifie \u00e9galement que les hommes ne peuvent pas envoyer de message aux femmes \u00e0 moins qu\u2019elles n\u2019aient \u00e9t\u00e9 jumel\u00e9es. En fait, si un homme essaie d\u2019envoyer un message \u00e0 une femme sans qu\u2019on le lui demande, il sera imm\u00e9diatement rejet\u00e9.<\/p>\n<p>Si une femme veut parler \u00e0 un gars, elle doit simplement lui envoyer une demande de match. Il re\u00e7oit la demande et peut d\u00e9cider de r\u00e9pondre ou non. S\u2019il accepte, la conversation commence. S\u2019il refuse, la conversation se termine. Il n\u2019y a pas de r\u00e8gles sur la dur\u00e9e d\u2019une conversation, et les femmes peuvent mettre fin \u00e0 une conversation quand elles le souhaitent.<\/p>\n<p>Bien s\u00fbr, ce n\u2019est pas seulement une chose r\u00e9serv\u00e9e aux femmes. Tout le monde peut utiliser Bumble. Vous pouvez vous inscrire pour un compte gratuit et la messagerie est compl\u00e8tement d\u00e9verrouill\u00e9e. Cependant, les comptes premium offrent des avantages suppl\u00e9mentaires, notamment des messages illimit\u00e9s et l\u2019acc\u00e8s \u00e0 des fonctionnalit\u00e9s exclusives.<\/p>\n<p>En plus des fonctionnalit\u00e9s de base, Bumble propose plusieurs niveaux d\u2019adh\u00e9sion diff\u00e9rents. Ceux-ci incluent trois plans payants, allant de 4 $ par mois \u00e0 10 $ par mois. Chaque plan d\u00e9verrouille certaines fonctionnalit\u00e9s en fonction du niveau que vous s\u00e9lectionnez. Comme vous vous en doutez, les options les plus ch\u00e8res d\u00e9bloquent plus de fonctionnalit\u00e9s.<\/p>\n<p>Par exemple, l\u2019option 5 $ \/ mois comprend des messages illimit\u00e9s, tandis que le plan 8 $ \/ mois d\u00e9verrouille un nombre illimit\u00e9 de likes et de commentaires. Les deux versions de l\u2019application permettent aux utilisateurs de parcourir les profils de mani\u00e8re anonyme, mais la version \u00e0 10 $ \/ mois permet aux gens de voir les informations de profil compl\u00e8tes de l\u2019autre.<\/p>\n<p>Vous pouvez en savoir plus sur les diff\u00e9rences entre les diff\u00e9rents niveaux d\u2019adh\u00e9sion ici.<\/p>\n","protected":false},"excerpt":{"rendered":"<p>Les sites et applications de rencontres gratuits sont l\u00e0 pour rester. Ils sont devenus beaucoup plus s\u00fbrs et plus faciles \u00e0 utiliser que les sites de rencontres traditionnels comme Match.com et OkCupid. Et pendant que nous attendons la fin de&hellip; <a href=\"https:\/\/winterfylleth.co.uk\/fr\/\" class=\"more-link\">Continuer la lecture <span class=\"meta-nav\">&rarr;<\/span><\/a><\/p>\n","protected":false},"author":1,"featured_media":61,"parent":0,"menu_order":0,"comment_status":"closed","ping_status":"closed","template":"","meta":[],"yoast_head":"<!-- This site is optimized with the Yoast SEO plugin v17.7.1 - https:\/\/yoast.com\/wordpress\/plugins\/seo\/ -->\n<title>Vrais personnels de rencontres - Online Personals<\/title>\n<meta name=\"robots\" content=\"index, follow, max-snippet:-1, max-image-preview:large, max-video-preview:-1\" \/>\n<link rel=\"canonical\" href=\"https:\/\/winterfylleth.co.uk\/fr\/\" \/>\n<meta property=\"og:locale\" content=\"fr_FR\" \/>\n<meta property=\"og:type\" content=\"article\" \/>\n<meta property=\"og:title\" content=\"Vrais personnels de rencontres - Online Personals\" \/>\n<meta property=\"og:description\" content=\"Les sites et applications de rencontres gratuits sont l\u00e0 pour rester. Ils sont devenus beaucoup plus s\u00fbrs et plus faciles \u00e0 utiliser que les sites de rencontres traditionnels comme Match.com et OkCupid. Et pendant que nous attendons la fin de&hellip; Continuer la lecture &rarr;\" \/>\n<meta property=\"og:url\" content=\"https:\/\/winterfylleth.co.uk\/fr\/\" \/>\n<meta property=\"og:site_name\" content=\"Online Personals\" \/>\n<meta property=\"og:image\" content=\"http:\/\/winterfylleth.co.uk\/wp-content\/uploads\/2022\/09\/real-online-hookup-platforms-dating.jpeg\" \/>\n\t<meta property=\"og:image:width\" content=\"1123\" \/>\n\t<meta property=\"og:image:height\" content=\"750\" \/>\n<meta name=\"twitter:card\" content=\"summary_large_image\" \/>\n<meta name=\"twitter:label1\" content=\"Dur\u00e9e de lecture estim\u00e9e\" \/>\n\t<meta name=\"twitter:data1\" content=\"8 minutes\" \/>\n<script type=\"application\/ld+json\" class=\"yoast-schema-graph\">{\"@context\":\"https:\/\/schema.org\",\"@graph\":[{\"@type\":\"WebSite\",\"@id\":\"https:\/\/winterfylleth.co.uk\/#website\",\"url\":\"https:\/\/winterfylleth.co.uk\/\",\"name\":\"Online Personals\",\"description\":\"Hookups With Singles\",\"potentialAction\":[{\"@type\":\"SearchAction\",\"target\":{\"@type\":\"EntryPoint\",\"urlTemplate\":\"https:\/\/winterfylleth.co.uk\/?s={search_term_string}\"},\"query-input\":\"required name=search_term_string\"}],\"inLanguage\":\"fr-FR\"},{\"@type\":\"ImageObject\",\"@id\":\"https:\/\/winterfylleth.co.uk\/fr\/#primaryimage\",\"inLanguage\":\"fr-FR\",\"url\":\"https:\/\/winterfylleth.co.uk\/wp-content\/uploads\/2022\/09\/real-online-hookup-platforms-dating.jpeg\",\"contentUrl\":\"https:\/\/winterfylleth.co.uk\/wp-content\/uploads\/2022\/09\/real-online-hookup-platforms-dating.jpeg\",\"width\":1123,\"height\":750},{\"@type\":\"WebPage\",\"@id\":\"https:\/\/winterfylleth.co.uk\/fr\/#webpage\",\"url\":\"https:\/\/winterfylleth.co.uk\/fr\/\",\"name\":\"Vrais personnels de rencontres - Online Personals\",\"isPartOf\":{\"@id\":\"https:\/\/winterfylleth.co.uk\/#website\"},\"primaryImageOfPage\":{\"@id\":\"https:\/\/winterfylleth.co.uk\/fr\/#primaryimage\"},\"datePublished\":\"2022-09-05T13:30:30+00:00\",\"dateModified\":\"2022-09-05T13:30:30+00:00\",\"breadcrumb\":{\"@id\":\"https:\/\/winterfylleth.co.uk\/fr\/#breadcrumb\"},\"inLanguage\":\"fr-FR\",\"potentialAction\":[{\"@type\":\"ReadAction\",\"target\":[\"https:\/\/winterfylleth.co.uk\/fr\/\"]}]},{\"@type\":\"BreadcrumbList\",\"@id\":\"https:\/\/winterfylleth.co.uk\/fr\/#breadcrumb\",\"itemListElement\":[{\"@type\":\"ListItem\",\"position\":1,\"name\":\"Home\",\"item\":\"http:\/\/winterfylleth.co.uk\/fr\/\"},{\"@type\":\"ListItem\",\"position\":2,\"name\":\"Vrais personnels de rencontres\"}]}]}<\/script>\n<!-- \/ Yoast SEO plugin. -->","yoast_head_json":{"title":"Vrais personnels de rencontres - Online Personals","robots":{"index":"index","follow":"follow","max-snippet":"max-snippet:-1","max-image-preview":"max-image-preview:large","max-video-preview":"max-video-preview:-1"},"canonical":"https:\/\/winterfylleth.co.uk\/fr\/","og_locale":"fr_FR","og_type":"article","og_title":"Vrais personnels de rencontres - Online Personals","og_description":"Les sites et applications de rencontres gratuits sont l\u00e0 pour rester. Ils sont devenus beaucoup plus s\u00fbrs et plus faciles \u00e0 utiliser que les sites de rencontres traditionnels comme Match.com et OkCupid. Et pendant que nous attendons la fin de&hellip; Continuer la lecture &rarr;","og_url":"https:\/\/winterfylleth.co.uk\/fr\/","og_site_name":"Online Personals","og_image":[{"width":1123,"height":750,"url":"http:\/\/winterfylleth.co.uk\/wp-content\/uploads\/2022\/09\/real-online-hookup-platforms-dating.jpeg","type":"image\/jpeg"}],"twitter_card":"summary_large_image","twitter_misc":{"Dur\u00e9e de lecture estim\u00e9e":"8 minutes"},"schema":{"@context":"https:\/\/schema.org","@graph":[{"@type":"WebSite","@id":"https:\/\/winterfylleth.co.uk\/#website","url":"https:\/\/winterfylleth.co.uk\/","name":"Online Personals","description":"Hookups With Singles","potentialAction":[{"@type":"SearchAction","target":{"@type":"EntryPoint","urlTemplate":"https:\/\/winterfylleth.co.uk\/?s={search_term_string}"},"query-input":"required name=search_term_string"}],"inLanguage":"fr-FR"},{"@type":"ImageObject","@id":"https:\/\/winterfylleth.co.uk\/fr\/#primaryimage","inLanguage":"fr-FR","url":"https:\/\/winterfylleth.co.uk\/wp-content\/uploads\/2022\/09\/real-online-hookup-platforms-dating.jpeg","contentUrl":"https:\/\/winterfylleth.co.uk\/wp-content\/uploads\/2022\/09\/real-online-hookup-platforms-dating.jpeg","width":1123,"height":750},{"@type":"WebPage","@id":"https:\/\/winterfylleth.co.uk\/fr\/#webpage","url":"https:\/\/winterfylleth.co.uk\/fr\/","name":"Vrais personnels de rencontres - Online Personals","isPartOf":{"@id":"https:\/\/winterfylleth.co.uk\/#website"},"primaryImageOfPage":{"@id":"https:\/\/winterfylleth.co.uk\/fr\/#primaryimage"},"datePublished":"2022-09-05T13:30:30+00:00","dateModified":"2022-09-05T13:30:30+00:00","breadcrumb":{"@id":"https:\/\/winterfylleth.co.uk\/fr\/#breadcrumb"},"inLanguage":"fr-FR","potentialAction":[{"@type":"ReadAction","target":["https:\/\/winterfylleth.co.uk\/fr\/"]}]},{"@type":"BreadcrumbList","@id":"https:\/\/winterfylleth.co.uk\/fr\/#breadcrumb","itemListElement":[{"@type":"ListItem","position":1,"name":"Home","item":"http:\/\/winterfylleth.co.uk\/fr\/"},{"@type":"ListItem","position":2,"name":"Vrais personnels de rencontres"}]}]}},"_links":{"self":[{"href":"https:\/\/winterfylleth.co.uk\/fr\/wp-json\/wp\/v2\/pages\/171"}],"collection":[{"href":"https:\/\/winterfylleth.co.uk\/fr\/wp-json\/wp\/v2\/pages"}],"about":[{"href":"https:\/\/winterfylleth.co.uk\/fr\/wp-json\/wp\/v2\/types\/page"}],"author":[{"embeddable":true,"href":"https:\/\/winterfylleth.co.uk\/fr\/wp-json\/wp\/v2\/users\/1"}],"replies":[{"embeddable":true,"href":"https:\/\/winterfylleth.co.uk\/fr\/wp-json\/wp\/v2\/comments?post=171"}],"version-history":[{"count":0,"href":"https:\/\/winterfylleth.co.uk\/fr\/wp-json\/wp\/v2\/pages\/171\/revisions"}],"wp:featuredmedia":[{"embeddable":true,"href":"https:\/\/winterfylleth.co.uk\/fr\/wp-json\/wp\/v2\/media\/61"}],"wp:attachment":[{"href":"https:\/\/winterfylleth.co.uk\/fr\/wp-json\/wp\/v2\/media?parent=171"}],"curies":[{"name":"wp","href":"https:\/\/api.w.org\/{rel}","templated":true}]}}