{"id":174,"date":"2022-09-05T14:30:30","date_gmt":"2022-09-05T13:30:30","guid":{"rendered":"http:\/\/winterfylleth.co.uk\/pravi-osobni-podaci-za-upoznavanje\/"},"modified":"2022-09-05T14:30:30","modified_gmt":"2022-09-05T13:30:30","slug":"pravi-osobni-podaci-za-upoznavanje","status":"publish","type":"page","link":"https:\/\/winterfylleth.co.uk\/hr\/","title":{"rendered":"Pravi osobni podaci za upoznavanje"},"content":{"rendered":"<p>Besplatne web stranice i aplikacije za upoznavanje ovdje su da ostanu. Postali su mnogo sigurniji i jednostavniji za upotrebu od tradicionalnih web lokacija za upoznavanje poput Match.com i OkCupid. I dok \u010dekamo kraj pandemije, mnogi ljudi nastavljaju izlaziti putem internetskih platformi.<\/p>\n<p>Iako je COVID usporio fizi\u010dki sastanak, internetski spojevi i podudaranje nastavljaju se punom brzinom. To je zato \u0161to besplatni izlasci poma\u017eu u pronala\u017eenju ljubavnika, dugotrajnih veza, prijateljstava, veza, pa \u010dak i prolaznih avantura &#8211; sve bez pla\u0107anja nov\u010di\u0107a.<\/p>\n<p>Ako ste novi u besplatnoj sceni upoznavanja i ne znate odakle po\u010deti, ovaj vodi\u010d je za vas. Evo 4 najbolje besplatne web stranice i aplikacije za upoznavanje trenutno. Nau\u010dit \u0107ete za\u0161to su popularni, \u0161to ih \u010dini jedinstvenima i kako izvu\u0107i maksimum iz svake od njih.<\/p>\n<h2>Popis osobnosti za seks<\/h2>\n<p>Sastavili smo popis najboljih aplikacija za upoznavanje za ljude koji tra\u017ee ljubav, romantiku, povremeni seks, veze, prijateljstvo ili samo malo zabave. Ovo su trenutno najpopularnije aplikacije za upoznavanje i nastavit \u0107e se razvijati tijekom sljede\u0107eg desetlje\u0107a.<\/p>\n<p>Ako \u017eelite prona\u0107i nekoga do danas, po\u010dnite s osnovama i upotrijebite aplikaciju koja odgovara onome \u0161to tra\u017eite. Postoje mnoge kategorije aplikacija za upoznavanje, uklju\u010duju\u0107i one dizajnirane posebno za queer samce, one usmjerene na odnose na daljinu, pa \u010dak i aplikacije za ljude koji se identificiraju kao poliamorni.<\/p>\n<h2>Kako upoznavanje funkcionira na osobnim stranicama?<\/h2>\n<p>Postoje mnoge aplikacije koje nude mogu\u0107nost le\u017eernog upoznavanja ili slanja seksi tekstova bez brige o bilo \u010demu drugom. Postoje \u010dak i neke aplikacije koje vam omogu\u0107uju oboje &#8211; slanje nesta\u0161nih poruka, a istovremeno fotografiranje i videozapise o sebi. Evo na\u0161ih omiljenih aplikacija za upoznavanje i spajanje!<\/p>\n<p>Najbolje aplikacije nude diskreciju, privatnost i zajednicu istomi\u0161ljenika. Jednostavni su za upotrebu i omogu\u0107uju vam da se izrazite bez straha da \u0107e vam se suditi. Saznat \u0107ete \u0161to vam najbolje odgovara.<\/p>\n<h3>OkCupid<\/h3>\n<p>OKCupid je jedna od onih aplikacija koja olak\u0161ava pronala\u017eenje ljubavi na mre\u017ei. Ako tra\u017eite vezu, OKCupid je sjajno mjesto za po\u010detak. Ne morate ni platiti ni\u0161ta da biste koristili web mjesto; me\u0111utim, postoje neke premium zna\u010dajke koje mo\u017eete kupiti kako biste olak\u0161ali stvari.<\/p>\n<p>Aplikacija radi sli\u010dno kao i Tinder, gdje prelazite prstom ulijevo ili udesno, ovisno o tome \u017eelite li iza\u0107i s nekim ili ne. Me\u0111utim, za razliku od Tindera, OKCupid vam omogu\u0107uje da prilagodite svoj profil i ispunite puno pitanja o sebi. Na taj na\u010din mo\u017eete re\u0107i svijetu ne\u0161to o sebi bez brige o tome \u0161to drugi ljudi misle.<\/p>\n<p>Nakon \u0161to ispunite svoj profil, primit \u0107ete poruke od ljudi koji imaju sli\u010dne interese i odgovore kao i va\u0161i. Kad vam se svidi profil osobe, znat \u0107e i obrnuto.<\/p>\n<p>Tako\u0111er mo\u017eete slati virtualne darove ljudima koji vam se svi\u0111aju. Ovi darovi ko\u0161taju, ali daju vam priliku da poka\u017eete svoju osobnost. Mo\u017eete kupiti darovne kartice za Amazon, Starbucks, Sephoru, iTunes itd., A svaka kartica ko\u0161ta od 5 do 25 USD.<\/p>\n<p>Ako se odlu\u010dite nadograditi na OKCupid Plus, dobit \u0107ete pristup tonama dodatnih zna\u010dajki. Na primjer, mo\u017eete pregledati profile svih koji su vam se svidjeli i svih ostalih kojima ste se svidjeli. Tu je i zna\u010dajka pod nazivom &#8220;Svi\u0111a mi se&#8221;, koja vam omogu\u0107uje da vidite koliko ste se puta svidjeli ljudima. To vam poma\u017ee da shvatite trebate li se ponovno obratiti njima ili ne.<\/p>\n<p>Kona\u010dno, svoje utakmice mo\u017eete filtrirati na temelju lokacije, dobi, udaljenosti, vjere, etni\u010dke pripadnosti, seksualne orijentacije, visine, te\u017eine, razine obrazovanja, zanimanja, prihoda, statusa pu\u0161enja, navika pijenja, politi\u010dkih sklonosti, bra\u010dnog statusa, broja djece i jo\u0161 mnogo toga.<\/p>\n<h3>Zglob<\/h3>\n<p>Aplikacija za upoznavanje Hinge pokrenuta je 2013. godine, nude\u0107i jednostavan na\u010din upoznavanja ljudi na temelju zajedni\u010dkih prijatelja. Danas je Hinge jedna od najve\u0107ih dru\u0161tvenih mre\u017ea za pronala\u017eenje datuma. Zapravo, postala je toliko popularna destinacija za samce koji tra\u017ee ljubav da sada ima vlastitu samostalnu aplikaciju, nazvanu Hinge.<\/p>\n<p>Za razliku od mnogih drugih aplikacija za upoznavanje, Hinge ne zahtijeva od korisnika da ispune duge upitnike o sebi &#8211; postavlja samo nekoliko pitanja o tome kako ste upoznali svog najboljeg prijatelja i koje vrste stvari vas zanimaju zajedno. Da bi vam pomogla da suzite mogu\u0107nosti, web-mjesto koristi algoritme za predlaganje podudaranja na temelju va\u0161ih interesa.<\/p>\n<p>No, iako bi Hingeov algoritam mogao imati smisla za one koji poku\u0161avaju prona\u0107i nekoga s kim \u0107e planinariti ili nekoga s kim \u0107e gledati Igru prijestolja, to ne funkcionira uvijek dobro za sve ostale. A budu\u0107i da ne postoje filtri izvan spola, dobnog raspona, lokacije i bilo da biste radije \u017eivjeli sami ili s cimerima, aplikacija se mo\u017ee osje\u0107ati prili\u010dno bezli\u010dno.<\/p>\n<p>Zato je Hingeova najnovija zna\u010dajka, nazvana Podudaranje, tako sjajna. Uz Podudaranje mo\u017eete se pojaviti u gradskom odjeljku \u0160arka, gdje \u0107ete vidjeti popis ljudi u blizini koji tako\u0111er tra\u017ee partnera. Kada dodirnete bilo \u010diji profil, vidjet \u0107ete njihovu sliku zajedno s njihovim imenom, adresom e-po\u0161te, telefonskim brojem i malim opisom onoga \u0161to rade za \u017eivot.<\/p>\n<p>Ako \u017eelite razgovarati s nekim, mo\u017eete mu poslati poruku ili ga izravno nazvati. Ako odlu\u010dite zapo\u010deti razgovor, mo\u017eete nastaviti razgovor putem tekstualnog ili video chata. Ali \u010dak i bez poruka, jo\u0161 uvijek mo\u017eete vidjeti me\u0111usobne profile i razgovarati o svemu \u0161to \u017eelite.<\/p>\n<p>Hinge mo\u017eete koristiti besplatno, ali ako \u017eelite otklju\u010dati sve zna\u010dajke, uklju\u010duju\u0107i neograni\u010dene lajkove, morat \u0107ete platiti 19.99 USD mjese\u010dno ili 119.88 USD godi\u0161nje.<\/p>\n<h3>Bumble<\/h3>\n<p>Aplikacija se zove Bumble i dizajnirana je posebno za ljude koji tra\u017ee ljubav. Ali ono \u0161to Bumble \u010dini jedinstvenim je kako djeluje. Umjesto da mu\u0161karci pokrenu kontakt sa \u017eenama, \u017eene to moraju u\u010diniti. Ako se \u017eeni netko svi\u0111a, \u0161alje &#8220;zahtjev za utakmicu&#8221;. Mu\u0161karci primaju zahtjeve i imaju 24 sata da odgovore. Ako se ne dogodi odgovor, utakmica zavr\u0161ava.<\/p>\n<p>Za sada, tako normalno. Ali postoji jedna velika razlika: Kada \u017eena odgovori na zahtjev za utakmicu, ona mo\u017ee odabrati ho\u0107e li nastaviti razgovarati s tom osobom ili ne. Ona mo\u017ee prihvatiti ili odbiti zahtjev za utakmicu. Ako prihvati, razgovor se nastavlja. Ako ona odbije, razgovor zavr\u0161ava.<\/p>\n<p>Na taj su na\u010din \u017eene uvijek zadu\u017eene za pokretanje razgovora. Imaju potpunu kontrolu nad tempom veze. To \u017eenama daje veliku mo\u0107, ali to tako\u0111er zna\u010di da mu\u0161karci ne mogu slati poruke \u017eenama ako nisu uskla\u0111ene. Zapravo, ako mu\u0161karac poku\u0161a poslati poruku \u017eeni bez da ga se pita, odmah \u0107e biti odbijen.<\/p>\n<p>Ako \u017eena \u017eeli razgovarati s mu\u0161karcem, jednostavno mu mora poslati zahtjev za utakmicu. On prima zahtjev i mo\u017ee odlu\u010diti ho\u0107e li odgovoriti ili ne. Ako prihvati, razgovor po\u010dinje. Ako odbije, razgovor zavr\u0161ava. Ne postoje pravila o tome koliko dugo bi razgovor trebao trajati, a \u017eene mogu zavr\u0161iti razgovor kad god po\u017eele.<\/p>\n<p>Naravno, ovo nije samo \u017eenska stvar. Svatko mo\u017ee koristiti Bumble. Mo\u017eete se prijaviti za besplatni ra\u010dun, a poruke su potpuno otklju\u010dane. Me\u0111utim, premium ra\u010duni nude dodatne pogodnosti, uklju\u010duju\u0107i neograni\u010dene poruke i pristup ekskluzivnim zna\u010dajkama.<\/p>\n<p>Osim osnovnih zna\u010dajki, Bumble nudi nekoliko razli\u010ditih razina \u010dlanstva. To uklju\u010duje tri pla\u0107ena plana, u rasponu od 4 USD mjese\u010dno do 10 USD mjese\u010dno. Svaki plan otklju\u010dava odre\u0111ene zna\u010dajke ovisno o tome koju razinu odaberete. Kao \u0161to biste o\u010dekivali, skuplje opcije otklju\u010davaju vi\u0161e funkcionalnosti.<\/p>\n<p>Na primjer, opcija 5 USD mjese\u010dno uklju\u010duje neograni\u010dene poruke, dok plan od 8 USD mjese\u010dno otklju\u010dava neograni\u010dene lajkove i komentare. Obje verzije aplikacije omogu\u0107uju korisnicima anonimno pregledavanje profila, ali verzija od 10 USD mjese\u010dno omogu\u0107uje korisnicima da pregledavaju potpune podatke o profilu.<\/p>\n<p>Vi\u0161e o razlikama izme\u0111u razli\u010ditih razina \u010dlanstva mo\u017eete pro\u010ditati ovdje.<\/p>\n","protected":false},"excerpt":{"rendered":"<p>Besplatne web stranice i aplikacije za upoznavanje ovdje su da ostanu. Postali su mnogo sigurniji i jednostavniji za upotrebu od tradicionalnih web lokacija za upoznavanje poput Match.com i OkCupid. I dok \u010dekamo kraj pandemije, mnogi ljudi nastavljaju izlaziti putem internetskih&hellip; <a href=\"https:\/\/winterfylleth.co.uk\/hr\/\" class=\"more-link\">Continue Reading <span class=\"meta-nav\">&rarr;<\/span><\/a><\/p>\n","protected":false},"author":1,"featured_media":57,"parent":0,"menu_order":0,"comment_status":"closed","ping_status":"closed","template":"","meta":[],"yoast_head":"<!-- This site is optimized with the Yoast SEO plugin v17.7.1 - https:\/\/yoast.com\/wordpress\/plugins\/seo\/ -->\n<title>Pravi osobni podaci za upoznavanje - Online Personals<\/title>\n<meta name=\"robots\" content=\"index, follow, max-snippet:-1, max-image-preview:large, max-video-preview:-1\" \/>\n<link rel=\"canonical\" href=\"https:\/\/winterfylleth.co.uk\/hr\/\" \/>\n<meta property=\"og:locale\" content=\"hr_HR\" \/>\n<meta property=\"og:type\" content=\"article\" \/>\n<meta property=\"og:title\" content=\"Pravi osobni podaci za upoznavanje - Online Personals\" \/>\n<meta property=\"og:description\" content=\"Besplatne web stranice i aplikacije za upoznavanje ovdje su da ostanu. Postali su mnogo sigurniji i jednostavniji za upotrebu od tradicionalnih web lokacija za upoznavanje poput Match.com i OkCupid. I dok \u010dekamo kraj pandemije, mnogi ljudi nastavljaju izlaziti putem internetskih&hellip; Continue Reading &rarr;\" \/>\n<meta property=\"og:url\" content=\"https:\/\/winterfylleth.co.uk\/hr\/\" \/>\n<meta property=\"og:site_name\" content=\"Online Personals\" \/>\n<meta property=\"og:image\" content=\"https:\/\/winterfylleth.co.uk\/wp-content\/uploads\/2022\/09\/real-online-hookup-platforms-dating.jpeg\" \/>\n\t<meta property=\"og:image:width\" content=\"1123\" \/>\n\t<meta property=\"og:image:height\" content=\"750\" \/>\n<meta name=\"twitter:card\" content=\"summary_large_image\" \/>\n<meta name=\"twitter:label1\" content=\"Procijenjeno vrijeme \u010ditanja\" \/>\n\t<meta name=\"twitter:data1\" content=\"7 minuta\" \/>\n<script type=\"application\/ld+json\" class=\"yoast-schema-graph\">{\"@context\":\"https:\/\/schema.org\",\"@graph\":[{\"@type\":\"WebSite\",\"@id\":\"https:\/\/winterfylleth.co.uk\/#website\",\"url\":\"https:\/\/winterfylleth.co.uk\/\",\"name\":\"Online Personals\",\"description\":\"Hookups With Singles\",\"potentialAction\":[{\"@type\":\"SearchAction\",\"target\":{\"@type\":\"EntryPoint\",\"urlTemplate\":\"https:\/\/winterfylleth.co.uk\/?s={search_term_string}\"},\"query-input\":\"required name=search_term_string\"}],\"inLanguage\":\"hr\"},{\"@type\":\"ImageObject\",\"@id\":\"https:\/\/winterfylleth.co.uk\/hr\/#primaryimage\",\"inLanguage\":\"hr\",\"url\":\"https:\/\/winterfylleth.co.uk\/wp-content\/uploads\/2022\/09\/real-online-hookup-platforms-dating.jpeg\",\"contentUrl\":\"https:\/\/winterfylleth.co.uk\/wp-content\/uploads\/2022\/09\/real-online-hookup-platforms-dating.jpeg\",\"width\":1123,\"height\":750},{\"@type\":\"WebPage\",\"@id\":\"https:\/\/winterfylleth.co.uk\/hr\/#webpage\",\"url\":\"https:\/\/winterfylleth.co.uk\/hr\/\",\"name\":\"Pravi osobni podaci za upoznavanje - Online Personals\",\"isPartOf\":{\"@id\":\"https:\/\/winterfylleth.co.uk\/#website\"},\"primaryImageOfPage\":{\"@id\":\"https:\/\/winterfylleth.co.uk\/hr\/#primaryimage\"},\"datePublished\":\"2022-09-05T13:30:30+00:00\",\"dateModified\":\"2022-09-05T13:30:30+00:00\",\"breadcrumb\":{\"@id\":\"https:\/\/winterfylleth.co.uk\/hr\/#breadcrumb\"},\"inLanguage\":\"hr\",\"potentialAction\":[{\"@type\":\"ReadAction\",\"target\":[\"https:\/\/winterfylleth.co.uk\/hr\/\"]}]},{\"@type\":\"BreadcrumbList\",\"@id\":\"https:\/\/winterfylleth.co.uk\/hr\/#breadcrumb\",\"itemListElement\":[{\"@type\":\"ListItem\",\"position\":1,\"name\":\"Home\",\"item\":\"https:\/\/winterfylleth.co.uk\/hr\/\"},{\"@type\":\"ListItem\",\"position\":2,\"name\":\"Pravi osobni podaci za upoznavanje\"}]}]}<\/script>\n<!-- \/ Yoast SEO plugin. -->","yoast_head_json":{"title":"Pravi osobni podaci za upoznavanje - Online Personals","robots":{"index":"index","follow":"follow","max-snippet":"max-snippet:-1","max-image-preview":"max-image-preview:large","max-video-preview":"max-video-preview:-1"},"canonical":"https:\/\/winterfylleth.co.uk\/hr\/","og_locale":"hr_HR","og_type":"article","og_title":"Pravi osobni podaci za upoznavanje - Online Personals","og_description":"Besplatne web stranice i aplikacije za upoznavanje ovdje su da ostanu. Postali su mnogo sigurniji i jednostavniji za upotrebu od tradicionalnih web lokacija za upoznavanje poput Match.com i OkCupid. I dok \u010dekamo kraj pandemije, mnogi ljudi nastavljaju izlaziti putem internetskih&hellip; Continue Reading &rarr;","og_url":"https:\/\/winterfylleth.co.uk\/hr\/","og_site_name":"Online Personals","og_image":[{"width":1123,"height":750,"url":"https:\/\/winterfylleth.co.uk\/wp-content\/uploads\/2022\/09\/real-online-hookup-platforms-dating.jpeg","type":"image\/jpeg"}],"twitter_card":"summary_large_image","twitter_misc":{"Procijenjeno vrijeme \u010ditanja":"7 minuta"},"schema":{"@context":"https:\/\/schema.org","@graph":[{"@type":"WebSite","@id":"https:\/\/winterfylleth.co.uk\/#website","url":"https:\/\/winterfylleth.co.uk\/","name":"Online Personals","description":"Hookups With Singles","potentialAction":[{"@type":"SearchAction","target":{"@type":"EntryPoint","urlTemplate":"https:\/\/winterfylleth.co.uk\/?s={search_term_string}"},"query-input":"required name=search_term_string"}],"inLanguage":"hr"},{"@type":"ImageObject","@id":"https:\/\/winterfylleth.co.uk\/hr\/#primaryimage","inLanguage":"hr","url":"https:\/\/winterfylleth.co.uk\/wp-content\/uploads\/2022\/09\/real-online-hookup-platforms-dating.jpeg","contentUrl":"https:\/\/winterfylleth.co.uk\/wp-content\/uploads\/2022\/09\/real-online-hookup-platforms-dating.jpeg","width":1123,"height":750},{"@type":"WebPage","@id":"https:\/\/winterfylleth.co.uk\/hr\/#webpage","url":"https:\/\/winterfylleth.co.uk\/hr\/","name":"Pravi osobni podaci za upoznavanje - Online Personals","isPartOf":{"@id":"https:\/\/winterfylleth.co.uk\/#website"},"primaryImageOfPage":{"@id":"https:\/\/winterfylleth.co.uk\/hr\/#primaryimage"},"datePublished":"2022-09-05T13:30:30+00:00","dateModified":"2022-09-05T13:30:30+00:00","breadcrumb":{"@id":"https:\/\/winterfylleth.co.uk\/hr\/#breadcrumb"},"inLanguage":"hr","potentialAction":[{"@type":"ReadAction","target":["https:\/\/winterfylleth.co.uk\/hr\/"]}]},{"@type":"BreadcrumbList","@id":"https:\/\/winterfylleth.co.uk\/hr\/#breadcrumb","itemListElement":[{"@type":"ListItem","position":1,"name":"Home","item":"https:\/\/winterfylleth.co.uk\/hr\/"},{"@type":"ListItem","position":2,"name":"Pravi osobni podaci za upoznavanje"}]}]}},"_links":{"self":[{"href":"https:\/\/winterfylleth.co.uk\/hr\/wp-json\/wp\/v2\/pages\/174"}],"collection":[{"href":"https:\/\/winterfylleth.co.uk\/hr\/wp-json\/wp\/v2\/pages"}],"about":[{"href":"https:\/\/winterfylleth.co.uk\/hr\/wp-json\/wp\/v2\/types\/page"}],"author":[{"embeddable":true,"href":"https:\/\/winterfylleth.co.uk\/hr\/wp-json\/wp\/v2\/users\/1"}],"replies":[{"embeddable":true,"href":"https:\/\/winterfylleth.co.uk\/hr\/wp-json\/wp\/v2\/comments?post=174"}],"version-history":[{"count":0,"href":"https:\/\/winterfylleth.co.uk\/hr\/wp-json\/wp\/v2\/pages\/174\/revisions"}],"wp:featuredmedia":[{"embeddable":true,"href":"https:\/\/winterfylleth.co.uk\/hr\/wp-json\/wp\/v2\/media\/57"}],"wp:attachment":[{"href":"https:\/\/winterfylleth.co.uk\/hr\/wp-json\/wp\/v2\/media?parent=174"}],"curies":[{"name":"wp","href":"https:\/\/api.w.org\/{rel}","templated":true}]}}