{"id":111,"date":"2022-09-05T14:30:30","date_gmt":"2022-09-05T13:30:30","guid":{"rendered":"http:\/\/winterfylleth.co.uk\/incontri-personali-reali\/"},"modified":"2022-09-05T14:30:30","modified_gmt":"2022-09-05T13:30:30","slug":"incontri-personali-reali","status":"publish","type":"page","link":"https:\/\/winterfylleth.co.uk\/it\/","title":{"rendered":"Incontri personali reali"},"content":{"rendered":"<p>Siti e app di incontri gratuiti sono qui per rimanere. Sono diventati molto pi\u00f9 sicuri e pi\u00f9 facili da usare rispetto ai siti di incontri tradizionali come Match.com e OkCupid. E mentre aspettiamo che la pandemia finisca, molte persone continuano a frequentarsi tramite piattaforme online.<\/p>\n<p>Mentre COVID ha rallentato l&#8217;incontro fisico, gli appuntamenti online e l&#8217;abbinamento continuano a tutta velocit\u00e0. Questo perch\u00e9 gli appuntamenti gratuiti aiutano a trovare amanti, relazioni durature, amicizie, connessioni e persino fugaci avventure &#8211; il tutto senza pagare un centesimo.<\/p>\n<p>Se sei nuovo nella scena degli appuntamenti gratuiti e non sai da dove cominciare, questa guida \u00e8 per te. Ecco i 4 migliori siti web e app di incontri gratuiti in questo momento. Imparerai perch\u00e9 sono popolari, cosa li rende unici e come ottenere il massimo da ciascuno di essi.<\/p>\n<h2>Elenco di personalit\u00e0 per il sesso<\/h2>\n<p>Abbiamo compilato un elenco delle migliori app di appuntamenti per le persone che cercano amore, romanticismo, sesso occasionale, incontri, amicizia o semplicemente un po &#8216;di divertimento. Queste sono le app di appuntamenti pi\u00f9 popolari l\u00e0 fuori ora e continueranno ad evolversi nel prossimo decennio.<\/p>\n<p>Se vuoi trovare qualcuno con cui uscire, inizia con le nozioni di base e usa l&#8217;app che corrisponde a ci\u00f2 che stai cercando. Esistono molte categorie di app di appuntamenti, tra cui quelle progettate specificamente per i single queer, quelle incentrate sulle relazioni a distanza e persino le app per le persone che si identificano come poliamorose.<\/p>\n<h2>Come funzionano gli appuntamenti sui siti personali?<\/h2>\n<p>Ci sono molte app l\u00e0 fuori che offrono la possibilit\u00e0 di uscire casualmente o inviare messaggi sexy senza doversi preoccupare di nient&#8217;altro. Ci sono anche alcune app che ti consentono di fare entrambe le cose: inviare messaggi cattivi mentre scatti anche foto e video di te stesso. Ecco le nostre app preferite per appuntamenti e collegamenti!<\/p>\n<p>Le migliori app offrono discrezione, privacy e una comunit\u00e0 di persone che la pensano allo stesso modo. Sono facili da usare e ti permettono di esprimerti senza paura di essere giudicato. Scoprirai cosa funziona meglio per te.<\/p>\n<h3>OkCupido<\/h3>\n<p>OKCupid \u00e8 una di quelle app che rende facile trovare l&#8217;amore online. Se stai cercando una relazione, OKCupid \u00e8 un ottimo punto di partenza. Non devi nemmeno pagare nulla per utilizzare il sito; tuttavia, ci sono alcune funzionalit\u00e0 premium che puoi acquistare per rendere le cose pi\u00f9 facili.<\/p>\n<p>L&#8217;app funziona in modo molto simile a Tinder, dove scorri verso sinistra o destra a seconda che tu voglia uscire con qualcuno o meno. Tuttavia, a differenza di Tinder, OKCupid ti consente di personalizzare il tuo profilo e compilare molte domande su di te. In questo modo, puoi dire al mondo qualcosa di te stesso senza doverti preoccupare di ci\u00f2 che pensano gli altri.<\/p>\n<p>Una volta compilato il tuo profilo, riceverai messaggi da persone che hanno interessi e risposte simili ai tuoi. Quando ti piace il profilo di una persona, lei lo sapr\u00e0 e viceversa.<\/p>\n<p>Puoi anche inviare regali virtuali alle persone che ti piacciono. Questi regali costano denaro, ma ti danno la possibilit\u00e0 di mostrare la tua personalit\u00e0. Puoi acquistare carte regalo per Amazon, Starbucks, Sephora, iTunes, ecc. E ogni carta costa ovunque da $ 5 a $ 25.<\/p>\n<p>Se decidi di eseguire l&#8217;aggiornamento a OKCupid Plus, avrai accesso a tonnellate di funzionalit\u00e0 extra. Ad esempio, puoi visualizzare i profili di tutti quelli che ti sono piaciuti, oltre a chiunque altro ti abbia apprezzato. C&#8217;\u00e8 anche una funzione chiamata &#8220;Mi piace&#8221;, che ti consente di vedere quante volte le persone ti hanno apprezzato. Questo ti aiuta a capire se dovresti o meno contattarli di nuovo.<\/p>\n<p>Infine, puoi filtrare le tue corrispondenze in base a posizione, et\u00e0, distanza, religione, etnia, orientamento sessuale, altezza, peso, livello di istruzione, occupazione, reddito, stato di fumo, abitudini di consumo, tendenze politiche, stato civile, numero di figli e altro ancora.<\/p>\n<h3>Cardine<\/h3>\n<p>L&#8217;app di appuntamenti Hinge \u00e8 stata lanciata nel 2013, offrendo un modo semplice per incontrare persone basate su amici comuni. Oggi, Hinge \u00e8 uno dei pi\u00f9 grandi social network per trovare date. In effetti, \u00e8 diventata una destinazione cos\u00ec popolare per i single in cerca di amore che ora ha la sua app standalone, chiamata Hinge.<\/p>\n<p>A differenza di molte altre app di appuntamenti, Hinge non richiede agli utenti di compilare lunghi questionari su se stessi: pone solo alcune domande su come hai incontrato il tuo migliore amico e quali tipi di cose sei interessato a fare insieme. Per aiutarti a restringere le opzioni, il sito utilizza algoritmi per suggerire corrispondenze in base ai tuoi interessi.<\/p>\n<p>Ma mentre l&#8217;algoritmo di Hinge potrebbe avere senso per coloro che cercano di trovare qualcuno con cui fare escursioni o qualcuno con cui guardare Game of Thrones, non sempre funziona bene per tutti gli altri. E poich\u00e9 non ci sono filtri oltre il sesso, la fascia d&#8217;et\u00e0, la posizione e se preferisci vivere da solo o con i coinquilini, l&#8217;app pu\u00f2 sembrare piuttosto impersonale.<\/p>\n<p>Ecco perch\u00e9 la nuova funzionalit\u00e0 di Hinge, chiamata Matching, \u00e8 cos\u00ec fantastica. Con Matching, puoi scegliere di apparire nella sezione Hinge della tua citt\u00e0, dove vedrai un elenco di persone nelle vicinanze che stanno anche cercando un partner. Quando tocchi il profilo di qualcuno, vedrai una sua foto insieme al suo nome, indirizzo email, numero di telefono e una piccola descrizione di ci\u00f2 che fanno per vivere.<\/p>\n<p>Se vuoi chattare con qualcuno, puoi inviargli un messaggio o chiamarlo direttamente. Se decidi di iniziare a chattare, puoi continuare la conversazione tramite chat di testo o video. Ma anche senza messaggi, puoi comunque vedere i profili degli altri e parlare di tutto ci\u00f2 che vuoi.<\/p>\n<p>Puoi utilizzare Hinge gratuitamente, ma se vuoi sbloccare tutte le funzionalit\u00e0, inclusi i Mi piace illimitati, dovrai pagare $ 19.99 al mese o $ 119.88 all&#8217;anno.<\/p>\n<h3>Bumble<\/h3>\n<p>L&#8217;app si chiama Bumble ed \u00e8 progettata specificamente per le persone che cercano l&#8217;amore. Ma ci\u00f2 che rende Bumble unico \u00e8 il modo in cui opera. Piuttosto che avere uomini che iniziano il contatto con le donne, le donne devono farlo. Se a una donna piace qualcuno, invia una &#8220;richiesta di corrispondenza&#8221;. Gli uomini ricevono le richieste e hanno 24 ore per rispondere. Se non si verifica alcuna risposta, la partita termina.<\/p>\n<p>Fin qui, tutto normale. Ma c&#8217;\u00e8 una grande differenza: quando una donna risponde a una richiesta di corrispondenza, pu\u00f2 scegliere se continuare o meno a parlare con la persona. Pu\u00f2 accettare o rifiutare la richiesta di corrispondenza. Se lei accetta, la conversazione continua. Se rifiuta, la conversazione finisce.<\/p>\n<p>In questo modo, le donne sono sempre incaricate di avviare conversazioni. Hanno il controllo completo sul ritmo della relazione. Questo d\u00e0 alle donne un sacco di potere, ma significa anche che gli uomini non possono inviare messaggi alle donne a meno che non siano stati abbinati. In effetti, se un uomo cerca di inviare messaggi a una donna senza che gli venga chiesto, verr\u00e0 immediatamente respinto.<\/p>\n<p>Se una donna vuole parlare con un ragazzo, deve semplicemente inviargli una richiesta di corrispondenza. Riceve la richiesta e pu\u00f2 decidere se rispondere o meno. Se accetta, inizia la conversazione. Se rifiuta, la conversazione finisce. Non ci sono regole su quanto dovrebbe durare una conversazione e le donne possono terminare una conversazione ogni volta che vogliono.<\/p>\n<p>Naturalmente, questa non \u00e8 solo una cosa femminile. Chiunque pu\u00f2 usare Bumble. Puoi registrarti per un account gratuito e la messaggistica \u00e8 completamente sbloccata. Tuttavia, gli account premium offrono ulteriori vantaggi, tra cui messaggi illimitati e accesso a funzionalit\u00e0 esclusive.<\/p>\n<p>Oltre alle funzionalit\u00e0 di base, Bumble offre diversi livelli di iscrizione. Questi includono tre piani a pagamento, che vanno da $ 4 al mese a $ 10 al mese. Ogni piano sblocca determinate funzionalit\u00e0 a seconda del livello selezionato. Come ci si aspetterebbe, le opzioni pi\u00f9 costose sbloccano pi\u00f9 funzionalit\u00e0.<\/p>\n<p>Ad esempio, l&#8217;opzione $ 5 \/ mese include messaggi illimitati, mentre il piano $ 8 \/ mese sblocca Mi piace e commenti illimitati. Entrambe le versioni dell&#8217;app consentono agli utenti di sfogliare i profili in modo anonimo, ma la versione da $ 10 \/ mese consente alle persone di visualizzare le informazioni complete del profilo degli altri.<\/p>\n<p>Puoi leggere di pi\u00f9 sulle differenze tra i diversi livelli di appartenenza qui.<\/p>\n","protected":false},"excerpt":{"rendered":"<p>Siti e app di incontri gratuiti sono qui per rimanere. Sono diventati molto pi\u00f9 sicuri e pi\u00f9 facili da usare rispetto ai siti di incontri tradizionali come Match.com e OkCupid. E mentre aspettiamo che la pandemia finisca, molte persone continuano&hellip; <a href=\"https:\/\/winterfylleth.co.uk\/it\/\" class=\"more-link\">Continue Reading <span class=\"meta-nav\">&rarr;<\/span><\/a><\/p>\n","protected":false},"author":1,"featured_media":63,"parent":0,"menu_order":0,"comment_status":"closed","ping_status":"closed","template":"","meta":[],"yoast_head":"<!-- This site is optimized with the Yoast SEO plugin v17.7.1 - https:\/\/yoast.com\/wordpress\/plugins\/seo\/ -->\n<title>Incontri personali reali - Online Personals<\/title>\n<meta name=\"robots\" content=\"index, follow, max-snippet:-1, max-image-preview:large, max-video-preview:-1\" \/>\n<link rel=\"canonical\" href=\"https:\/\/winterfylleth.co.uk\/it\/\" \/>\n<meta property=\"og:locale\" content=\"it_IT\" \/>\n<meta property=\"og:type\" content=\"article\" \/>\n<meta property=\"og:title\" content=\"Incontri personali reali - Online Personals\" \/>\n<meta property=\"og:description\" content=\"Siti e app di incontri gratuiti sono qui per rimanere. Sono diventati molto pi\u00f9 sicuri e pi\u00f9 facili da usare rispetto ai siti di incontri tradizionali come Match.com e OkCupid. E mentre aspettiamo che la pandemia finisca, molte persone continuano&hellip; Continue Reading &rarr;\" \/>\n<meta property=\"og:url\" content=\"https:\/\/winterfylleth.co.uk\/it\/\" \/>\n<meta property=\"og:site_name\" content=\"Online Personals\" \/>\n<meta property=\"og:image\" content=\"https:\/\/winterfylleth.co.uk\/wp-content\/uploads\/2022\/09\/real-online-hookup-platforms-dating.jpeg\" \/>\n\t<meta property=\"og:image:width\" content=\"1123\" \/>\n\t<meta property=\"og:image:height\" content=\"750\" \/>\n<meta name=\"twitter:card\" content=\"summary_large_image\" \/>\n<meta name=\"twitter:label1\" content=\"Tempo di lettura stimato\" \/>\n\t<meta name=\"twitter:data1\" content=\"7 minuti\" \/>\n<script type=\"application\/ld+json\" class=\"yoast-schema-graph\">{\"@context\":\"https:\/\/schema.org\",\"@graph\":[{\"@type\":\"WebSite\",\"@id\":\"https:\/\/winterfylleth.co.uk\/#website\",\"url\":\"https:\/\/winterfylleth.co.uk\/\",\"name\":\"Online Personals\",\"description\":\"Hookups With Singles\",\"potentialAction\":[{\"@type\":\"SearchAction\",\"target\":{\"@type\":\"EntryPoint\",\"urlTemplate\":\"https:\/\/winterfylleth.co.uk\/?s={search_term_string}\"},\"query-input\":\"required name=search_term_string\"}],\"inLanguage\":\"it-IT\"},{\"@type\":\"ImageObject\",\"@id\":\"https:\/\/winterfylleth.co.uk\/it\/#primaryimage\",\"inLanguage\":\"it-IT\",\"url\":\"https:\/\/winterfylleth.co.uk\/wp-content\/uploads\/2022\/09\/real-online-hookup-platforms-dating.jpeg\",\"contentUrl\":\"https:\/\/winterfylleth.co.uk\/wp-content\/uploads\/2022\/09\/real-online-hookup-platforms-dating.jpeg\",\"width\":1123,\"height\":750},{\"@type\":\"WebPage\",\"@id\":\"https:\/\/winterfylleth.co.uk\/it\/#webpage\",\"url\":\"https:\/\/winterfylleth.co.uk\/it\/\",\"name\":\"Incontri personali reali - Online Personals\",\"isPartOf\":{\"@id\":\"https:\/\/winterfylleth.co.uk\/#website\"},\"primaryImageOfPage\":{\"@id\":\"https:\/\/winterfylleth.co.uk\/it\/#primaryimage\"},\"datePublished\":\"2022-09-05T13:30:30+00:00\",\"dateModified\":\"2022-09-05T13:30:30+00:00\",\"breadcrumb\":{\"@id\":\"https:\/\/winterfylleth.co.uk\/it\/#breadcrumb\"},\"inLanguage\":\"it-IT\",\"potentialAction\":[{\"@type\":\"ReadAction\",\"target\":[\"https:\/\/winterfylleth.co.uk\/it\/\"]}]},{\"@type\":\"BreadcrumbList\",\"@id\":\"https:\/\/winterfylleth.co.uk\/it\/#breadcrumb\",\"itemListElement\":[{\"@type\":\"ListItem\",\"position\":1,\"name\":\"Home\",\"item\":\"https:\/\/winterfylleth.co.uk\/it\/\"},{\"@type\":\"ListItem\",\"position\":2,\"name\":\"Incontri personali reali\"}]}]}<\/script>\n<!-- \/ Yoast SEO plugin. -->","yoast_head_json":{"title":"Incontri personali reali - Online Personals","robots":{"index":"index","follow":"follow","max-snippet":"max-snippet:-1","max-image-preview":"max-image-preview:large","max-video-preview":"max-video-preview:-1"},"canonical":"https:\/\/winterfylleth.co.uk\/it\/","og_locale":"it_IT","og_type":"article","og_title":"Incontri personali reali - Online Personals","og_description":"Siti e app di incontri gratuiti sono qui per rimanere. Sono diventati molto pi\u00f9 sicuri e pi\u00f9 facili da usare rispetto ai siti di incontri tradizionali come Match.com e OkCupid. E mentre aspettiamo che la pandemia finisca, molte persone continuano&hellip; Continue Reading &rarr;","og_url":"https:\/\/winterfylleth.co.uk\/it\/","og_site_name":"Online Personals","og_image":[{"width":1123,"height":750,"url":"https:\/\/winterfylleth.co.uk\/wp-content\/uploads\/2022\/09\/real-online-hookup-platforms-dating.jpeg","type":"image\/jpeg"}],"twitter_card":"summary_large_image","twitter_misc":{"Tempo di lettura stimato":"7 minuti"},"schema":{"@context":"https:\/\/schema.org","@graph":[{"@type":"WebSite","@id":"https:\/\/winterfylleth.co.uk\/#website","url":"https:\/\/winterfylleth.co.uk\/","name":"Online Personals","description":"Hookups With Singles","potentialAction":[{"@type":"SearchAction","target":{"@type":"EntryPoint","urlTemplate":"https:\/\/winterfylleth.co.uk\/?s={search_term_string}"},"query-input":"required name=search_term_string"}],"inLanguage":"it-IT"},{"@type":"ImageObject","@id":"https:\/\/winterfylleth.co.uk\/it\/#primaryimage","inLanguage":"it-IT","url":"https:\/\/winterfylleth.co.uk\/wp-content\/uploads\/2022\/09\/real-online-hookup-platforms-dating.jpeg","contentUrl":"https:\/\/winterfylleth.co.uk\/wp-content\/uploads\/2022\/09\/real-online-hookup-platforms-dating.jpeg","width":1123,"height":750},{"@type":"WebPage","@id":"https:\/\/winterfylleth.co.uk\/it\/#webpage","url":"https:\/\/winterfylleth.co.uk\/it\/","name":"Incontri personali reali - Online Personals","isPartOf":{"@id":"https:\/\/winterfylleth.co.uk\/#website"},"primaryImageOfPage":{"@id":"https:\/\/winterfylleth.co.uk\/it\/#primaryimage"},"datePublished":"2022-09-05T13:30:30+00:00","dateModified":"2022-09-05T13:30:30+00:00","breadcrumb":{"@id":"https:\/\/winterfylleth.co.uk\/it\/#breadcrumb"},"inLanguage":"it-IT","potentialAction":[{"@type":"ReadAction","target":["https:\/\/winterfylleth.co.uk\/it\/"]}]},{"@type":"BreadcrumbList","@id":"https:\/\/winterfylleth.co.uk\/it\/#breadcrumb","itemListElement":[{"@type":"ListItem","position":1,"name":"Home","item":"https:\/\/winterfylleth.co.uk\/it\/"},{"@type":"ListItem","position":2,"name":"Incontri personali reali"}]}]}},"_links":{"self":[{"href":"https:\/\/winterfylleth.co.uk\/it\/wp-json\/wp\/v2\/pages\/111"}],"collection":[{"href":"https:\/\/winterfylleth.co.uk\/it\/wp-json\/wp\/v2\/pages"}],"about":[{"href":"https:\/\/winterfylleth.co.uk\/it\/wp-json\/wp\/v2\/types\/page"}],"author":[{"embeddable":true,"href":"https:\/\/winterfylleth.co.uk\/it\/wp-json\/wp\/v2\/users\/1"}],"replies":[{"embeddable":true,"href":"https:\/\/winterfylleth.co.uk\/it\/wp-json\/wp\/v2\/comments?post=111"}],"version-history":[{"count":0,"href":"https:\/\/winterfylleth.co.uk\/it\/wp-json\/wp\/v2\/pages\/111\/revisions"}],"wp:featuredmedia":[{"embeddable":true,"href":"https:\/\/winterfylleth.co.uk\/it\/wp-json\/wp\/v2\/media\/63"}],"wp:attachment":[{"href":"https:\/\/winterfylleth.co.uk\/it\/wp-json\/wp\/v2\/media?parent=111"}],"curies":[{"name":"wp","href":"https:\/\/api.w.org\/{rel}","templated":true}]}}