{"id":106,"date":"2022-09-05T14:30:30","date_gmt":"2022-09-05T13:30:30","guid":{"rendered":"http:\/\/winterfylleth.co.uk\/prawdziwe-osobistosci-randkowe\/"},"modified":"2022-09-05T14:30:30","modified_gmt":"2022-09-05T13:30:30","slug":"prawdziwe-osobistosci-randkowe","status":"publish","type":"page","link":"https:\/\/winterfylleth.co.uk\/pl\/","title":{"rendered":"Prawdziwe osobisto\u015bci randkowe"},"content":{"rendered":"<p>Darmowe serwisy randkowe i aplikacje s\u0105 tutaj, aby pozosta\u0107. Sta\u0142y si\u0119 znacznie bezpieczniejsze i \u0142atwiejsze w u\u017cyciu ni\u017c tradycyjne serwisy randkowe, takie jak Match.com i OkCupid. I podczas gdy czekamy na koniec pandemii, wiele os\u00f3b nadal spotyka si\u0119 za po\u015brednictwem platform internetowych.<\/p>\n<p>Podczas gdy COVID spowolni\u0142 fizyczne spotkania, randki online i dopasowywanie trwaj\u0105 z pe\u0142n\u0105 pr\u0119dko\u015bci\u0105. To dlatego, \u017ce darmowe randki pomagaj\u0105 znale\u017a\u0107 kochank\u00f3w, d\u0142ugotrwa\u0142e zwi\u0105zki, przyja\u017anie, koneksje, a nawet przelotne flirty &#8211; wszystko bez p\u0142acenia ani grosza.<\/p>\n<p>Je\u015bli jeste\u015b nowy na scenie darmowych randek i nie wiesz, od czego zacz\u0105\u0107, ten przewodnik jest dla Ciebie. Oto 4 najlepsze darmowe serwisy randkowe i aplikacje ju\u017c teraz. Dowiesz si\u0119, dlaczego s\u0105 popularne, co czyni je wyj\u0105tkowymi i jak najlepiej wykorzysta\u0107 ka\u017cdy z nich.<\/p>\n<h2>Lista personali\u00f3w do seksu<\/h2>\n<p>Przygotowali\u015bmy list\u0119 najlepszych aplikacji randkowych dla os\u00f3b poszukuj\u0105cych mi\u0142o\u015bci, romansu, przypadkowego seksu, po\u0142\u0105cze\u0144, przyja\u017ani lub po prostu zabawy. S\u0105 to obecnie najpopularniejsze aplikacje randkowe i b\u0119d\u0105 ewoluowa\u0107 w ci\u0105gu nast\u0119pnej dekady.<\/p>\n<p>Je\u015bli chcesz znale\u017a\u0107 kogo\u015b do tej pory, zacznij od podstaw i u\u017cyj aplikacji, kt\u00f3ra pasuje do tego, czego szukasz. Istnieje wiele kategorii aplikacji randkowych, w tym te zaprojektowane specjalnie dla queerowych singli, te koncentruj\u0105ce si\u0119 na zwi\u0105zkach na odleg\u0142o\u015b\u0107, a nawet aplikacje dla os\u00f3b, kt\u00f3re identyfikuj\u0105 si\u0119 jako poliamoryczne.<\/p>\n<h2>Jak dzia\u0142aj\u0105 randki na stronach osobistych?<\/h2>\n<p>Istnieje wiele aplikacji, kt\u00f3re oferuj\u0105 mo\u017cliwo\u015b\u0107 przypadkowego randkowania lub wysy\u0142ania seksownych TEKST\u00d3W bez martwienia si\u0119 o nic innego. Istniej\u0105 nawet aplikacje, kt\u00f3re pozwalaj\u0105 robi\u0107 oba &#8211; wysy\u0142a\u0107 niegrzeczne wiadomo\u015bci, jednocze\u015bnie robi\u0105c sobie zdj\u0119cia i filmy. Oto nasze ulubione aplikacje do randek i pod\u0142\u0105czania!<\/p>\n<p>Najlepsze aplikacje oferuj\u0105 dyskrecj\u0119, prywatno\u015b\u0107 i spo\u0142eczno\u015b\u0107 podobnie my\u015bl\u0105cych ludzi. S\u0105 \u0142atwe w u\u017cyciu i pozwalaj\u0105 wyrazi\u0107 siebie bez obawy, \u017ce zostaniesz os\u0105dzony. Dowiesz si\u0119, co dzia\u0142a najlepiej dla Ciebie.<\/p>\n<h3>OkCupid<\/h3>\n<p>OKCupid to jedna z tych aplikacji, kt\u00f3re u\u0142atwiaj\u0105 znalezienie mi\u0142o\u015bci w Internecie. Je\u015bli szukasz zwi\u0105zku, OKCupid to \u015bwietne miejsce na rozpocz\u0119cie. Nie musisz nawet nic p\u0142aci\u0107, aby korzysta\u0107 z witryny; istniej\u0105 jednak pewne funkcje premium, kt\u00f3re mo\u017cna kupi\u0107, aby u\u0142atwi\u0107 sobie prac\u0119.<\/p>\n<p>Aplikacja dzia\u0142a podobnie jak Tinder, gdzie przesuwasz palcem w lewo lub w prawo w zale\u017cno\u015bci od tego, czy chcesz z kim\u015b wyj\u015b\u0107, czy nie. Jednak w przeciwie\u0144stwie do Tindera, OKCupid pozwala dostosowa\u0107 sw\u00f3j profil i wype\u0142ni\u0107 wiele pyta\u0144 na sw\u00f3j temat. W ten spos\u00f3b mo\u017cesz powiedzie\u0107 \u015bwiatu co\u015b o sobie, nie martwi\u0105c si\u0119 o to, co my\u015bl\u0105 inni.<\/p>\n<p>Po wype\u0142nieniu profilu b\u0119dziesz otrzymywa\u0107 wiadomo\u015bci od os\u00f3b, kt\u00f3re maj\u0105 podobne zainteresowania i odpowiedzi do Twoich. Kiedy polubisz profil danej osoby, b\u0119dzie ona wiedzia\u0142a i odwrotnie.<\/p>\n<p>Mo\u017cesz tak\u017ce wysy\u0142a\u0107 wirtualne prezenty do os\u00f3b, kt\u00f3re lubisz. Te prezenty kosztuj\u0105, ale daj\u0105 ci szans\u0119 na pokazanie swojej osobowo\u015bci. Mo\u017cesz kupi\u0107 karty podarunkowe dla Amazon, Starbucks, Sephora, iTunes itp., A ka\u017cda karta kosztuje od 5 do 25 USD.<\/p>\n<p>Je\u015bli zdecydujesz si\u0119 na aktualizacj\u0119 do OKCupid Plus, uzyskasz dost\u0119p do mn\u00f3stwa dodatkowych funkcji. Na przyk\u0142ad mo\u017cesz wy\u015bwietli\u0107 profile wszystkich os\u00f3b, kt\u00f3re Ci si\u0119 podoba\u0142y, a tak\u017ce wszystkich innych os\u00f3b, kt\u00f3re Ci\u0119 polubi\u0142y. Istnieje r\u00f3wnie\u017c funkcja o nazwie &#8222;Polubienia&#8221;, kt\u00f3ra pozwala zobaczy\u0107, ile razy ludzie Ci\u0119 polubili. Pomaga to dowiedzie\u0107 si\u0119, czy powiniene\u015b ponownie si\u0119 z nimi skontaktowa\u0107.<\/p>\n<p>Na koniec mo\u017cesz filtrowa\u0107 swoje mecze na podstawie lokalizacji, wieku, odleg\u0142o\u015bci, religii, pochodzenia etnicznego, orientacji seksualnej, wzrostu, wagi, poziomu wykszta\u0142cenia, zawodu, dochodu, statusu palenia, nawyk\u00f3w picia, sk\u0142onno\u015bci politycznych, stanu cywilnego, liczby dzieci i innych.<\/p>\n<h3>Zawias<\/h3>\n<p>Aplikacja randkowa Hinge zosta\u0142a uruchomiona w 2013 roku, oferuj\u0105c prosty spos\u00f3b na poznanie ludzi w oparciu o wsp\u00f3lnych przyjaci\u00f3\u0142. Dzi\u015b Hinge jest jedn\u0105 z najwi\u0119kszych sieci spo\u0142eczno\u015bciowych do wyszukiwania dat. W rzeczywisto\u015bci sta\u0142 si\u0119 tak popularnym miejscem dla singli szukaj\u0105cych mi\u0142o\u015bci, \u017ce ma teraz w\u0142asn\u0105 samodzieln\u0105 aplikacj\u0119 o nazwie Hinge.<\/p>\n<p>W przeciwie\u0144stwie do wielu innych aplikacji randkowych, Hinge nie wymaga od u\u017cytkownik\u00f3w wype\u0142niania d\u0142ugich kwestionariuszy na sw\u00f3j temat &#8211; zadaje tylko kilka pyta\u0144 o to, jak pozna\u0142e\u015b swojego najlepszego przyjaciela i jakie rzeczy chcesz robi\u0107 razem. Aby pom\u00f3c Ci zaw\u0119zi\u0107 opcje, witryna u\u017cywa algorytm\u00f3w do sugerowania dopasowa\u0144 na podstawie Twoich zainteresowa\u0144.<\/p>\n<p>Ale chocia\u017c algorytm Hinge&#8217;a mo\u017ce mie\u0107 sens dla tych, kt\u00f3rzy pr\u00f3buj\u0105 znale\u017a\u0107 kogo\u015b, z kim mo\u017cna w\u0119drowa\u0107 lub kogo\u015b, z kim mo\u017cna obejrze\u0107 Gr\u0119 o tron, nie zawsze dzia\u0142a dobrze dla wszystkich innych. A poniewa\u017c nie ma filtr\u00f3w poza p\u0142ci\u0105, przedzia\u0142em wiekowym, lokalizacj\u0105 i tym, czy wolisz mieszka\u0107 sam, czy ze wsp\u00f3\u0142lokatorami, aplikacja mo\u017ce wydawa\u0107 si\u0119 do\u015b\u0107 bezosobowa.<\/p>\n<p>Dlatego najnowsza funkcja Hinge, zwana dopasowywaniem, jest tak \u015bwietna. Dzi\u0119ki dopasowywaniu mo\u017cesz wybra\u0107 wy\u015bwietlanie w sekcji Zawiasy w swoim mie\u015bcie, gdzie zobaczysz list\u0119 os\u00f3b w pobli\u017cu, kt\u00f3re r\u00f3wnie\u017c szukaj\u0105 partnera. Gdy dotkniesz profilu innej osoby, zobaczysz jej zdj\u0119cie wraz z imieniem i nazwiskiem, adresem e-mail, numerem telefonu i ma\u0142ym opisem tego, co robi\u0105 dla \u017cycia.<\/p>\n<p>Je\u015bli chcesz z kim\u015b porozmawia\u0107, mo\u017cesz wys\u0142a\u0107 mu SMS-a lub zadzwoni\u0107 bezpo\u015brednio. Je\u015bli zdecydujesz si\u0119 rozpocz\u0105\u0107 rozmow\u0119, mo\u017cesz kontynuowa\u0107 rozmow\u0119 za pomoc\u0105 czatu tekstowego lub wideo. Ale nawet bez wiadomo\u015bci nadal mo\u017cesz widzie\u0107 swoje profile i rozmawia\u0107 o wszystkim, co chcesz.<\/p>\n<p>Mo\u017cesz korzysta\u0107 z Hinge za darmo, ale je\u015bli chcesz odblokowa\u0107 wszystkie funkcje, w tym nieograniczon\u0105 liczb\u0119 polubie\u0144, musisz zap\u0142aci\u0107 19,99 USD miesi\u0119cznie lub 119,88 USD rocznie.<\/p>\n<h3>Bumble<\/h3>\n<p>Aplikacja nazywa si\u0119 Bumble i zosta\u0142a zaprojektowana specjalnie dla os\u00f3b szukaj\u0105cych mi\u0142o\u015bci. Ale to, co czyni Bumble wyj\u0105tkowym, to spos\u00f3b, w jaki dzia\u0142a. Zamiast zmusza\u0107 m\u0119\u017cczyzn do inicjowania kontaktu z kobietami, kobiety musz\u0105 to robi\u0107. Je\u015bli kobieta kogo\u015b lubi, wysy\u0142a &#8222;pro\u015bb\u0119 o dopasowanie&#8221;. M\u0119\u017cczy\u017ani otrzymuj\u0105 pro\u015bby i maj\u0105 24 godziny na odpowied\u017a. Je\u015bli nie dojdzie do odpowiedzi, mecz si\u0119 zako\u0144czy.<\/p>\n<p>Jak dot\u0105d, tak normalnie. Ale jest jedna wielka r\u00f3\u017cnica: kiedy kobieta odpowiada na pro\u015bb\u0119 o dopasowanie, mo\u017ce wybra\u0107, czy kontynuowa\u0107 rozmow\u0119 z t\u0105 osob\u0105. Mo\u017ce zaakceptowa\u0107 lub odrzuci\u0107 pro\u015bb\u0119 o dopasowanie. Je\u015bli zaakceptuje, rozmowa b\u0119dzie kontynuowana. Je\u015bli odrzuci, rozmowa si\u0119 ko\u0144czy.<\/p>\n<p>W ten spos\u00f3b kobiety s\u0105 zawsze odpowiedzialne za inicjowanie rozm\u00f3w. Maj\u0105 pe\u0142n\u0105 kontrol\u0119 nad tempem zwi\u0105zku. Daje to kobietom du\u017c\u0105 w\u0142adz\u0119, ale oznacza r\u00f3wnie\u017c, \u017ce m\u0119\u017cczy\u017ani nie mog\u0105 wysy\u0142a\u0107 wiadomo\u015bci do kobiet, chyba \u017ce zosta\u0142y dopasowane. W rzeczywisto\u015bci, je\u015bli m\u0119\u017cczyzna spr\u00f3buje wys\u0142a\u0107 wiadomo\u015b\u0107 do kobiety bez pytania, zostanie natychmiast odrzucony.<\/p>\n<p>Je\u015bli kobieta chce porozmawia\u0107 z facetem, po prostu musi wys\u0142a\u0107 mu pro\u015bb\u0119 o dopasowanie. Otrzymuje pro\u015bb\u0119 i mo\u017ce zdecydowa\u0107, czy odpowiedzie\u0107, czy nie. Je\u015bli zaakceptuje, rozpocznie si\u0119 rozmowa. Je\u015bli odm\u00f3wi, rozmowa si\u0119 ko\u0144czy. Nie ma zasad dotycz\u0105cych tego, jak d\u0142ugo powinna trwa\u0107 rozmowa, a kobiety mog\u0105 zako\u0144czy\u0107 rozmow\u0119 w dowolnym momencie.<\/p>\n<p>Oczywi\u015bcie nie jest to tylko kobieca rzecz. Ka\u017cdy mo\u017ce korzysta\u0107 z Bumble. Mo\u017cesz za\u0142o\u017cy\u0107 darmowe konto, a wiadomo\u015bci s\u0105 ca\u0142kowicie odblokowane. Jednak konta premium oferuj\u0105 dodatkowe korzy\u015bci, w tym nieograniczon\u0105 liczb\u0119 wiadomo\u015bci i dost\u0119p do ekskluzywnych funkcji.<\/p>\n<p>Opr\u00f3cz podstawowych funkcji, Bumble oferuje kilka r\u00f3\u017cnych poziom\u00f3w cz\u0142onkostwa. Obejmuj\u0105 one trzy p\u0142atne plany, od 4 USD miesi\u0119cznie do 10 USD miesi\u0119cznie. Ka\u017cdy plan odblokowuje okre\u015blone funkcje w zale\u017cno\u015bci od wybranego poziomu. Jak mo\u017cna si\u0119 spodziewa\u0107, dro\u017csze opcje odblokowuj\u0105 wi\u0119cej funkcji.<\/p>\n<p>Na przyk\u0142ad opcja $ 5 \/ miesi\u0105c obejmuje nieograniczon\u0105 liczb\u0119 wiadomo\u015bci, podczas gdy plan $ 8 \/ miesi\u0105c odblokowuje nieograniczon\u0105 liczb\u0119 polubie\u0144 i komentarzy. Obie wersje aplikacji umo\u017cliwiaj\u0105 u\u017cytkownikom anonimowe przegl\u0105danie profili, ale wersja o warto\u015bci 10 USD \/ miesi\u0105c pozwala ludziom przegl\u0105da\u0107 nawzajem pe\u0142ne informacje o profilu.<\/p>\n<p>Mo\u017cesz przeczyta\u0107 wi\u0119cej o r\u00f3\u017cnicach mi\u0119dzy r\u00f3\u017cnymi poziomami cz\u0142onkostwa tutaj.<\/p>\n","protected":false},"excerpt":{"rendered":"<p>Darmowe serwisy randkowe i aplikacje s\u0105 tutaj, aby pozosta\u0107. Sta\u0142y si\u0119 znacznie bezpieczniejsze i \u0142atwiejsze w u\u017cyciu ni\u017c tradycyjne serwisy randkowe, takie jak Match.com i OkCupid. I podczas gdy czekamy na koniec pandemii, wiele os\u00f3b nadal spotyka si\u0119 za po\u015brednictwem&hellip; <a href=\"https:\/\/winterfylleth.co.uk\/pl\/\" class=\"more-link\">Continue Reading <span class=\"meta-nav\">&rarr;<\/span><\/a><\/p>\n","protected":false},"author":1,"featured_media":65,"parent":0,"menu_order":0,"comment_status":"closed","ping_status":"closed","template":"","meta":[],"yoast_head":"<!-- This site is optimized with the Yoast SEO plugin v17.7.1 - https:\/\/yoast.com\/wordpress\/plugins\/seo\/ -->\n<title>Prawdziwe osobisto\u015bci randkowe - Online Personals<\/title>\n<meta name=\"robots\" content=\"index, follow, max-snippet:-1, max-image-preview:large, max-video-preview:-1\" \/>\n<link rel=\"canonical\" href=\"https:\/\/winterfylleth.co.uk\/pl\/\" \/>\n<meta property=\"og:locale\" content=\"pl_PL\" \/>\n<meta property=\"og:type\" content=\"article\" \/>\n<meta property=\"og:title\" content=\"Prawdziwe osobisto\u015bci randkowe - Online Personals\" \/>\n<meta property=\"og:description\" content=\"Darmowe serwisy randkowe i aplikacje s\u0105 tutaj, aby pozosta\u0107. Sta\u0142y si\u0119 znacznie bezpieczniejsze i \u0142atwiejsze w u\u017cyciu ni\u017c tradycyjne serwisy randkowe, takie jak Match.com i OkCupid. I podczas gdy czekamy na koniec pandemii, wiele os\u00f3b nadal spotyka si\u0119 za po\u015brednictwem&hellip; Continue Reading &rarr;\" \/>\n<meta property=\"og:url\" content=\"https:\/\/winterfylleth.co.uk\/pl\/\" \/>\n<meta property=\"og:site_name\" content=\"Online Personals\" \/>\n<meta property=\"og:image\" content=\"https:\/\/winterfylleth.co.uk\/wp-content\/uploads\/2022\/09\/real-online-hookup-platforms-dating.jpeg\" \/>\n\t<meta property=\"og:image:width\" content=\"1123\" \/>\n\t<meta property=\"og:image:height\" content=\"750\" \/>\n<meta name=\"twitter:card\" content=\"summary_large_image\" \/>\n<meta name=\"twitter:label1\" content=\"Szacowany czas czytania\" \/>\n\t<meta name=\"twitter:data1\" content=\"7 minut\" \/>\n<script type=\"application\/ld+json\" class=\"yoast-schema-graph\">{\"@context\":\"https:\/\/schema.org\",\"@graph\":[{\"@type\":\"WebSite\",\"@id\":\"https:\/\/winterfylleth.co.uk\/#website\",\"url\":\"https:\/\/winterfylleth.co.uk\/\",\"name\":\"Online Personals\",\"description\":\"Hookups With Singles\",\"potentialAction\":[{\"@type\":\"SearchAction\",\"target\":{\"@type\":\"EntryPoint\",\"urlTemplate\":\"https:\/\/winterfylleth.co.uk\/?s={search_term_string}\"},\"query-input\":\"required name=search_term_string\"}],\"inLanguage\":\"pl-PL\"},{\"@type\":\"ImageObject\",\"@id\":\"https:\/\/winterfylleth.co.uk\/pl\/#primaryimage\",\"inLanguage\":\"pl-PL\",\"url\":\"https:\/\/winterfylleth.co.uk\/wp-content\/uploads\/2022\/09\/real-online-hookup-platforms-dating.jpeg\",\"contentUrl\":\"https:\/\/winterfylleth.co.uk\/wp-content\/uploads\/2022\/09\/real-online-hookup-platforms-dating.jpeg\",\"width\":1123,\"height\":750},{\"@type\":\"WebPage\",\"@id\":\"https:\/\/winterfylleth.co.uk\/pl\/#webpage\",\"url\":\"https:\/\/winterfylleth.co.uk\/pl\/\",\"name\":\"Prawdziwe osobisto\\u015bci randkowe - Online Personals\",\"isPartOf\":{\"@id\":\"https:\/\/winterfylleth.co.uk\/#website\"},\"primaryImageOfPage\":{\"@id\":\"https:\/\/winterfylleth.co.uk\/pl\/#primaryimage\"},\"datePublished\":\"2022-09-05T13:30:30+00:00\",\"dateModified\":\"2022-09-05T13:30:30+00:00\",\"breadcrumb\":{\"@id\":\"https:\/\/winterfylleth.co.uk\/pl\/#breadcrumb\"},\"inLanguage\":\"pl-PL\",\"potentialAction\":[{\"@type\":\"ReadAction\",\"target\":[\"https:\/\/winterfylleth.co.uk\/pl\/\"]}]},{\"@type\":\"BreadcrumbList\",\"@id\":\"https:\/\/winterfylleth.co.uk\/pl\/#breadcrumb\",\"itemListElement\":[{\"@type\":\"ListItem\",\"position\":1,\"name\":\"Home\",\"item\":\"https:\/\/winterfylleth.co.uk\/pl\/\"},{\"@type\":\"ListItem\",\"position\":2,\"name\":\"Prawdziwe osobisto\\u015bci randkowe\"}]}]}<\/script>\n<!-- \/ Yoast SEO plugin. -->","yoast_head_json":{"title":"Prawdziwe osobisto\u015bci randkowe - Online Personals","robots":{"index":"index","follow":"follow","max-snippet":"max-snippet:-1","max-image-preview":"max-image-preview:large","max-video-preview":"max-video-preview:-1"},"canonical":"https:\/\/winterfylleth.co.uk\/pl\/","og_locale":"pl_PL","og_type":"article","og_title":"Prawdziwe osobisto\u015bci randkowe - Online Personals","og_description":"Darmowe serwisy randkowe i aplikacje s\u0105 tutaj, aby pozosta\u0107. Sta\u0142y si\u0119 znacznie bezpieczniejsze i \u0142atwiejsze w u\u017cyciu ni\u017c tradycyjne serwisy randkowe, takie jak Match.com i OkCupid. I podczas gdy czekamy na koniec pandemii, wiele os\u00f3b nadal spotyka si\u0119 za po\u015brednictwem&hellip; Continue Reading &rarr;","og_url":"https:\/\/winterfylleth.co.uk\/pl\/","og_site_name":"Online Personals","og_image":[{"width":1123,"height":750,"url":"https:\/\/winterfylleth.co.uk\/wp-content\/uploads\/2022\/09\/real-online-hookup-platforms-dating.jpeg","type":"image\/jpeg"}],"twitter_card":"summary_large_image","twitter_misc":{"Szacowany czas czytania":"7 minut"},"schema":{"@context":"https:\/\/schema.org","@graph":[{"@type":"WebSite","@id":"https:\/\/winterfylleth.co.uk\/#website","url":"https:\/\/winterfylleth.co.uk\/","name":"Online Personals","description":"Hookups With Singles","potentialAction":[{"@type":"SearchAction","target":{"@type":"EntryPoint","urlTemplate":"https:\/\/winterfylleth.co.uk\/?s={search_term_string}"},"query-input":"required name=search_term_string"}],"inLanguage":"pl-PL"},{"@type":"ImageObject","@id":"https:\/\/winterfylleth.co.uk\/pl\/#primaryimage","inLanguage":"pl-PL","url":"https:\/\/winterfylleth.co.uk\/wp-content\/uploads\/2022\/09\/real-online-hookup-platforms-dating.jpeg","contentUrl":"https:\/\/winterfylleth.co.uk\/wp-content\/uploads\/2022\/09\/real-online-hookup-platforms-dating.jpeg","width":1123,"height":750},{"@type":"WebPage","@id":"https:\/\/winterfylleth.co.uk\/pl\/#webpage","url":"https:\/\/winterfylleth.co.uk\/pl\/","name":"Prawdziwe osobisto\u015bci randkowe - Online Personals","isPartOf":{"@id":"https:\/\/winterfylleth.co.uk\/#website"},"primaryImageOfPage":{"@id":"https:\/\/winterfylleth.co.uk\/pl\/#primaryimage"},"datePublished":"2022-09-05T13:30:30+00:00","dateModified":"2022-09-05T13:30:30+00:00","breadcrumb":{"@id":"https:\/\/winterfylleth.co.uk\/pl\/#breadcrumb"},"inLanguage":"pl-PL","potentialAction":[{"@type":"ReadAction","target":["https:\/\/winterfylleth.co.uk\/pl\/"]}]},{"@type":"BreadcrumbList","@id":"https:\/\/winterfylleth.co.uk\/pl\/#breadcrumb","itemListElement":[{"@type":"ListItem","position":1,"name":"Home","item":"https:\/\/winterfylleth.co.uk\/pl\/"},{"@type":"ListItem","position":2,"name":"Prawdziwe osobisto\u015bci randkowe"}]}]}},"_links":{"self":[{"href":"https:\/\/winterfylleth.co.uk\/pl\/wp-json\/wp\/v2\/pages\/106"}],"collection":[{"href":"https:\/\/winterfylleth.co.uk\/pl\/wp-json\/wp\/v2\/pages"}],"about":[{"href":"https:\/\/winterfylleth.co.uk\/pl\/wp-json\/wp\/v2\/types\/page"}],"author":[{"embeddable":true,"href":"https:\/\/winterfylleth.co.uk\/pl\/wp-json\/wp\/v2\/users\/1"}],"replies":[{"embeddable":true,"href":"https:\/\/winterfylleth.co.uk\/pl\/wp-json\/wp\/v2\/comments?post=106"}],"version-history":[{"count":0,"href":"https:\/\/winterfylleth.co.uk\/pl\/wp-json\/wp\/v2\/pages\/106\/revisions"}],"wp:featuredmedia":[{"embeddable":true,"href":"https:\/\/winterfylleth.co.uk\/pl\/wp-json\/wp\/v2\/media\/65"}],"wp:attachment":[{"href":"https:\/\/winterfylleth.co.uk\/pl\/wp-json\/wp\/v2\/media?parent=106"}],"curies":[{"name":"wp","href":"https:\/\/api.w.org\/{rel}","templated":true}]}}