{"id":112,"date":"2022-09-05T14:30:30","date_gmt":"2022-09-05T13:30:30","guid":{"rendered":"http:\/\/winterfylleth.co.uk\/pessoas-reais-de-namoro\/"},"modified":"2022-09-05T14:30:30","modified_gmt":"2022-09-05T13:30:30","slug":"pessoas-reais-de-namoro","status":"publish","type":"page","link":"https:\/\/winterfylleth.co.uk\/pt-pt\/","title":{"rendered":"Pessoas reais de namoro"},"content":{"rendered":"<p>Sites e aplicativos de namoro gratuitos est\u00e3o aqui para ficar. Tornaram-se muito mais seguros e f\u00e1ceis de usar do que sites de encontros tradicionais como Match.com e OkCupid. E enquanto esperamos que a pandemia acabe, muitas pessoas continuam a namorar atrav\u00e9s de plataformas online.<\/p>\n<p>Enquanto o COVID abrandou a reuni\u00e3o f\u00edsica, os encontros online e a correspond\u00eancia continuam a toda a velocidade. Isso \u00e9 porque encontros gratuitos ajudam a encontrar amantes, relacionamentos duradouros, amizades, liga\u00e7\u00f5es e at\u00e9 aventuras fugazes.<\/p>\n<p>Se \u00e9s novo na cena do namoro livre e n\u00e3o sabes por onde come\u00e7ar, este guia \u00e9 para ti. Aqui est\u00e3o os 4 melhores sites e aplicativos de encontros gratuitos neste momento. Vais aprender porque s\u00e3o populares, o que os torna \u00fanicos, e como tirar o m\u00e1ximo partido de cada um.<\/p>\n<h2>Lista de Pessoas Pessoais Para Sexo<\/h2>\n<p>Compilamos uma lista dos melhores aplicativos de encontros para pessoas que procuram amor, romance, sexo casual, encontros, amizade, ou apenas alguma divers\u00e3o. Estas s\u00e3o as aplica\u00e7\u00f5es de namoro mais populares que existem agora, e v\u00e3o continuar a evoluir ao longo da pr\u00f3xima d\u00e9cada.<\/p>\n<p>Se quiser encontrar algu\u00e9m at\u00e9 \u00e0 data, comece pelo b\u00e1sico e use a aplica\u00e7\u00e3o que corresponda ao que procura. Existem muitas categorias de aplica\u00e7\u00f5es de namoro, incluindo as especificamente concebidas para solteiros queer, aquelas focadas em relacionamentos de longa dist\u00e2ncia, e at\u00e9 mesmo aplicativos para pessoas que se identificam como poliamorosos.<\/p>\n<h2>Como \u00e9 que namorar funciona em sites pessoais?<\/h2>\n<p>Existem muitas aplica\u00e7\u00f5es por a\u00ed que oferecem a capacidade de namorar casualmente ou enviar textos sensuais sem ter que se preocupar com qualquer outra coisa. Existem at\u00e9 algumas aplica\u00e7\u00f5es que lhe permitem fazer as duas coisas \u2014 envie mensagens marotas enquanto tamb\u00e9m tira fotos e v\u00eddeos de si mesmo. Aqui est\u00e3o os nossos aplicativos favoritos para namorar e namorar!<\/p>\n<p>As melhores aplica\u00e7\u00f5es oferecem discri\u00e7\u00e3o, privacidade e uma comunidade de pessoas com ideias semelhantes. S\u00e3o f\u00e1ceis de usar e deixam-nos expressar-nos sem medo de ser julgado. Vai descobrir o que funciona melhor para si.<\/p>\n<h3>OkCupid<\/h3>\n<p>OKCupid \u00e9 uma daquelas aplica\u00e7\u00f5es que facilita a procura de amor online. Se procura uma rela\u00e7\u00e3o, okCupid \u00e9 um \u00f3timo lugar para come\u00e7ar. Nem sequer tens de pagar nada para usar o site; no entanto, existem algumas funcionalidades premium que pode comprar para facilitar as coisas.<\/p>\n<p>A aplica\u00e7\u00e3o funciona muito como o Tinder, onde voc\u00ea passa para a esquerda ou para a direita dependendo se voc\u00ea quer sair com algu\u00e9m ou n\u00e3o. No entanto, ao contr\u00e1rio do Tinder, o OKCupid permite-lhe personalizar o seu perfil e preencher muitas perguntas sobre si mesmo. Assim, pode dizer ao mundo algo sobre si mesmo sem ter que se preocupar com o que os outros pensam.<\/p>\n<p>Assim que preencheres o teu perfil, receber\u00e1s mensagens de pessoas que t\u00eam interesses e respostas semelhantes aos teus. Quando se gosta do perfil de uma pessoa, eles saber\u00e3o e vice-versa.<\/p>\n<p>Tamb\u00e9m pode enviar presentes virtuais para pessoas de quem gosta. Estes presentes custam dinheiro, mas d\u00e3o-te a oportunidade de mostrares a tua personalidade. Voc\u00ea pode comprar cart\u00f5es oferta para Amazon, Starbucks, Sephora, iTunes, etc., e cada cart\u00e3o custa entre $5-$25.<\/p>\n<p>Se decidir fazer upgrade para OKCupid Plus, ter\u00e1 acesso a toneladas de funcionalidades extra. Por exemplo, podes ver perfis de toda a gente de quem gostaste, mais qualquer um que tenha gostado de ti. H\u00e1 tamb\u00e9m um recurso chamado &#8220;Likes&#8221;, que permite ver quantas vezes as pessoas gostaram de si. Isto ajuda-te a descobrir se deves ou n\u00e3o contact\u00e1-los novamente.<\/p>\n<p>Finalmente, pode filtrar os seus jogos com base na localiza\u00e7\u00e3o, idade, dist\u00e2ncia, religi\u00e3o, etnia, orienta\u00e7\u00e3o sexual, altura, peso, n\u00edvel de educa\u00e7\u00e3o, ocupa\u00e7\u00e3o, rendimento, estado de fumar, h\u00e1bitos de consumo, inclina\u00e7\u00f5es pol\u00edticas, estado civil, n\u00famero de crian\u00e7as, e muito mais.<\/p>\n<h3>Dobradi\u00e7a<\/h3>\n<p>A app de encontros Hinge foi lan\u00e7ada em 2013, oferecendo uma forma simples de conhecer pessoas baseadas em amigos m\u00fatuos. Hoje, a Hinge \u00e9 uma das maiores redes sociais para encontrar datas. Na verdade, tornou-se um destino t\u00e3o popular para solteiros que procuram amor que agora tem a sua pr\u00f3pria app aut\u00f3noma, chamada Hinge.<\/p>\n<p>Ao contr\u00e1rio de muitas outras aplica\u00e7\u00f5es de encontros, a Hinge n\u00e3o exige que os utilizadores preencham question\u00e1rios longos sobre si mesmos \u2014 apenas faz algumas perguntas sobre como conheceu o seu melhor amigo e que tipo de coisas est\u00e1 interessado em fazer juntos. Para ajud\u00e1-lo a reduzir as suas op\u00e7\u00f5es, o site usa algoritmos para sugerir partidas com base nos seus interesses.<\/p>\n<p>Mas enquanto o algoritmo de Hinge pode fazer sentido para aqueles que tentam encontrar algu\u00e9m com quem fazer caminhadas ou algu\u00e9m com quem assistir Game of Thrones, nem sempre funciona bem para todos os outros. E como n\u00e3o h\u00e1 filtros para al\u00e9m do sexo, faixa et\u00e1ria, localiza\u00e7\u00e3o, e se prefere viver sozinho ou com colegas de quarto, a app pode sentir-se bastante impessoal.<\/p>\n<p>\u00c9 por isso que a nova funcionalidade do Hinge, chamada Matching, \u00e9 t\u00e3o grande. Com o Matching, pode optar por aparecer na sec\u00e7\u00e3o Hinge da sua cidade, onde ver\u00e1 uma lista de pessoas pr\u00f3ximas que tamb\u00e9m est\u00e3o \u00e0 procura de um parceiro. Quando tocar no perfil de algu\u00e9m, ver\u00e1 uma foto deles juntamente com o nome, endere\u00e7o de e-mail, n\u00famero de telefone e uma pequena descri\u00e7\u00e3o do que fazem para viver.<\/p>\n<p>Se quiser conversar com algu\u00e9m, pode enviar-lhe uma mensagem ou ligar-lhe diretamente. Se decidir come\u00e7ar a conversar, pode continuar a conversa atrav\u00e9s de sms ou videochat. Mas mesmo sem mensagens, ainda se pode ver os perfis um do outro e falar sobre o que quiserem.<\/p>\n<p>Pode usar o Hinge gratuitamente, mas se quiser desbloquear todas as funcionalidades, incluindo gostos ilimitados, ter\u00e1 de pagar $19,99 por m\u00eas ou $119.88 por ano.<\/p>\n<h3>Rio Bumble<\/h3>\n<p>A aplica\u00e7\u00e3o chama-se Bumble, e \u00e9 projetada especificamente para pessoas que procuram por amor. Mas o que torna o Bumble \u00fanico \u00e9 como funciona. Em vez de ter homens a iniciar contacto com mulheres, as mulheres devem faz\u00ea-lo. Se uma mulher gosta de algu\u00e9m, envia um &#8220;pedido de correspond\u00eancia&#8221;. Os homens recebem os pedidos e t\u00eam 24 horas para responder. Se n\u00e3o houver resposta, a partida termina.<\/p>\n<p>At\u00e9 agora, t\u00e3o normal. Mas h\u00e1 uma grande diferen\u00e7a: quando uma mulher responde a um pedido de correspond\u00eancia, ela pode escolher se deve ou n\u00e3o continuar a falar com a pessoa. Ela pode aceitar ou rejeitar o pedido de jogo. Se ela aceitar, a conversa continua. Se ela rejeitar, a conversa termina.<\/p>\n<p>Assim, as mulheres est\u00e3o sempre encarregadas de iniciar conversas. Controlam completamente o ritmo da rela\u00e7\u00e3o. Isto d\u00e1 \u00e0s mulheres muito poder, mas tamb\u00e9m significa que os homens n\u00e3o chegam a enviar mensagens \u00e0s mulheres a n\u00e3o ser que tenham sido compat\u00edveis. Na verdade, se um homem tentar enviar uma mensagem a uma mulher sem ser convidado, ser\u00e1 rejeitado imediatamente.<\/p>\n<p>Se uma mulher quer falar com um tipo, precisa de lhe enviar um pedido de correspond\u00eancia. Ele recebe o pedido, e pode decidir se deve ou n\u00e3o responder. Se aceitar, a conversa come\u00e7a. Se ele recusar, a conversa termina. N\u00e3o h\u00e1 regras sobre quanto tempo uma conversa deve demorar, e as mulheres podem terminar uma conversa quando quiserem.<\/p>\n<p>Claro, isto n\u00e3o \u00e9 apenas uma coisa s\u00f3 para mulheres. Qualquer um pode usar o Bumble. Pode inscrever-se numa conta gratuita e as mensagens est\u00e3o completamente desbloqueadas. No entanto, as contas premium oferecem benef\u00edcios adicionais, incluindo mensagens ilimitadas e acesso a funcionalidades exclusivas.<\/p>\n<p>Al\u00e9m das funcionalidades b\u00e1sicas, o Bumble oferece v\u00e1rios n\u00edveis diferentes de ades\u00e3o. Estes incluem tr\u00eas planos pagos, que variam entre $4 por m\u00eas e $10 por m\u00eas. Cada plano desbloqueia certas funcionalidades dependendo do n\u00edvel selecionado. Como seria de esperar, as op\u00e7\u00f5es de pre\u00e7os desbloqueiam mais funcionalidades.<\/p>\n<p>Por exemplo, a op\u00e7\u00e3o $5\/m\u00eas inclui mensagens ilimitadas, enquanto o plano de $8\/m\u00eas desbloqueia gostos e coment\u00e1rios ilimitados. Ambas as vers\u00f5es da aplica\u00e7\u00e3o permitem que os utilizadores naveguem nos perfis de forma an\u00f3nima, mas a vers\u00e3o de $10\/m\u00eas permite que as pessoas vejam as informa\u00e7\u00f5es completas do perfil de cada um.<\/p>\n<p>Pode ler mais sobre as diferen\u00e7as entre os diferentes n\u00edveis de ades\u00e3o aqui.<\/p>\n","protected":false},"excerpt":{"rendered":"<p>Sites e aplicativos de namoro gratuitos est\u00e3o aqui para ficar. Tornaram-se muito mais seguros e f\u00e1ceis de usar do que sites de encontros tradicionais como Match.com e OkCupid. E enquanto esperamos que a pandemia acabe, muitas pessoas continuam a namorar&hellip; <a href=\"https:\/\/winterfylleth.co.uk\/pt-pt\/\" class=\"more-link\">Continue Reading <span class=\"meta-nav\">&rarr;<\/span><\/a><\/p>\n","protected":false},"author":1,"featured_media":66,"parent":0,"menu_order":0,"comment_status":"closed","ping_status":"closed","template":"","meta":[],"yoast_head":"<!-- This site is optimized with the Yoast SEO plugin v17.7.1 - https:\/\/yoast.com\/wordpress\/plugins\/seo\/ -->\n<title>Pessoas reais de namoro - Online Personals<\/title>\n<meta name=\"robots\" content=\"index, follow, max-snippet:-1, max-image-preview:large, max-video-preview:-1\" \/>\n<link rel=\"canonical\" href=\"https:\/\/winterfylleth.co.uk\/pt-pt\/\" \/>\n<meta property=\"og:locale\" content=\"pt_PT\" \/>\n<meta property=\"og:type\" content=\"article\" \/>\n<meta property=\"og:title\" content=\"Pessoas reais de namoro - Online Personals\" \/>\n<meta property=\"og:description\" content=\"Sites e aplicativos de namoro gratuitos est\u00e3o aqui para ficar. Tornaram-se muito mais seguros e f\u00e1ceis de usar do que sites de encontros tradicionais como Match.com e OkCupid. E enquanto esperamos que a pandemia acabe, muitas pessoas continuam a namorar&hellip; Continue Reading &rarr;\" \/>\n<meta property=\"og:url\" content=\"https:\/\/winterfylleth.co.uk\/pt-pt\/\" \/>\n<meta property=\"og:site_name\" content=\"Online Personals\" \/>\n<meta property=\"og:image\" content=\"https:\/\/winterfylleth.co.uk\/wp-content\/uploads\/2022\/09\/real-online-hookup-platforms-dating.jpeg\" \/>\n\t<meta property=\"og:image:width\" content=\"1123\" \/>\n\t<meta property=\"og:image:height\" content=\"750\" \/>\n<meta name=\"twitter:card\" content=\"summary_large_image\" \/>\n<meta name=\"twitter:label1\" content=\"Tempo estimado de leitura\" \/>\n\t<meta name=\"twitter:data1\" content=\"7 minutos\" \/>\n<script type=\"application\/ld+json\" class=\"yoast-schema-graph\">{\"@context\":\"https:\/\/schema.org\",\"@graph\":[{\"@type\":\"WebSite\",\"@id\":\"https:\/\/winterfylleth.co.uk\/#website\",\"url\":\"https:\/\/winterfylleth.co.uk\/\",\"name\":\"Online Personals\",\"description\":\"Hookups With Singles\",\"potentialAction\":[{\"@type\":\"SearchAction\",\"target\":{\"@type\":\"EntryPoint\",\"urlTemplate\":\"https:\/\/winterfylleth.co.uk\/?s={search_term_string}\"},\"query-input\":\"required name=search_term_string\"}],\"inLanguage\":\"pt-PT\"},{\"@type\":\"ImageObject\",\"@id\":\"https:\/\/winterfylleth.co.uk\/pt-pt\/#primaryimage\",\"inLanguage\":\"pt-PT\",\"url\":\"https:\/\/winterfylleth.co.uk\/wp-content\/uploads\/2022\/09\/real-online-hookup-platforms-dating.jpeg\",\"contentUrl\":\"https:\/\/winterfylleth.co.uk\/wp-content\/uploads\/2022\/09\/real-online-hookup-platforms-dating.jpeg\",\"width\":1123,\"height\":750},{\"@type\":\"WebPage\",\"@id\":\"https:\/\/winterfylleth.co.uk\/pt-pt\/#webpage\",\"url\":\"https:\/\/winterfylleth.co.uk\/pt-pt\/\",\"name\":\"Pessoas reais de namoro - Online Personals\",\"isPartOf\":{\"@id\":\"https:\/\/winterfylleth.co.uk\/#website\"},\"primaryImageOfPage\":{\"@id\":\"https:\/\/winterfylleth.co.uk\/pt-pt\/#primaryimage\"},\"datePublished\":\"2022-09-05T13:30:30+00:00\",\"dateModified\":\"2022-09-05T13:30:30+00:00\",\"breadcrumb\":{\"@id\":\"https:\/\/winterfylleth.co.uk\/pt-pt\/#breadcrumb\"},\"inLanguage\":\"pt-PT\",\"potentialAction\":[{\"@type\":\"ReadAction\",\"target\":[\"https:\/\/winterfylleth.co.uk\/pt-pt\/\"]}]},{\"@type\":\"BreadcrumbList\",\"@id\":\"https:\/\/winterfylleth.co.uk\/pt-pt\/#breadcrumb\",\"itemListElement\":[{\"@type\":\"ListItem\",\"position\":1,\"name\":\"Home\",\"item\":\"https:\/\/winterfylleth.co.uk\/pt-pt\/\"},{\"@type\":\"ListItem\",\"position\":2,\"name\":\"Pessoas reais de namoro\"}]}]}<\/script>\n<!-- \/ Yoast SEO plugin. -->","yoast_head_json":{"title":"Pessoas reais de namoro - Online Personals","robots":{"index":"index","follow":"follow","max-snippet":"max-snippet:-1","max-image-preview":"max-image-preview:large","max-video-preview":"max-video-preview:-1"},"canonical":"https:\/\/winterfylleth.co.uk\/pt-pt\/","og_locale":"pt_PT","og_type":"article","og_title":"Pessoas reais de namoro - Online Personals","og_description":"Sites e aplicativos de namoro gratuitos est\u00e3o aqui para ficar. Tornaram-se muito mais seguros e f\u00e1ceis de usar do que sites de encontros tradicionais como Match.com e OkCupid. E enquanto esperamos que a pandemia acabe, muitas pessoas continuam a namorar&hellip; Continue Reading &rarr;","og_url":"https:\/\/winterfylleth.co.uk\/pt-pt\/","og_site_name":"Online Personals","og_image":[{"width":1123,"height":750,"url":"https:\/\/winterfylleth.co.uk\/wp-content\/uploads\/2022\/09\/real-online-hookup-platforms-dating.jpeg","type":"image\/jpeg"}],"twitter_card":"summary_large_image","twitter_misc":{"Tempo estimado de leitura":"7 minutos"},"schema":{"@context":"https:\/\/schema.org","@graph":[{"@type":"WebSite","@id":"https:\/\/winterfylleth.co.uk\/#website","url":"https:\/\/winterfylleth.co.uk\/","name":"Online Personals","description":"Hookups With Singles","potentialAction":[{"@type":"SearchAction","target":{"@type":"EntryPoint","urlTemplate":"https:\/\/winterfylleth.co.uk\/?s={search_term_string}"},"query-input":"required name=search_term_string"}],"inLanguage":"pt-PT"},{"@type":"ImageObject","@id":"https:\/\/winterfylleth.co.uk\/pt-pt\/#primaryimage","inLanguage":"pt-PT","url":"https:\/\/winterfylleth.co.uk\/wp-content\/uploads\/2022\/09\/real-online-hookup-platforms-dating.jpeg","contentUrl":"https:\/\/winterfylleth.co.uk\/wp-content\/uploads\/2022\/09\/real-online-hookup-platforms-dating.jpeg","width":1123,"height":750},{"@type":"WebPage","@id":"https:\/\/winterfylleth.co.uk\/pt-pt\/#webpage","url":"https:\/\/winterfylleth.co.uk\/pt-pt\/","name":"Pessoas reais de namoro - Online Personals","isPartOf":{"@id":"https:\/\/winterfylleth.co.uk\/#website"},"primaryImageOfPage":{"@id":"https:\/\/winterfylleth.co.uk\/pt-pt\/#primaryimage"},"datePublished":"2022-09-05T13:30:30+00:00","dateModified":"2022-09-05T13:30:30+00:00","breadcrumb":{"@id":"https:\/\/winterfylleth.co.uk\/pt-pt\/#breadcrumb"},"inLanguage":"pt-PT","potentialAction":[{"@type":"ReadAction","target":["https:\/\/winterfylleth.co.uk\/pt-pt\/"]}]},{"@type":"BreadcrumbList","@id":"https:\/\/winterfylleth.co.uk\/pt-pt\/#breadcrumb","itemListElement":[{"@type":"ListItem","position":1,"name":"Home","item":"https:\/\/winterfylleth.co.uk\/pt-pt\/"},{"@type":"ListItem","position":2,"name":"Pessoas reais de namoro"}]}]}},"_links":{"self":[{"href":"https:\/\/winterfylleth.co.uk\/pt-pt\/wp-json\/wp\/v2\/pages\/112"}],"collection":[{"href":"https:\/\/winterfylleth.co.uk\/pt-pt\/wp-json\/wp\/v2\/pages"}],"about":[{"href":"https:\/\/winterfylleth.co.uk\/pt-pt\/wp-json\/wp\/v2\/types\/page"}],"author":[{"embeddable":true,"href":"https:\/\/winterfylleth.co.uk\/pt-pt\/wp-json\/wp\/v2\/users\/1"}],"replies":[{"embeddable":true,"href":"https:\/\/winterfylleth.co.uk\/pt-pt\/wp-json\/wp\/v2\/comments?post=112"}],"version-history":[{"count":0,"href":"https:\/\/winterfylleth.co.uk\/pt-pt\/wp-json\/wp\/v2\/pages\/112\/revisions"}],"wp:featuredmedia":[{"embeddable":true,"href":"https:\/\/winterfylleth.co.uk\/pt-pt\/wp-json\/wp\/v2\/media\/66"}],"wp:attachment":[{"href":"https:\/\/winterfylleth.co.uk\/pt-pt\/wp-json\/wp\/v2\/media?parent=112"}],"curies":[{"name":"wp","href":"https:\/\/api.w.org\/{rel}","templated":true}]}}